 {"id":299,"date":"2014-11-26T13:37:21","date_gmt":"2014-11-26T12:37:21","guid":{"rendered":"https:\/\/blogs.univ-tlse2.fr\/archeostraits\/?page_id=299"},"modified":"2014-12-10T11:47:47","modified_gmt":"2014-12-10T10:47:47","slug":"projet-anr","status":"publish","type":"page","link":"https:\/\/blogs.univ-tlse2.fr\/archeostraits\/es\/projet-anr\/","title":{"rendered":"Proyecto"},"content":{"rendered":"<p><\/p>\n<p style=\"text-align: justify\"><strong>ARCHEOSTRAITS<\/strong><strong> \u2013 Espacios protohist\u00f3ricos del Estrecho de Gibraltar: los territorios de la Silla del Papa y de Los Castillejos de Alcorr\u00edn (s. IX-I a.C.). <\/strong><\/p>\n<p style=\"text-align: justify\">Este proyecto tiene como punto de partida las excavaciones realizadas por un equipo hispano-franc\u00e9s y por un equipo hispano-alem\u00e1n en dos de los asentamientos protohist\u00f3ricos m\u00e1s extensos de la orilla norte del Estrecho de Gibraltar, distantes 40 km el uno del otro: La Silla del Papa en Tarifa (C\u00e1diz) y Los Castillejos de Alcorr\u00edn en Manilva (M\u00e1laga). Estos dos importantes yacimientos, fundados en la \u00e9poca de los primeros establecimientos coloniales fenicios en Occidente, controlaban un espacio litoral a pesar de estar alejados de la l\u00ednea de costa propiamente dicha. Ambos suscitan las mismas interrogaciones sobre la estructuraci\u00f3n de los territorios en un entorno geogr\u00e1fico muy compartimentado, as\u00ed como sobre la complementariedad entre recursos pesqueros y agropecuarios. Ambos yacimientos, adem\u00e1s, abrigaron comunidades mixtas, con componentes ind\u00edgenas y semitas.<\/p>\n<p style=\"text-align: center\"><a href=\"https:\/\/blogs.univ-tlse2.fr\/archeostraits\/files\/2014\/12\/Carte_Gibraltar.jpg\"><img loading=\"lazy\" decoding=\"async\" class=\"alignnone  wp-image-565\" src=\"https:\/\/blogs.univ-tlse2.fr\/archeostraits\/files\/2014\/12\/Carte_Gibraltar-300x185.jpg\" alt=\"Gibraltar-2\" width=\"367\" height=\"235\" \/><\/a><\/p>\n<p style=\"text-align: justify\">El objetivo com\u00fan es profundizar en el estudio espacial de estos yacimientos y\u00a0 su entorno: delimitaci\u00f3n precisa del h\u00e1bitat, identificaci\u00f3n de marcadores territoriales (torres, monumentos funerarios), localizaci\u00f3n de necr\u00f3polis, localizaci\u00f3n de canteras, reconstrucci\u00f3n del paleoambiente, evidenciar las relaciones con un emplazamiento portuario, evaluar los recursos agropecuarios y la extensi\u00f3n del \u00e1rea de captaci\u00f3n necesario para su abastecimiento. En otros t\u00e9rminos, se trata de salir del yacimiento propiamente dicho para comprender su\u00a0 inserci\u00f3n en un espacio concreto, teniendo en cuenta, por una parte, los condicionantes del entorno natural y por otra las estrategias desarrolladas por sus habitantes en funci\u00f3n de factores econ\u00f3micos y culturales.<\/p>\n<p style=\"text-align: justify\">Este trabajo se efectuar\u00e1 uniendo geoarqueolog\u00eda y arqueolog\u00eda espacial, en varias escalas, y apoy\u00e1ndose en los m\u00e9todos m\u00e1s avanzados: toma de datos espaciales por sensores colocados sobre un drone y completados por informaci\u00f3n de superficie obtenida v\u00eda m\u00e9todos geof\u00edsicos as\u00ed como por secuencias de perforaciones. Los mismos protocolos de estudio ser\u00e1n aplicados a las dos zonas de estudio, garantizando una colaboraci\u00f3n realmente integrada.<\/p>\n<p>&nbsp;<\/p>","protected":false},"excerpt":{"rendered":"<p>ARCHEOSTRAITS \u2013 Espacios protohist\u00f3ricos del Estrecho de Gibraltar: los territorios de la Silla del Papa y de Los Castillejos de Alcorr\u00edn (s. IX-I a.C.). Este proyecto tiene como punto de partida las excavaciones realizadas por un equipo hispano-franc\u00e9s y por&hellip;<\/p>\n<p class=\"more-link-p\"><a class=\"more-link\" href=\"https:\/\/blogs.univ-tlse2.fr\/archeostraits\/es\/projet-anr\/\">Read more &rarr;<\/a><\/p>\n","protected":false},"author":252,"featured_media":0,"parent":0,"menu_order":0,"comment_status":"closed","ping_status":"closed","template":"","meta":{"footnotes":"","_links_to":"","_links_to_target":""},"class_list":["post-299","page","type-page","status-publish","hentry"],"_links":{"self":[{"href":"https:\/\/blogs.univ-tlse2.fr\/archeostraits\/es\/wp-json\/wp\/v2\/pages\/299","targetHints":{"allow":["GET"]}}],"collection":[{"href":"https:\/\/blogs.univ-tlse2.fr\/archeostraits\/es\/wp-json\/wp\/v2\/pages"}],"about":[{"href":"https:\/\/blogs.univ-tlse2.fr\/archeostraits\/es\/wp-json\/wp\/v2\/types\/page"}],"author":[{"embeddable":true,"href":"https:\/\/blogs.univ-tlse2.fr\/archeostraits\/es\/wp-json\/wp\/v2\/users\/252"}],"replies":[{"embeddable":true,"href":"https:\/\/blogs.univ-tlse2.fr\/archeostraits\/es\/wp-json\/wp\/v2\/comments?post=299"}],"version-history":[{"count":19,"href":"https:\/\/blogs.univ-tlse2.fr\/archeostraits\/es\/wp-json\/wp\/v2\/pages\/299\/revisions"}],"predecessor-version":[{"id":571,"href":"https:\/\/blogs.univ-tlse2.fr\/archeostraits\/es\/wp-json\/wp\/v2\/pages\/299\/revisions\/571"}],"wp:attachment":[{"href":"https:\/\/blogs.univ-tlse2.fr\/archeostraits\/es\/wp-json\/wp\/v2\/media?parent=299"}],"curies":[{"name":"wp","href":"https:\/\/api.w.org\/{rel}","templated":true}]}}