 {"id":494,"date":"2014-12-04T10:53:35","date_gmt":"2014-12-04T09:53:35","guid":{"rendered":"https:\/\/blogs.univ-tlse2.fr\/archeostraits\/?page_id=494"},"modified":"2014-12-10T12:11:10","modified_gmt":"2014-12-10T11:11:10","slug":"les-sites","status":"publish","type":"page","link":"https:\/\/blogs.univ-tlse2.fr\/archeostraits\/es\/les-sites\/","title":{"rendered":"Yacimientos"},"content":{"rendered":"<p><\/p>\n<p><strong>La Silla del Papa<\/strong><\/p>\n<p>El opidum de La Silla del Papa (Tarifa, C\u00e1diz), pr\u00f3ximo al Estrecho de Gibraltar, es una amalgama donde se mezclan durante casi un milenio (s.IX-I a.C.) los componentes fenicios, tart\u00e9sicos, libio-bereberes y p\u00fanicos.<\/p>\n<p>El yacimiento, mencionado desde finales del siglo XIX pero desconocido hasta nuestra intervenci\u00f3n, est\u00e1 excepcionalmente bien conservado y presenta formas originales de urbanismo y de arquitectura funeraria sin paralelos en Andaluc\u00eda: arquitectura semi-rupestre, presencia de varios pisos, existencia de zonas periurbanas (con un urbanismo distinto en las zonas m\u00e1s bajas respecto al n\u00facleo fortificado), utilizaci\u00f3n de ortostatos\u2026<\/p>\n<p>Estos espacios permitir\u00e1n profundizar en la reflexi\u00f3n sobre los modelos mediterr\u00e1neos que han contribuido a la formaci\u00f3n de una tradici\u00f3n arquitect\u00f3nica h\u00edbrida, propia de las regiones litorales de sur y el sudeste de la pen\u00ednsula en la segunda mitad de la Edad del Hierro.<\/p>\n<div id=\"attachment_273\" style=\"width: 310px\" class=\"wp-caption aligncenter\"><a href=\"https:\/\/blogs.univ-tlse2.fr\/archeostraits\/files\/2014\/11\/Carte_Gibraltar1.jpg\"><img loading=\"lazy\" decoding=\"async\" aria-describedby=\"caption-attachment-273\" class=\"wp-image-273 size-medium\" src=\"https:\/\/blogs.univ-tlse2.fr\/archeostraits\/files\/2014\/11\/Carte_Gibraltar1-300x163.jpg\" alt=\"Carte_Gibraltar\" width=\"300\" height=\"163\" srcset=\"https:\/\/blogs.univ-tlse2.fr\/archeostraits\/files\/2014\/11\/Carte_Gibraltar1-300x163.jpg 300w, https:\/\/blogs.univ-tlse2.fr\/archeostraits\/files\/2014\/11\/Carte_Gibraltar1-250x135.jpg 250w, https:\/\/blogs.univ-tlse2.fr\/archeostraits\/files\/2014\/11\/Carte_Gibraltar1-150x81.jpg 150w, https:\/\/blogs.univ-tlse2.fr\/archeostraits\/files\/2014\/11\/Carte_Gibraltar1.jpg 912w\" sizes=\"auto, (max-width: 300px) 100vw, 300px\" \/><\/a><p id=\"caption-attachment-273\" class=\"wp-caption-text\">Yacimientos arqueol\u00f3gicos del estrecho<\/p><\/div>\n<p><\/p>","protected":false},"excerpt":{"rendered":"<p>La Silla del Papa El opidum de La Silla del Papa (Tarifa, C\u00e1diz), pr\u00f3ximo al Estrecho de Gibraltar, es una amalgama donde se mezclan durante casi un milenio (s.IX-I a.C.) los componentes fenicios, tart\u00e9sicos, libio-bereberes y p\u00fanicos. El yacimiento, mencionado&hellip;<\/p>\n<p class=\"more-link-p\"><a class=\"more-link\" href=\"https:\/\/blogs.univ-tlse2.fr\/archeostraits\/es\/les-sites\/\">Read more &rarr;<\/a><\/p>\n","protected":false},"author":252,"featured_media":0,"parent":0,"menu_order":0,"comment_status":"closed","ping_status":"closed","template":"","meta":{"footnotes":"","_links_to":"","_links_to_target":""},"class_list":["post-494","page","type-page","status-publish","hentry"],"_links":{"self":[{"href":"https:\/\/blogs.univ-tlse2.fr\/archeostraits\/es\/wp-json\/wp\/v2\/pages\/494","targetHints":{"allow":["GET"]}}],"collection":[{"href":"https:\/\/blogs.univ-tlse2.fr\/archeostraits\/es\/wp-json\/wp\/v2\/pages"}],"about":[{"href":"https:\/\/blogs.univ-tlse2.fr\/archeostraits\/es\/wp-json\/wp\/v2\/types\/page"}],"author":[{"embeddable":true,"href":"https:\/\/blogs.univ-tlse2.fr\/archeostraits\/es\/wp-json\/wp\/v2\/users\/252"}],"replies":[{"embeddable":true,"href":"https:\/\/blogs.univ-tlse2.fr\/archeostraits\/es\/wp-json\/wp\/v2\/comments?post=494"}],"version-history":[{"count":5,"href":"https:\/\/blogs.univ-tlse2.fr\/archeostraits\/es\/wp-json\/wp\/v2\/pages\/494\/revisions"}],"predecessor-version":[{"id":577,"href":"https:\/\/blogs.univ-tlse2.fr\/archeostraits\/es\/wp-json\/wp\/v2\/pages\/494\/revisions\/577"}],"wp:attachment":[{"href":"https:\/\/blogs.univ-tlse2.fr\/archeostraits\/es\/wp-json\/wp\/v2\/media?parent=494"}],"curies":[{"name":"wp","href":"https:\/\/api.w.org\/{rel}","templated":true}]}}