 {"id":501,"date":"2014-12-04T10:58:01","date_gmt":"2014-12-04T09:58:01","guid":{"rendered":"https:\/\/blogs.univ-tlse2.fr\/archeostraits\/?page_id=501"},"modified":"2014-12-10T12:04:47","modified_gmt":"2014-12-10T11:04:47","slug":"la-silla-del-papa","status":"publish","type":"page","link":"https:\/\/blogs.univ-tlse2.fr\/archeostraits\/es\/les-sites\/la-silla-del-papa\/","title":{"rendered":"La Silla del Papa"},"content":{"rendered":"<p><\/p>\n<p><div id=\"attachment_264\" style=\"width: 310px\" class=\"wp-caption alignleft\"><a href=\"https:\/\/blogs.univ-tlse2.fr\/archeostraits\/files\/2014\/11\/1.Vue_Nasa1.jpg\"><img loading=\"lazy\" decoding=\"async\" aria-describedby=\"caption-attachment-264\" class=\"wp-image-264 size-medium\" src=\"https:\/\/blogs.univ-tlse2.fr\/archeostraits\/files\/2014\/11\/1.Vue_Nasa1-300x224.jpg\" alt=\"Vue 3D satellitaire de la rive nord du d\u00e9troit\" width=\"300\" height=\"224\" srcset=\"https:\/\/blogs.univ-tlse2.fr\/archeostraits\/files\/2014\/11\/1.Vue_Nasa1-300x224.jpg 300w, https:\/\/blogs.univ-tlse2.fr\/archeostraits\/files\/2014\/11\/1.Vue_Nasa1-200x150.jpg 200w, https:\/\/blogs.univ-tlse2.fr\/archeostraits\/files\/2014\/11\/1.Vue_Nasa1-150x112.jpg 150w, https:\/\/blogs.univ-tlse2.fr\/archeostraits\/files\/2014\/11\/1.Vue_Nasa1.jpg 768w\" sizes=\"auto, (max-width: 300px) 100vw, 300px\" \/><\/a><p id=\"caption-attachment-264\" class=\"wp-caption-text\">Vista 3D por sat\u00e9lite de la orilla norte del estrecho<\/p><\/div>\n<p><strong>Descripci\u00f3n general<\/strong><\/p>\n<p>Yacimiento clave de la orilla norte del Estrecho de Gibraltar, la Silla del Papa estuvo ocupada durante todo el primer milenio antes de nuestra era. En relaci\u00f3n constante con las poblaciones de la costa opuesta, esta gran aglomeraci\u00f3n, que recibi\u00f3 sucesivamente la influencia de fenicios, cartagineses y romanos, desarroll\u00f3 una forma de urbanismo particularmente original. Sus habitantes la abandonar\u00e1n al inicio del reinado de Augusto para construir una nueva ciudad, m\u00e1s acorde con los c\u00e1nones del urbanismo romano, al borde de la costa atl\u00e1ntica, cerca de la actual Bolonia. El yacimiento de la Silla del Papa llev\u00f3 probablemente el nombre que conservar\u00eda el municipio del Alto Imperio: <em>Baelo<\/em>, y se puede suponer que fue all\u00ed d\u00f3nde se acu\u00f1aron, a comienzos del siglo I a.C., las monedas con leyenda biling\u00fce, latina y neop\u00fanica, que fueron las primeras emisiones de esta ciudad.<\/p>\n<p>El yacimiento arqueol\u00f3gico de la Silla del Papa se encuentra a 4 km de la costa, en el punto m\u00e1s elevado de una peque\u00f1a cordillera costera, la Sierra de la Plata (457 m), que cierra al oeste la bah\u00eda de Bolonia. El lugar presenta tres ventajas que no pod\u00edan sino atraer a las poblaciones que frecuentaban el estrecho: formidables defensas naturales formadas por afloramientos rocosos casi verticales, abundancia de agua en una fuente situada a los pies de estos afloramientos rocosos, y por \u00faltimo, una posici\u00f3n dominante que ofrece extensas vistas en todas direcciones: Tanger al sur, Dejebel Moussa al sudeste y cabo de Trafalgar al oeste.<\/p>\n<div id=\"attachment_265\" style=\"width: 310px\" class=\"wp-caption alignleft\"><a href=\"https:\/\/blogs.univ-tlse2.fr\/archeostraits\/files\/2014\/11\/2.SDP-Paysage2.jpg\"><img loading=\"lazy\" decoding=\"async\" aria-describedby=\"caption-attachment-265\" class=\"wp-image-265 size-medium\" src=\"https:\/\/blogs.univ-tlse2.fr\/archeostraits\/files\/2014\/11\/2.SDP-Paysage2-300x225.jpg\" alt=\"2.SDP Paysage\" width=\"300\" height=\"225\" srcset=\"https:\/\/blogs.univ-tlse2.fr\/archeostraits\/files\/2014\/11\/2.SDP-Paysage2-300x225.jpg 300w, https:\/\/blogs.univ-tlse2.fr\/archeostraits\/files\/2014\/11\/2.SDP-Paysage2-199x150.jpg 199w, https:\/\/blogs.univ-tlse2.fr\/archeostraits\/files\/2014\/11\/2.SDP-Paysage2-150x112.jpg 150w, https:\/\/blogs.univ-tlse2.fr\/archeostraits\/files\/2014\/11\/2.SDP-Paysage2.jpg 425w\" sizes=\"auto, (max-width: 300px) 100vw, 300px\" \/><\/a><p id=\"caption-attachment-265\" class=\"wp-caption-text\">Vista del estrecho desde la Silla del Papa<\/p><\/div>\n<p>La organizaci\u00f3n espacial del yacimiento est\u00e1 condicionada por la existencia de dos barreras rocosas paralelas orientadas norte-sur que delimitan un estrecho pasillo de 420 m de largo. La extensi\u00f3n del espacio habitable entre las dos l\u00edneas de cresta rocosa var\u00eda entre 20 y 75 m, pero la zona ocupada se extiende m\u00e1s all\u00e1, sobre una docena de hect\u00e1reas, con una densidad menor en los sectores extramuros.<\/p>\n<div id=\"attachment_266\" style=\"width: 310px\" class=\"wp-caption alignright\"><a href=\"https:\/\/blogs.univ-tlse2.fr\/archeostraits\/files\/2014\/11\/3.B_ensemble_IMG_2830-mini1.jpg\"><img loading=\"lazy\" decoding=\"async\" aria-describedby=\"caption-attachment-266\" class=\"wp-image-266 size-medium\" src=\"https:\/\/blogs.univ-tlse2.fr\/archeostraits\/files\/2014\/11\/3.B_ensemble_IMG_2830-mini1-300x225.jpg\" alt=\"3.B_ensemble_IMG_2830-mini\" width=\"300\" height=\"225\" srcset=\"https:\/\/blogs.univ-tlse2.fr\/archeostraits\/files\/2014\/11\/3.B_ensemble_IMG_2830-mini1-300x225.jpg 300w, https:\/\/blogs.univ-tlse2.fr\/archeostraits\/files\/2014\/11\/3.B_ensemble_IMG_2830-mini1-200x150.jpg 200w, https:\/\/blogs.univ-tlse2.fr\/archeostraits\/files\/2014\/11\/3.B_ensemble_IMG_2830-mini1-150x112.jpg 150w, https:\/\/blogs.univ-tlse2.fr\/archeostraits\/files\/2014\/11\/3.B_ensemble_IMG_2830-mini1.jpg 472w\" sizes=\"auto, (max-width: 300px) 100vw, 300px\" \/><\/a><p id=\"caption-attachment-266\" class=\"wp-caption-text\">Una de las paredes rocosas del yacimiento<\/p><\/div>\n<p>La cara interior de estas barreras rocosas, que presenta alzados de entre 5 y 20 m de altura, ha sido sistem\u00e1ticamente utilizada para apoyar casas de varias alturas, hecho que queda atestiguado por las numerosas entalladuras, mechinales, plataformas artificiales y escaleras que pueden observarse en ellas. Las prospecciones y los sondeos ya realizados han permitido identificar varios edificios: casas encastradas en la roca en el centro de la aglomeraci\u00f3n, muros de aterrazamiento y torres cuadrangulares que jalonan una muralla que en algunos sectores presenta indicios claros de la existencia de cajones o casamatas.<\/p>\n<div id=\"attachment_267\" style=\"width: 310px\" class=\"wp-caption alignleft\"><a href=\"https:\/\/blogs.univ-tlse2.fr\/archeostraits\/files\/2014\/11\/4.SDP-maison1.jpg\"><img loading=\"lazy\" decoding=\"async\" aria-describedby=\"caption-attachment-267\" class=\"wp-image-267 size-medium\" src=\"https:\/\/blogs.univ-tlse2.fr\/archeostraits\/files\/2014\/11\/4.SDP-maison1-300x224.jpg\" alt=\"4.SDP maison\" width=\"300\" height=\"224\" srcset=\"https:\/\/blogs.univ-tlse2.fr\/archeostraits\/files\/2014\/11\/4.SDP-maison1-300x224.jpg 300w, https:\/\/blogs.univ-tlse2.fr\/archeostraits\/files\/2014\/11\/4.SDP-maison1-200x150.jpg 200w, https:\/\/blogs.univ-tlse2.fr\/archeostraits\/files\/2014\/11\/4.SDP-maison1-150x112.jpg 150w, https:\/\/blogs.univ-tlse2.fr\/archeostraits\/files\/2014\/11\/4.SDP-maison1.jpg 482w\" sizes=\"auto, (max-width: 300px) 100vw, 300px\" \/><\/a><p id=\"caption-attachment-267\" class=\"wp-caption-text\">Casa tallada en la roca<\/p><\/div>\n<p>La mayor\u00eda de las construcciones visibles en superficie pertenecen a la \u00faltima fase de construcci\u00f3n, que modific\u00f3 profundamente el patr\u00f3n urban\u00edstico de la ciudad, ya bajo dominio romano, entre los a\u00f1os 175-150 y 50-25 a.C. Antes de esta \u00faltima fase, la Silla del Papa hab\u00eda conocido una prolongada ocupaci\u00f3n durante toda la Edad de Hierro, a partir de una primera ocupaci\u00f3n fechada en el siglo IX a.C. El material arqueol\u00f3gico recuperado indica relaciones con el mundo colonial fenicio desde la primera fase y con el mundo p\u00fanico a partir del siglo IV a.C.<\/p>\n<\/p>\n<p><\/p>","protected":false},"excerpt":{"rendered":"<p>Descripci\u00f3n general Yacimiento clave de la orilla norte del Estrecho de Gibraltar, la Silla del Papa estuvo ocupada durante todo el primer milenio antes de nuestra era. En relaci\u00f3n constante con las poblaciones de la costa opuesta, esta gran aglomeraci\u00f3n,&hellip;<\/p>\n<p class=\"more-link-p\"><a class=\"more-link\" href=\"https:\/\/blogs.univ-tlse2.fr\/archeostraits\/es\/les-sites\/la-silla-del-papa\/\">Read more &rarr;<\/a><\/p>\n","protected":false},"author":252,"featured_media":0,"parent":494,"menu_order":0,"comment_status":"closed","ping_status":"closed","template":"","meta":{"footnotes":"","_links_to":"","_links_to_target":""},"class_list":["post-501","page","type-page","status-publish","hentry"],"_links":{"self":[{"href":"https:\/\/blogs.univ-tlse2.fr\/archeostraits\/es\/wp-json\/wp\/v2\/pages\/501","targetHints":{"allow":["GET"]}}],"collection":[{"href":"https:\/\/blogs.univ-tlse2.fr\/archeostraits\/es\/wp-json\/wp\/v2\/pages"}],"about":[{"href":"https:\/\/blogs.univ-tlse2.fr\/archeostraits\/es\/wp-json\/wp\/v2\/types\/page"}],"author":[{"embeddable":true,"href":"https:\/\/blogs.univ-tlse2.fr\/archeostraits\/es\/wp-json\/wp\/v2\/users\/252"}],"replies":[{"embeddable":true,"href":"https:\/\/blogs.univ-tlse2.fr\/archeostraits\/es\/wp-json\/wp\/v2\/comments?post=501"}],"version-history":[{"count":7,"href":"https:\/\/blogs.univ-tlse2.fr\/archeostraits\/es\/wp-json\/wp\/v2\/pages\/501\/revisions"}],"predecessor-version":[{"id":576,"href":"https:\/\/blogs.univ-tlse2.fr\/archeostraits\/es\/wp-json\/wp\/v2\/pages\/501\/revisions\/576"}],"up":[{"embeddable":true,"href":"https:\/\/blogs.univ-tlse2.fr\/archeostraits\/es\/wp-json\/wp\/v2\/pages\/494"}],"wp:attachment":[{"href":"https:\/\/blogs.univ-tlse2.fr\/archeostraits\/es\/wp-json\/wp\/v2\/media?parent=501"}],"curies":[{"name":"wp","href":"https:\/\/api.w.org\/{rel}","templated":true}]}}