 {"id":517,"date":"2014-12-04T11:34:16","date_gmt":"2014-12-04T10:34:16","guid":{"rendered":"https:\/\/blogs.univ-tlse2.fr\/archeostraits\/?page_id=517"},"modified":"2014-12-12T14:47:53","modified_gmt":"2014-12-12T13:47:53","slug":"methodologie","status":"publish","type":"page","link":"https:\/\/blogs.univ-tlse2.fr\/archeostraits\/es\/methodologie\/","title":{"rendered":"Metodolog\u00eda"},"content":{"rendered":"<p><\/p>\n<p><p style=\"text-align: justify\">Este proyecto combina las excavaciones de los\u00a0 yacimientos de Los Castillejos de Alcorr\u00edn y de La Silla del Papa con prospecciones sistem\u00e1ticas en su entorno e investigaciones\u00a0geoarqueol\u00f3gicas. Para alcanzar los objetivos fijados, se pondr\u00e1n en marcha cuatro tareas:<\/p>\n<ol style=\"text-align: justify\">\n<li>Adquisici\u00f3n de datos espaciales.<\/li>\n<li>Investigaciones geoarqueol\u00f3gicas.<\/li>\n<li>Prospecciones pedestres.<\/li>\n<li>Aplicaci\u00f3n y explotaci\u00f3n de un SIG.<\/li>\n<\/ol>\n<p style=\"text-align: justify\">\n<p style=\"text-align: justify\"><strong>Adquisici\u00f3n de informaci\u00f3n espacial<\/strong><\/p>\n<p style=\"text-align: justify\">Se usar\u00e1n cuatro m\u00e9todos complementarios de recogida de informaci\u00f3n espacial, con el empleo de sistemas a\u00e9reos actualmente desarrollados en el programa \u201cArch\u00e9odrone\u201d de TRACES.<\/p>\n<p style=\"text-align: justify\"><a href=\"https:\/\/blogs.univ-tlse2.fr\/plateformeterrae\/2014\/10\/06\/806\/\">https:\/\/blogs.univ-tlse2.fr\/plateformeterrae\/2014\/10\/06\/806\/<\/a><\/p>\n<p style=\"text-align: justify\">El uso de un GPS diferencial (DGPS) permitir\u00e1 obtener un levantamiento preciso de las estructuras observadas e integrar el conjunto de estos datos en un SIG.<\/p>\n<p style=\"text-align: justify\">Complementada por el DGPS, la fotogrametr\u00eda por correlaci\u00f3n densa permitir\u00e1 obtener un modelo 3D de manera autom\u00e1tica, a partir de im\u00e1genes num\u00e9ricas adquiridas mediante t\u00e9cnicas a\u00e9reas o pedestres.<\/p>\n<p style=\"text-align: justify\">Un vuelo por drone equipado de una c\u00e1mara t\u00e9rmica permitir\u00e1 visualizar diferencias eventuales de temperatura entre las cavidades no reconocibles en superficie y localizar, por ejemplo, tumbas.<\/p>\n<p style=\"text-align: justify\"><strong>Geoarqueolog\u00eda<\/strong><\/p>\n<p style=\"text-align: justify\">Las investigaciones geoarqueol\u00f3gicas perseguir\u00e1n cinco objetivos principales: la reconstrucci\u00f3n de la evoluci\u00f3n paleogeogr\u00e1fica de la zona, incidiendo en los medios litorales; la identificaci\u00f3n de zonas potencialmente favorables para la agricultura, la evaluaci\u00f3n de la influencia humana sobre la vegetaci\u00f3n, la b\u00fasqueda de indicadores de cambio clim\u00e1tico y la b\u00fasqueda de indicios de eventos extremos (tsunamis y se\u00edsmos). Para llevarlo a cabo, los archivos geobiol\u00f3gicos disponibles para la zona de estudio ser\u00e1n analizados a alta resoluci\u00f3n. Las caracter\u00edsticas sedimentol\u00f3gicas ser\u00e1n medidas con la ayuda de un granul\u00f3metro l\u00e1ser y de medidas de susceptibilidad y los par\u00e1metros geoqu\u00edmicos ser\u00e1n estudiados por XRF. Nos basaremos en la microfauna (ostr\u00e1codos y foramin\u00edferos) para determinar los cambios medioambientales de los dep\u00f3sitos, especialmente la salinidad de las aguas en la zona litoral. El establecimiento de la cronoestratigraf\u00eda de los datos se obtendr\u00e1 mediante varios medios: estudio arqueol\u00f3gico de la cer\u00e1mica, dataci\u00f3n <sup>14<\/sup>C por MS (espectrometr\u00eda de masas) y OSL (luminiscencia \u00f3ptica estimulada). Los paleosuelos y sedimentos identificados en los archivos sedimentol\u00f3gicos se diferenciar\u00e1n por micromorfolog\u00eda. La comparaci\u00f3n de los resultados mostrar\u00e1 si ha habido acontecimientos sincr\u00f3nicos o periodos de desarrollo diacr\u00f3nicamente parecidos en las dos zonas de estudio.<\/p>\n<p style=\"text-align: justify\"><strong>Prospecciones pedestres<\/strong><\/p>\n<p style=\"text-align: justify\">Las prospecciones estar\u00e1n asistidas por DGPS y gestionadas en una plataforma SIG. Seguir\u00e1n el modelo arqueol\u00f3gico cl\u00e1sico: recorrido en l\u00ednea de zonas predeterminadas con el objetivo de localizar indicadores arqueol\u00f3gicos: material y microrrelieves. Las intervenciones se centrar\u00e1n en los espacios periurbanos y entornos rurales, as\u00ed como otros sectores que ofrezcan un potencial particular, especialmente en lo que concierne a actividades agr\u00edcolas y a v\u00edas de comunicaciones.<\/p>\n<p style=\"text-align: justify\"><strong>SIG<\/strong><\/p>\n<p style=\"text-align: justify\">La implementaci\u00f3n de un SIG permitir\u00e1 obtener una visi\u00f3n espacial integrada del conjunto de los fen\u00f3menos observados, sean de naturaleza geomorfol\u00f3gica, edafol\u00f3gica, sedimentol\u00f3gica, paleobot\u00e1nica o arqueol\u00f3gica, a partir de un modelo num\u00e9rico del terreno de alta resoluci\u00f3n. El an\u00e1lisis cruzado de todos estos datos servir\u00e1 de base a la elaboraci\u00f3n de un modelo de las estrategias protohist\u00f3ricas de ocupaci\u00f3n del territorio y explotaci\u00f3n de recursos. Tendr\u00e1 un papel central en el trabajo de s\u00edntesis que ser\u00e1 el desenlace del proyecto, contribuyendo a una interpretaci\u00f3n econ\u00f3mica y social de los territorios.<\/p>\n<\/p>\n<p><\/p>","protected":false},"excerpt":{"rendered":"<p>Este proyecto combina las excavaciones de los\u00a0 yacimientos de Los Castillejos de Alcorr\u00edn y de La Silla del Papa con prospecciones sistem\u00e1ticas en su entorno e investigaciones\u00a0geoarqueol\u00f3gicas. Para alcanzar los objetivos fijados, se pondr\u00e1n en marcha cuatro tareas: Adquisici\u00f3n de&hellip;<\/p>\n<p class=\"more-link-p\"><a class=\"more-link\" href=\"https:\/\/blogs.univ-tlse2.fr\/archeostraits\/es\/methodologie\/\">Read more &rarr;<\/a><\/p>\n","protected":false},"author":252,"featured_media":0,"parent":0,"menu_order":0,"comment_status":"closed","ping_status":"closed","template":"","meta":{"footnotes":"","_links_to":"","_links_to_target":""},"class_list":["post-517","page","type-page","status-publish","hentry"],"_links":{"self":[{"href":"https:\/\/blogs.univ-tlse2.fr\/archeostraits\/es\/wp-json\/wp\/v2\/pages\/517","targetHints":{"allow":["GET"]}}],"collection":[{"href":"https:\/\/blogs.univ-tlse2.fr\/archeostraits\/es\/wp-json\/wp\/v2\/pages"}],"about":[{"href":"https:\/\/blogs.univ-tlse2.fr\/archeostraits\/es\/wp-json\/wp\/v2\/types\/page"}],"author":[{"embeddable":true,"href":"https:\/\/blogs.univ-tlse2.fr\/archeostraits\/es\/wp-json\/wp\/v2\/users\/252"}],"replies":[{"embeddable":true,"href":"https:\/\/blogs.univ-tlse2.fr\/archeostraits\/es\/wp-json\/wp\/v2\/comments?post=517"}],"version-history":[{"count":8,"href":"https:\/\/blogs.univ-tlse2.fr\/archeostraits\/es\/wp-json\/wp\/v2\/pages\/517\/revisions"}],"predecessor-version":[{"id":644,"href":"https:\/\/blogs.univ-tlse2.fr\/archeostraits\/es\/wp-json\/wp\/v2\/pages\/517\/revisions\/644"}],"wp:attachment":[{"href":"https:\/\/blogs.univ-tlse2.fr\/archeostraits\/es\/wp-json\/wp\/v2\/media?parent=517"}],"curies":[{"name":"wp","href":"https:\/\/api.w.org\/{rel}","templated":true}]}}