 {"id":620,"date":"2014-12-11T15:31:54","date_gmt":"2014-12-11T14:31:54","guid":{"rendered":"https:\/\/blogs.univ-tlse2.fr\/archeostraits\/?page_id=620"},"modified":"2014-12-11T23:45:42","modified_gmt":"2014-12-11T22:45:42","slug":"los_castillejos_de_alcorrin","status":"publish","type":"page","link":"https:\/\/blogs.univ-tlse2.fr\/archeostraits\/es\/los_castillejos_de_alcorrin\/","title":{"rendered":"Alcorr\u00edn"},"content":{"rendered":"<p>Marzoli, D., \u201cNeugr\u00fcndungen im ph\u00f6nizischen Westen: Los Castillejos de Alcorr\u00edn, Morro de Mezquitilla und Mogador\u201d, <em>Arch\u00e4ologischer Anzeiger<\/em>, 2012,\u00a0n<sup>\u00b0 <\/sup>2, p.\u00a029-64.<\/p>\n<p>Marzoli, D.,\u00a0Wagner, C. G., Su\u00e1rez, J., L\u00f3pez Pardo, F., Le\u00f3n, C., Thiemeyer, H., Torres, M.,\u00a0\u201cLos inicios del urbanismo en las sociedades aut\u00f3ctonas localizadas en el entorno del Estrecho de Gibraltar: investigaciones en Los Castillejos de Alcorr\u00edn y su territorio. Manilva, M\u00e1laga\u201d, <em>Menga<\/em> 1, 2010, 153\u2013183; 277\u2013287.<\/p>\n<p>Marzoli, D.,\u00a0Wagner, C. G., Su\u00e1rez, J., Mielke, D. P., L\u00f3pez Pardo, F., Le\u00f3n, C., Thiemeyer, H., Torres, M., \u201cVorbericht zu den deutsch-spanischen Ausgrabungen in der endbronzezeitlichen Siedlung von Los Castillejos de Alcorr\u00edn, Manilva (Prov. M\u00e1laga) 2006 und 2007\u201d, <em>Madrider Mitteilungen<\/em> 50, 2009, 118\u2013148.<\/p>","protected":false},"excerpt":{"rendered":"<p>Marzoli, D., \u201cNeugr\u00fcndungen im ph\u00f6nizischen Westen: Los Castillejos de Alcorr\u00edn, Morro de Mezquitilla und Mogador\u201d, Arch\u00e4ologischer Anzeiger, 2012,\u00a0n\u00b0 2, p.\u00a029-64. Marzoli, D.,\u00a0Wagner, C. G., Su\u00e1rez, J., L\u00f3pez Pardo, F., Le\u00f3n, C., Thiemeyer, H., Torres, M.,\u00a0\u201cLos inicios del urbanismo en las&hellip;<\/p>\n<p class=\"more-link-p\"><a class=\"more-link\" href=\"https:\/\/blogs.univ-tlse2.fr\/archeostraits\/es\/los_castillejos_de_alcorrin\/\">Read more &rarr;<\/a><\/p>\n","protected":false},"author":252,"featured_media":0,"parent":0,"menu_order":0,"comment_status":"closed","ping_status":"closed","template":"","meta":{"footnotes":"","_links_to":"","_links_to_target":""},"class_list":["post-620","page","type-page","status-publish","hentry"],"_links":{"self":[{"href":"https:\/\/blogs.univ-tlse2.fr\/archeostraits\/es\/wp-json\/wp\/v2\/pages\/620","targetHints":{"allow":["GET"]}}],"collection":[{"href":"https:\/\/blogs.univ-tlse2.fr\/archeostraits\/es\/wp-json\/wp\/v2\/pages"}],"about":[{"href":"https:\/\/blogs.univ-tlse2.fr\/archeostraits\/es\/wp-json\/wp\/v2\/types\/page"}],"author":[{"embeddable":true,"href":"https:\/\/blogs.univ-tlse2.fr\/archeostraits\/es\/wp-json\/wp\/v2\/users\/252"}],"replies":[{"embeddable":true,"href":"https:\/\/blogs.univ-tlse2.fr\/archeostraits\/es\/wp-json\/wp\/v2\/comments?post=620"}],"version-history":[{"count":8,"href":"https:\/\/blogs.univ-tlse2.fr\/archeostraits\/es\/wp-json\/wp\/v2\/pages\/620\/revisions"}],"predecessor-version":[{"id":643,"href":"https:\/\/blogs.univ-tlse2.fr\/archeostraits\/es\/wp-json\/wp\/v2\/pages\/620\/revisions\/643"}],"wp:attachment":[{"href":"https:\/\/blogs.univ-tlse2.fr\/archeostraits\/es\/wp-json\/wp\/v2\/media?parent=620"}],"curies":[{"name":"wp","href":"https:\/\/api.w.org\/{rel}","templated":true}]}}