 {"id":494,"date":"2014-12-04T10:53:35","date_gmt":"2014-12-04T09:53:35","guid":{"rendered":"https:\/\/blogs.univ-tlse2.fr\/archeostraits\/?page_id=494"},"modified":"2014-12-10T12:11:10","modified_gmt":"2014-12-10T11:11:10","slug":"les-sites","status":"publish","type":"page","link":"https:\/\/blogs.univ-tlse2.fr\/archeostraits\/les-sites\/","title":{"rendered":"Les sites"},"content":{"rendered":"<p><strong>La Silla del Papa<\/strong><\/p>\n<p>L\u2019oppidum de La Silla del Papa (Tarifa, Cadix), \u00e0 proximit\u00e9 du d\u00e9troit de Gibraltar, v\u00e9ritable melting pot o\u00f9 se sont m\u00eal\u00e9es pendant pr\u00e8s d\u2019un mill\u00e9naire (IXe si\u00e8cle \u2013 fin du Ier si\u00e8cle a.C.) des composantes ph\u00e9niciennes, tartessiennes, libyco-berb\u00e8res et puniques.<\/p>\n<p>Ce site, mentionn\u00e9 d\u00e8s la fin du XIX<sup>e<\/sup> si\u00e8cle mais demeur\u00e9 m\u00e9connu jusqu\u2019\u00e0 notre intervention, est exceptionnellement bien conserv\u00e9 et pr\u00e9sente des formes originales d\u2019urbanisme et d\u2019architecture fun\u00e9raire, sans exemple dans le reste de l\u2019Andalousie\u00a0: architecture semi-rupestre, pr\u00e9sence de plusieurs \u00e9tages, existence de zones p\u00e9ri-urbaines \u00e0 urbanisme disjoint en contrebas du noyau fortifi\u00e9, utilisation d\u2019orthostates\u2026<\/p>\n<p>Ces deux terrains permettront d&rsquo;approfondir la r\u00e9flexion sur les mod\u00e8les m\u00e9diterran\u00e9ens qui ont concouru \u00e0 la formation d\u2019une tradition architecturale hybride, propre aux r\u00e9gions littorales du sud et du sud-est de la p\u00e9ninsule dans la deuxi\u00e8me partie de l\u2019\u00e2ge du Fer.<\/p>\n<div id=\"attachment_273\" style=\"width: 310px\" class=\"wp-caption aligncenter\"><a href=\"https:\/\/blogs.univ-tlse2.fr\/archeostraits\/files\/2014\/11\/Carte_Gibraltar1.jpg\"><img loading=\"lazy\" decoding=\"async\" aria-describedby=\"caption-attachment-273\" class=\"wp-image-273 size-medium\" src=\"https:\/\/blogs.univ-tlse2.fr\/archeostraits\/files\/2014\/11\/Carte_Gibraltar1-300x163.jpg\" alt=\"Carte_Gibraltar\" width=\"300\" height=\"163\" srcset=\"https:\/\/blogs.univ-tlse2.fr\/archeostraits\/files\/2014\/11\/Carte_Gibraltar1-300x163.jpg 300w, https:\/\/blogs.univ-tlse2.fr\/archeostraits\/files\/2014\/11\/Carte_Gibraltar1-250x135.jpg 250w, https:\/\/blogs.univ-tlse2.fr\/archeostraits\/files\/2014\/11\/Carte_Gibraltar1-150x81.jpg 150w, https:\/\/blogs.univ-tlse2.fr\/archeostraits\/files\/2014\/11\/Carte_Gibraltar1.jpg 912w\" sizes=\"auto, (max-width: 300px) 100vw, 300px\" \/><\/a><p id=\"caption-attachment-273\" class=\"wp-caption-text\">Les sites arqu\u00e9ologiques du d\u00e9troit<\/p><\/div>\n<p>&nbsp;<\/p>","protected":false},"excerpt":{"rendered":"<p>La Silla del Papa L\u2019oppidum de La Silla del Papa (Tarifa, Cadix), \u00e0 proximit\u00e9 du d\u00e9troit de Gibraltar, v\u00e9ritable melting pot o\u00f9 se sont m\u00eal\u00e9es pendant pr\u00e8s d\u2019un mill\u00e9naire (IXe si\u00e8cle \u2013 fin du Ier si\u00e8cle a.C.) des composantes ph\u00e9niciennes,&hellip;<\/p>\n<p class=\"more-link-p\"><a class=\"more-link\" href=\"https:\/\/blogs.univ-tlse2.fr\/archeostraits\/les-sites\/\">Read more &rarr;<\/a><\/p>\n","protected":false},"author":252,"featured_media":0,"parent":0,"menu_order":0,"comment_status":"closed","ping_status":"closed","template":"","meta":{"footnotes":"","_links_to":"","_links_to_target":""},"class_list":["post-494","page","type-page","status-publish","hentry"],"_links":{"self":[{"href":"https:\/\/blogs.univ-tlse2.fr\/archeostraits\/wp-json\/wp\/v2\/pages\/494","targetHints":{"allow":["GET"]}}],"collection":[{"href":"https:\/\/blogs.univ-tlse2.fr\/archeostraits\/wp-json\/wp\/v2\/pages"}],"about":[{"href":"https:\/\/blogs.univ-tlse2.fr\/archeostraits\/wp-json\/wp\/v2\/types\/page"}],"author":[{"embeddable":true,"href":"https:\/\/blogs.univ-tlse2.fr\/archeostraits\/wp-json\/wp\/v2\/users\/252"}],"replies":[{"embeddable":true,"href":"https:\/\/blogs.univ-tlse2.fr\/archeostraits\/wp-json\/wp\/v2\/comments?post=494"}],"version-history":[{"count":5,"href":"https:\/\/blogs.univ-tlse2.fr\/archeostraits\/wp-json\/wp\/v2\/pages\/494\/revisions"}],"predecessor-version":[{"id":577,"href":"https:\/\/blogs.univ-tlse2.fr\/archeostraits\/wp-json\/wp\/v2\/pages\/494\/revisions\/577"}],"wp:attachment":[{"href":"https:\/\/blogs.univ-tlse2.fr\/archeostraits\/wp-json\/wp\/v2\/media?parent=494"}],"curies":[{"name":"wp","href":"https:\/\/api.w.org\/{rel}","templated":true}]}}