 {"id":501,"date":"2014-12-04T10:58:01","date_gmt":"2014-12-04T09:58:01","guid":{"rendered":"https:\/\/blogs.univ-tlse2.fr\/archeostraits\/?page_id=501"},"modified":"2014-12-10T12:04:47","modified_gmt":"2014-12-10T11:04:47","slug":"la-silla-del-papa","status":"publish","type":"page","link":"https:\/\/blogs.univ-tlse2.fr\/archeostraits\/les-sites\/la-silla-del-papa\/","title":{"rendered":"La Silla del Papa"},"content":{"rendered":"<p><div id=\"attachment_264\" style=\"width: 310px\" class=\"wp-caption alignleft\"><a href=\"https:\/\/blogs.univ-tlse2.fr\/archeostraits\/files\/2014\/11\/1.Vue_Nasa1.jpg\"><img loading=\"lazy\" decoding=\"async\" aria-describedby=\"caption-attachment-264\" class=\"size-medium wp-image-264\" src=\"https:\/\/blogs.univ-tlse2.fr\/archeostraits\/files\/2014\/11\/1.Vue_Nasa1-300x224.jpg\" alt=\"Vue 3D satellitaire de la rive nord du d\u00e9troit\" width=\"300\" height=\"224\" srcset=\"https:\/\/blogs.univ-tlse2.fr\/archeostraits\/files\/2014\/11\/1.Vue_Nasa1-300x224.jpg 300w, https:\/\/blogs.univ-tlse2.fr\/archeostraits\/files\/2014\/11\/1.Vue_Nasa1-200x150.jpg 200w, https:\/\/blogs.univ-tlse2.fr\/archeostraits\/files\/2014\/11\/1.Vue_Nasa1-150x112.jpg 150w, https:\/\/blogs.univ-tlse2.fr\/archeostraits\/files\/2014\/11\/1.Vue_Nasa1.jpg 768w\" sizes=\"auto, (max-width: 300px) 100vw, 300px\" \/><\/a><p id=\"caption-attachment-264\" class=\"wp-caption-text\">Vue 3D satellitaire de la rive nord du d\u00e9troit<\/p><\/div><\/p>\n<p><strong>Description g\u00e9n\u00e9rale<\/strong><\/p>\n<p>Site cl\u00e9 de la rive nord du d\u00e9troit de Gibraltar, le sommet de la Silla del Papa fut occup\u00e9 pendant tout le premier mill\u00e9naire avant notre \u00e8re. En relation constante avec les populations de la rive oppos\u00e9e, cette vaste agglom\u00e9ration qui re\u00e7ut successivement l\u2019empreinte des Ph\u00e9niciens, des Carthaginois, puis des Romains d\u00e9veloppa une forme d\u2019urbanisme particuli\u00e8rement originale. Ses habitants l\u2019abandonn\u00e8rent au d\u00e9but du r\u00e8gne d\u2019Auguste pour aller reconstruire leur ville sur le rivage de l\u2019Atlantique, pr\u00e8s de l\u2019actuelle Bolonia. Le site de hauteur portait probablement le nom que conserva le municipe du haut Empire\u00a0: <em>Baelo<\/em>, et c\u2019est sans doute \u00e0 la Silla del Papa que furent frapp\u00e9es, au d\u00e9but du Ier si\u00e8cle avant notre \u00e8re, les monnaies \u00e0 l\u00e9gende bilingue latine et n\u00e9opunique qui furent les premi\u00e8res \u00e9missions de cette cit\u00e9.<\/p>\n<p>Le site arch\u00e9ologique de la Silla del Papa se trouve \u00e0 4 km de la c\u00f4te, sur le point le plus \u00e9lev\u00e9 d\u2019une petite cha\u00eene c\u00f4ti\u00e8re, la Sierra de la Plata (457 m), qui ferme \u00e0 l\u2019ouest la baie de Bolonia. Le lieu pr\u00e9sente trois atouts qui ne pouvaient qu\u2019attirer les populations qui fr\u00e9quentaient le D\u00e9troit\u00a0: de formidables d\u00e9fenses naturelles form\u00e9es par des affleurements rocheux presque verticaux\u00a0; les eaux abondantes d\u2019une source p\u00e9renne situ\u00e9e au pied de ces rochers\u00a0; enfin, une position dominante offrant des vues lointaines dans toutes les directions\u00a0: au sud jusqu\u2019\u00e0 Tanger, au sud-est jusqu\u2019au Djebel Moussa, \u00e0 l\u2019ouest jusqu\u2019au cap Trafalgar.<\/p>\n<div id=\"attachment_265\" style=\"width: 310px\" class=\"wp-caption alignleft\"><a href=\"https:\/\/blogs.univ-tlse2.fr\/archeostraits\/files\/2014\/11\/2.SDP-Paysage2.jpg\"><img loading=\"lazy\" decoding=\"async\" aria-describedby=\"caption-attachment-265\" class=\"wp-image-265 size-medium\" src=\"https:\/\/blogs.univ-tlse2.fr\/archeostraits\/files\/2014\/11\/2.SDP-Paysage2-300x225.jpg\" alt=\"2.SDP Paysage\" width=\"300\" height=\"225\" srcset=\"https:\/\/blogs.univ-tlse2.fr\/archeostraits\/files\/2014\/11\/2.SDP-Paysage2-300x225.jpg 300w, https:\/\/blogs.univ-tlse2.fr\/archeostraits\/files\/2014\/11\/2.SDP-Paysage2-199x150.jpg 199w, https:\/\/blogs.univ-tlse2.fr\/archeostraits\/files\/2014\/11\/2.SDP-Paysage2-150x112.jpg 150w, https:\/\/blogs.univ-tlse2.fr\/archeostraits\/files\/2014\/11\/2.SDP-Paysage2.jpg 425w\" sizes=\"auto, (max-width: 300px) 100vw, 300px\" \/><\/a><p id=\"caption-attachment-265\" class=\"wp-caption-text\">Vue du d\u00e9troit depuis la Silla del Papa<\/p><\/div>\n<p>L&rsquo;organisation spatiale du site est conditionn\u00e9e par l&rsquo;existence de deux barres rocheuses parall\u00e8les orient\u00e9es nord-sud qui d\u00e9limitent un \u00e9troit couloir de 420 m de long. La largeur de l&rsquo;espace habitable entre les deux lignes de cr\u00eate oscille entre 20 et 75 m, mais la zone occup\u00e9e s\u2019\u00e9tendait bien au-del\u00e0, sur une douzaine d\u2019hectares en tout, avec une densit\u00e9 moindre dans les secteurs extra muros.<\/p>\n<p>&nbsp;<\/p>\n<p>&nbsp;<\/p>\n<div id=\"attachment_266\" style=\"width: 310px\" class=\"wp-caption alignright\"><a href=\"https:\/\/blogs.univ-tlse2.fr\/archeostraits\/files\/2014\/11\/3.B_ensemble_IMG_2830-mini1.jpg\"><img loading=\"lazy\" decoding=\"async\" aria-describedby=\"caption-attachment-266\" class=\"wp-image-266 size-medium\" src=\"https:\/\/blogs.univ-tlse2.fr\/archeostraits\/files\/2014\/11\/3.B_ensemble_IMG_2830-mini1-300x225.jpg\" alt=\"3.B_ensemble_IMG_2830-mini\" width=\"300\" height=\"225\" srcset=\"https:\/\/blogs.univ-tlse2.fr\/archeostraits\/files\/2014\/11\/3.B_ensemble_IMG_2830-mini1-300x225.jpg 300w, https:\/\/blogs.univ-tlse2.fr\/archeostraits\/files\/2014\/11\/3.B_ensemble_IMG_2830-mini1-200x150.jpg 200w, https:\/\/blogs.univ-tlse2.fr\/archeostraits\/files\/2014\/11\/3.B_ensemble_IMG_2830-mini1-150x112.jpg 150w, https:\/\/blogs.univ-tlse2.fr\/archeostraits\/files\/2014\/11\/3.B_ensemble_IMG_2830-mini1.jpg 472w\" sizes=\"auto, (max-width: 300px) 100vw, 300px\" \/><\/a><p id=\"caption-attachment-266\" class=\"wp-caption-text\">Les barres rocheuses du site<\/p><\/div>\n<p>Les faces des barres rocheuses qui regardent l&rsquo;int\u00e9rieur du site pr\u00e9sentent des parois dress\u00e9es, de cinq \u00e0 vingt m\u00e8tres de haut, qui ont \u00e9t\u00e9 syst\u00e9matiquement mises \u00e0 profit pour appuyer des maisons \u00e0 plusieurs \u00e9tages. En t\u00e9moignent de nombreuses entailles, des plates-formes artificielles, des logements de poutres et des escaliers. Les prospections et les sondages d\u00e9j\u00e0 r\u00e9alis\u00e9s ont permis d&rsquo;identifier plusieurs \u00e9difices\u00a0: des maisons encastr\u00e9es dans le rocher au c\u0153ur de l&rsquo;agglom\u00e9ration, des murs de terrasse, et des tours quadrangulaires jalonnant une enceinte dont certaines parties \u00e9taient b\u00e2ties selon la technique du mur \u00e0 caisson.<\/p>\n<div id=\"attachment_267\" style=\"width: 310px\" class=\"wp-caption alignleft\"><a href=\"https:\/\/blogs.univ-tlse2.fr\/archeostraits\/files\/2014\/11\/4.SDP-maison1.jpg\"><img loading=\"lazy\" decoding=\"async\" aria-describedby=\"caption-attachment-267\" class=\"wp-image-267 size-medium\" src=\"https:\/\/blogs.univ-tlse2.fr\/archeostraits\/files\/2014\/11\/4.SDP-maison1-300x224.jpg\" alt=\"4.SDP maison\" width=\"300\" height=\"224\" srcset=\"https:\/\/blogs.univ-tlse2.fr\/archeostraits\/files\/2014\/11\/4.SDP-maison1-300x224.jpg 300w, https:\/\/blogs.univ-tlse2.fr\/archeostraits\/files\/2014\/11\/4.SDP-maison1-200x150.jpg 200w, https:\/\/blogs.univ-tlse2.fr\/archeostraits\/files\/2014\/11\/4.SDP-maison1-150x112.jpg 150w, https:\/\/blogs.univ-tlse2.fr\/archeostraits\/files\/2014\/11\/4.SDP-maison1.jpg 482w\" sizes=\"auto, (max-width: 300px) 100vw, 300px\" \/><\/a><p id=\"caption-attachment-267\" class=\"wp-caption-text\">Maison taill\u00e9e dans la roche.<\/p><\/div>\n<p>La plupart des constructions visibles en surface appartiennent \u00e0 la derni\u00e8re phase de construction qui semble avoir profond\u00e9ment modifi\u00e9 l\u2019organisation urbaine du site, sous domination romaine, entre 175\/150 et 50\/25 av. J.-C. Avant cela, la Silla del Papa avait connu une tr\u00e8s longue occupation pendant tout l\u2019\u00e2ge du Fer, \u00e0 partir d\u2019une premi\u00e8re installation dat\u00e9e du\u00a0 IXe si\u00e8cle av. J.-C. Pendant ces huit si\u00e8cles, le plan des rues et des maisons a chang\u00e9 au moins trois fois, et le mobilier arch\u00e9ologique indique des relations avec le monde colonial ph\u00e9nicien dans la premi\u00e8re phase, puis avec le monde punique \u00e0 partir du IVe si\u00e8cle.<\/p>","protected":false},"excerpt":{"rendered":"<p>Description g\u00e9n\u00e9rale Site cl\u00e9 de la rive nord du d\u00e9troit de Gibraltar, le sommet de la Silla del Papa fut occup\u00e9 pendant tout le premier mill\u00e9naire avant notre \u00e8re. En relation constante avec les populations de la rive oppos\u00e9e, cette&hellip;<\/p>\n<p class=\"more-link-p\"><a class=\"more-link\" href=\"https:\/\/blogs.univ-tlse2.fr\/archeostraits\/les-sites\/la-silla-del-papa\/\">Read more &rarr;<\/a><\/p>\n","protected":false},"author":252,"featured_media":0,"parent":494,"menu_order":0,"comment_status":"closed","ping_status":"closed","template":"","meta":{"footnotes":"","_links_to":"","_links_to_target":""},"class_list":["post-501","page","type-page","status-publish","hentry"],"_links":{"self":[{"href":"https:\/\/blogs.univ-tlse2.fr\/archeostraits\/wp-json\/wp\/v2\/pages\/501","targetHints":{"allow":["GET"]}}],"collection":[{"href":"https:\/\/blogs.univ-tlse2.fr\/archeostraits\/wp-json\/wp\/v2\/pages"}],"about":[{"href":"https:\/\/blogs.univ-tlse2.fr\/archeostraits\/wp-json\/wp\/v2\/types\/page"}],"author":[{"embeddable":true,"href":"https:\/\/blogs.univ-tlse2.fr\/archeostraits\/wp-json\/wp\/v2\/users\/252"}],"replies":[{"embeddable":true,"href":"https:\/\/blogs.univ-tlse2.fr\/archeostraits\/wp-json\/wp\/v2\/comments?post=501"}],"version-history":[{"count":7,"href":"https:\/\/blogs.univ-tlse2.fr\/archeostraits\/wp-json\/wp\/v2\/pages\/501\/revisions"}],"predecessor-version":[{"id":576,"href":"https:\/\/blogs.univ-tlse2.fr\/archeostraits\/wp-json\/wp\/v2\/pages\/501\/revisions\/576"}],"up":[{"embeddable":true,"href":"https:\/\/blogs.univ-tlse2.fr\/archeostraits\/wp-json\/wp\/v2\/pages\/494"}],"wp:attachment":[{"href":"https:\/\/blogs.univ-tlse2.fr\/archeostraits\/wp-json\/wp\/v2\/media?parent=501"}],"curies":[{"name":"wp","href":"https:\/\/api.w.org\/{rel}","templated":true}]}}