 {"id":503,"date":"2014-12-04T10:58:34","date_gmt":"2014-12-04T09:58:34","guid":{"rendered":"https:\/\/blogs.univ-tlse2.fr\/archeostraits\/?page_id=503"},"modified":"2014-12-12T19:21:20","modified_gmt":"2014-12-12T18:21:20","slug":"los-castillejos-de-alcorrin","status":"publish","type":"page","link":"https:\/\/blogs.univ-tlse2.fr\/archeostraits\/les-sites\/los-castillejos-de-alcorrin\/","title":{"rendered":"Los Castillejos de Alcorr\u00edn"},"content":{"rendered":"<p>Le site de Los Castillejos de Alcorr\u00edn est \u00e9tudi\u00e9 depuis 2007 par une \u00e9quipe dirig\u00e9e par Dirce Marzoli et compos\u00e9e de chercheurs de l\u2019Insitut arch\u00e9ologique allemand, du <em>Centro de Estudios Fenicios y P\u00fanicos<\/em> et de la municipalit\u00e9 de Manilva, dans une optique interdisciplinaire.<\/p>\n<p>L\u2019emplacement, les dimensions et la puissance de ses fortifications, ainsi que son bon \u00e9tat de conservation, font de Los Castillejos de Alcorr\u00edn un site particuli\u00e8rement prometteur pour l\u2019\u00e9tude des premiers contacts entre les populations indig\u00e8nes et les Ph\u00e9niciens, dans le contexte du d\u00e9troit de Gibraltar \u00e0 la fin de l\u2019\u00e2ge du Bronze et au d\u00e9but de l\u2019\u00e2ge du fer. Sa position strat\u00e9gique, la taille extraordinaire de l\u2019agglom\u00e9ration et la complexit\u00e9 de sa double enceinte fortifi\u00e9e, t\u00e9moignent d\u2019un haut niveau de concentration du pouvoir. Ses 13 hectares de superficie et sa muraille de plus de 2000 m de circuit en font la plus importante agglom\u00e9ration fortifi\u00e9e connue sur les confins orientaux de l\u2019aire culturelle tartessienne. Elle contr\u00f4lait l&rsquo;acc\u00e8s \u00e0 un arri\u00e8re-pays riche en minerai, au nord de l&#8217;embouchure du R\u00edo Guadiaro o\u00f9, pr\u00e8s de Casa de Montilla en San Roque (C\u00e1diz), un \u00e9tablissement ph\u00e9nicien est fond\u00e9 au moment pr\u00e9cis de l&rsquo;\u00e9mergence de Los Castillejos de Alcorr\u00edn.<\/p>\n<div id=\"attachment_382\" style=\"width: 374px\" class=\"wp-caption aligncenter\"><a href=\"https:\/\/blogs.univ-tlse2.fr\/archeostraits\/files\/2014\/11\/Castillejos_Alcorri\u0301n_ae\u0301reo.jpg\"><img loading=\"lazy\" decoding=\"async\" aria-describedby=\"caption-attachment-382\" class=\"wp-image-382\" src=\"https:\/\/blogs.univ-tlse2.fr\/archeostraits\/files\/2014\/11\/Castillejos_Alcorri\u0301n_ae\u0301reo-300x199.jpg\" alt=\"Castillejos_Alcorri\u0301n_ae\u0301reo\" width=\"364\" height=\"249\" \/><\/a><p id=\"caption-attachment-382\" class=\"wp-caption-text\">Vue g\u00e9n\u00e9rale de Los Castillejos de Alcorr\u00edn<\/p><\/div>\n<p>Les datations <sup>14<\/sup>C placent \u00e0 la fin du IX<sup>e<\/sup> si\u00e8cle a.C. la fondation de l\u2019agglom\u00e9ration. Sont alors b\u00e2ties simultan\u00e9ment une fortification ext\u00e9rieure munie de 9 bastions sur le front Est, certains d\u2019entre eux conserv\u00e9s sur une hauteur de 11 m, une fortification int\u00e9rieure et, dans cette derni\u00e8re, des structures d\u2019habitat parmi lesquelles ont \u00e9t\u00e9 fouill\u00e9s deux b\u00e2timents \u00e0 plan complexe.<\/p>\n<p><a href=\"https:\/\/blogs.univ-tlse2.fr\/archeostraits\/files\/2014\/11\/Castillejos_Alcorrin_muralla.jpg\"><img loading=\"lazy\" decoding=\"async\" class=\"wp-image-383 aligncenter\" src=\"https:\/\/blogs.univ-tlse2.fr\/archeostraits\/files\/2014\/11\/Castillejos_Alcorrin_muralla.jpg\" alt=\"Castillejos_Alcorrin_muralla\" width=\"360\" height=\"276\" \/><\/a><\/p>\n<p>Le sch\u00e9ma constructif de deux b\u00e2timents situ\u00e9s \u00e0 l&rsquo;int\u00e9rieur de l&rsquo;enceinte int\u00e9rieure suit le m\u00eame plan r\u00e9gulateur, manifestement bas\u00e9 sur une unit\u00e9 de mesure commune. Sont conserv\u00e9s la base des murs en pierre et les sols\u00a0; des restes de l\u2019\u00e9l\u00e9vation en adobes sont rep\u00e9rables par endroits. Devant l\u2019entr\u00e9e de ces deux b\u00e2timents, et le long des murs ext\u00e9rieurs, s\u2019\u00e9tend sur une largeur de 1,5 m un sol de coquillages. Ce dispositif remarquable a des pr\u00e9c\u00e9dents dans le Proche-Orient et n\u2019est attest\u00e9 dans la p\u00e9ninsule Ib\u00e9rique, avec la m\u00eame extension, que dans le sanctuaire d\u2019El Carambolo (S\u00e9ville). Les deux b\u00e2timents, dont la fonction n\u2019est pas encore \u00e9tablie, sont les plus anciennes constructions \u00e0 plan quadrangulaire connues dans une r\u00e9gion o\u00f9, \u00e0 cette \u00e9poque, les maisons sont normalement b\u00e2ties en mat\u00e9riaux p\u00e9rissables sur un plan arrondi ou ovale. \u00c0 noter aussi une particularit\u00e9 que l\u2019on retrouve \u00e0 Acinipo (Ronda, M\u00e1laga), dans la haute vall\u00e9e du Guadiaro\u00a0: la porte des b\u00e2timents est pr\u00e9c\u00e9d\u00e9e, \u00e0 l\u2019ext\u00e9rieur, par une avanc\u00e9e trap\u00e9zo\u00efdale, qui dans le cas de Los Castillejos de Alcorr\u00edn est construite en coquillages.<\/p>\n<p><a href=\"https:\/\/blogs.univ-tlse2.fr\/archeostraits\/files\/2014\/11\/Castillejos_Alcorrin_2.jpg\"><img loading=\"lazy\" decoding=\"async\" class=\"wp-image-381 aligncenter\" src=\"https:\/\/blogs.univ-tlse2.fr\/archeostraits\/files\/2014\/11\/Castillejos_Alcorrin_2-300x189.jpg\" alt=\"Castillejos_Alcorrin_2\" width=\"357\" height=\"233\" \/><\/a><\/p>\n<p>La quantit\u00e9 de mobilier arch\u00e9ologique mise au jour est faible, mais suffisante cependant pour d\u00e9montrer que la phase finale du site appartient au Bronze Final local, tout en t\u00e9moignant de contacts avec les Ph\u00e9niciens. Plus de 95\u00a0% de la c\u00e9ramique appartient \u00e0 une production non tourn\u00e9e locale, le reste est de la c\u00e9ramique tourn\u00e9e d\u2019origine ph\u00e9nicienne occidentale. Il est \u00e0 noter que certains vases en c\u00e9ramique indig\u00e8ne portent des graffiti ph\u00e9niciens qui comptent parmi les plus anciennes inscriptions s\u00e9mitiques de la p\u00e9ninsule Ib\u00e9rique.<\/p>\n<p>Une activit\u00e9 m\u00e9tallurgique a \u00e9t\u00e9 mise en \u00e9vidence gr\u00e2ce \u00e0 la d\u00e9couverte de scories de fer \u2013 ce qui en fait l\u2019un des plus anciens sites de production de fer en Europe \u2013 qui proviennent manifestement de l&rsquo;exploitation de gisements m\u00e9tallif\u00e8res proches. Ces scories r\u00e9v\u00e8lent une technique de travail du minerai qui renvoie \u00e0 une tradition enracin\u00e9e dans le Moyen-Orient.<\/p>\n<p>La nature du terrain n&rsquo;a pas permis la conservation de mati\u00e8re organique permettant de reconstituer l&rsquo;environnement naturel. Les recherches pr\u00e9vues concernant les \u00ab\u00a0archives s\u00e9dimentaires\u00a0\u00bb des estuaires des fleuves les plus proches, sont donc d&rsquo;une importance majeure.<\/p>\n<p>Pour des raisons encore inconnues, l\u2019\u00e9tablissement fortifi\u00e9 fut abandonn\u00e9 peu de temps apr\u00e8s 800 a.C., apparemment de fa\u00e7on planifi\u00e9e. Aucune trace de destructions n\u2019a \u00e9t\u00e9 relev\u00e9e. L\u2019abandon du site survient \u00e0 la m\u00eame \u00e9poque que la grande expansion des comptoirs ph\u00e9niciens le long de la c\u00f4te, et que l\u2019apparition de sites indig\u00e8nes fortifi\u00e9s dans l&rsquo;arri\u00e8re-pays.<\/p>\n<p>Los Castillejos de Alcorr\u00edn offre un laboratoire unique pour l\u2019\u00e9tude de la p\u00e9riode de transition entre la fin de l\u2019\u00e2ge du Bronze et le d\u00e9but de l\u2019\u00e2ge du Fer\u00a0: celle des derni\u00e8res d\u00e9cennies du IX<sup>e<\/sup> si\u00e8cle et le VIII<sup>e<\/sup> si\u00e8cle a.C., pendant laquelle les \u00e9changes avec les Ph\u00e9niciens font \u00e9merger de nouveaux comportements dans les activit\u00e9s \u00e9conomiques, les formes d\u2019organisation sociale et les modes de vie, et induisent de nouvelles formes d&rsquo;utilisation des ressources naturelles dont l&rsquo;effet devrait \u00e9galement se refl\u00e9ter dans le paysage environnant.<\/p>","protected":false},"excerpt":{"rendered":"<p>Le site de Los Castillejos de Alcorr\u00edn est \u00e9tudi\u00e9 depuis 2007 par une \u00e9quipe dirig\u00e9e par Dirce Marzoli et compos\u00e9e de chercheurs de l\u2019Insitut arch\u00e9ologique allemand, du Centro de Estudios Fenicios y P\u00fanicos et de la municipalit\u00e9 de Manilva, dans&hellip;<\/p>\n<p class=\"more-link-p\"><a class=\"more-link\" href=\"https:\/\/blogs.univ-tlse2.fr\/archeostraits\/les-sites\/los-castillejos-de-alcorrin\/\">Read more &rarr;<\/a><\/p>\n","protected":false},"author":252,"featured_media":0,"parent":494,"menu_order":0,"comment_status":"closed","ping_status":"closed","template":"","meta":{"footnotes":"","_links_to":"","_links_to_target":""},"class_list":["post-503","page","type-page","status-publish","hentry"],"_links":{"self":[{"href":"https:\/\/blogs.univ-tlse2.fr\/archeostraits\/wp-json\/wp\/v2\/pages\/503","targetHints":{"allow":["GET"]}}],"collection":[{"href":"https:\/\/blogs.univ-tlse2.fr\/archeostraits\/wp-json\/wp\/v2\/pages"}],"about":[{"href":"https:\/\/blogs.univ-tlse2.fr\/archeostraits\/wp-json\/wp\/v2\/types\/page"}],"author":[{"embeddable":true,"href":"https:\/\/blogs.univ-tlse2.fr\/archeostraits\/wp-json\/wp\/v2\/users\/252"}],"replies":[{"embeddable":true,"href":"https:\/\/blogs.univ-tlse2.fr\/archeostraits\/wp-json\/wp\/v2\/comments?post=503"}],"version-history":[{"count":8,"href":"https:\/\/blogs.univ-tlse2.fr\/archeostraits\/wp-json\/wp\/v2\/pages\/503\/revisions"}],"predecessor-version":[{"id":513,"href":"https:\/\/blogs.univ-tlse2.fr\/archeostraits\/wp-json\/wp\/v2\/pages\/503\/revisions\/513"}],"up":[{"embeddable":true,"href":"https:\/\/blogs.univ-tlse2.fr\/archeostraits\/wp-json\/wp\/v2\/pages\/494"}],"wp:attachment":[{"href":"https:\/\/blogs.univ-tlse2.fr\/archeostraits\/wp-json\/wp\/v2\/media?parent=503"}],"curies":[{"name":"wp","href":"https:\/\/api.w.org\/{rel}","templated":true}]}}