 {"id":2,"date":"2017-06-13T10:54:54","date_gmt":"2017-06-13T08:54:54","guid":{"rendered":"https:\/\/blogs.univ-tlse2.fr\/arts-innovation-amerique-latine\/?page_id=2"},"modified":"2022-09-24T11:28:33","modified_gmt":"2022-09-24T09:28:33","slug":"page-d-exemple","status":"publish","type":"page","link":"https:\/\/blogs.univ-tlse2.fr\/arts-innovation-amerique-latine\/page-d-exemple\/","title":{"rendered":"Pr\u00e9sentation du blog"},"content":{"rendered":"<p>Ce blog est aliment\u00e9 par les travaux des \u00e9tudiant\u00b7es du <a href=\"https:\/\/ipeat.univ-tlse2.fr\/accueil\/formation\/presentation-du-master\">Master Civilisations, cultures et soci\u00e9t\u00e9s<\/a> de l&rsquo;<a href=\"https:\/\/ipeat.univ-tlse2.fr\">IPEAT<\/a>. \u00a0Il s&rsquo;assigne comme objectif de\u00a0pr\u00e9senter et contribuer \u00e0 la diffusion des pratiques artistiques alternatives ou contre-culturelles dans les champs latino-am\u00e9ricains.<\/p>\n<p>Ce blog \u00a0se centre sur\u00a0deux m\u00e9dium issus des cultures minoritaires:<\/p>\n<ul>\n<li>la <a href=\"https:\/\/www.universalis.fr\/dictionnaire\/cyberculture\/\">cyberculture<\/a>,<\/li>\n<li>la production <em><a href=\"https:\/\/www.construirtv.com\/que-son-las-editoriales-cartoneras\/\">cartonera<\/a>,\u00a0<\/em>production artisanale de livres dont la couverture est faite de carton.<\/li>\n<\/ul>\n<p>Deux types de production qu\u2019<em>a priori<\/em> tout s\u00e9pare mais qui traduisent une m\u00eame r\u00e9ponse aux probl\u00e9matiques qui traversent actuellement les champs artistiques latino-am\u00e9ricains : n\u00e9olib\u00e9ralisation du champ artistique, discriminations ethniques\/de genre, censures, etc.).<\/p>\n","protected":false},"excerpt":{"rendered":"<p>Ce blog est aliment\u00e9 par les travaux des \u00e9tudiant\u00b7es du Master Civilisations, cultures et soci\u00e9t\u00e9s de l&rsquo;IPEAT. \u00a0Il s&rsquo;assigne comme objectif de\u00a0pr\u00e9senter et contribuer \u00e0 la diffusion des pratiques artistiques alternatives ou contre-culturelles dans les champs latino-am\u00e9ricains. Ce blog \u00a0se centre sur\u00a0deux m\u00e9dium issus des cultures minoritaires: la cyberculture, la production cartonera,\u00a0production artisanale de livres [&hellip;]<\/p>\n","protected":false},"author":408,"featured_media":0,"parent":0,"menu_order":0,"comment_status":"closed","ping_status":"closed","template":"","meta":{"footnotes":""},"class_list":["post-2","page","type-page","status-publish","hentry","post-preview"],"_links":{"self":[{"href":"https:\/\/blogs.univ-tlse2.fr\/arts-innovation-amerique-latine\/wp-json\/wp\/v2\/pages\/2","targetHints":{"allow":["GET"]}}],"collection":[{"href":"https:\/\/blogs.univ-tlse2.fr\/arts-innovation-amerique-latine\/wp-json\/wp\/v2\/pages"}],"about":[{"href":"https:\/\/blogs.univ-tlse2.fr\/arts-innovation-amerique-latine\/wp-json\/wp\/v2\/types\/page"}],"author":[{"embeddable":true,"href":"https:\/\/blogs.univ-tlse2.fr\/arts-innovation-amerique-latine\/wp-json\/wp\/v2\/users\/408"}],"replies":[{"embeddable":true,"href":"https:\/\/blogs.univ-tlse2.fr\/arts-innovation-amerique-latine\/wp-json\/wp\/v2\/comments?post=2"}],"version-history":[{"count":4,"href":"https:\/\/blogs.univ-tlse2.fr\/arts-innovation-amerique-latine\/wp-json\/wp\/v2\/pages\/2\/revisions"}],"predecessor-version":[{"id":3109,"href":"https:\/\/blogs.univ-tlse2.fr\/arts-innovation-amerique-latine\/wp-json\/wp\/v2\/pages\/2\/revisions\/3109"}],"wp:attachment":[{"href":"https:\/\/blogs.univ-tlse2.fr\/arts-innovation-amerique-latine\/wp-json\/wp\/v2\/media?parent=2"}],"curies":[{"name":"wp","href":"https:\/\/api.w.org\/{rel}","templated":true}]}}