 {"id":27,"date":"2011-06-21T20:08:59","date_gmt":"2011-06-21T18:08:59","guid":{"rendered":"https:\/\/blogs.univ-tlse2.fr\/atelier-informatique\/?page_id=27"},"modified":"2022-10-04T23:58:50","modified_gmt":"2022-10-04T21:58:50","slug":"les-formations","status":"publish","type":"page","link":"https:\/\/blogs.univ-tlse2.fr\/atelier-informatique\/les-formations\/","title":{"rendered":"FormaTh\u00e8se"},"content":{"rendered":"<h1 style=\"text-align: center\"><span style=\"color: #ff0000\">Formations \u00e0 distance<\/span><\/h1>\n<p><b>L\u2019atelier informatique de la Maison de la Recherche de l\u2019UT2J propose des formations, dont le but est d\u2019apporter une aide \u00e0 la prise en main de Word<sup>\u00a9<\/sup>, d\u00e8s le d\u00e9but de la r\u00e9daction, pour la mise en forme du m\u00e9moire de th\u00e8se.<\/b><\/p>\n<p><b>Ces formations sont con\u00e7ues sous forme de modules courts \u00e0 combiner selon les besoins.<\/b><\/p>\n<p>\u00a0<\/p>\n<p><span style=\"color: #000000;font-size: 2.4em\">Contenu des modules<\/span><\/p>\n<h2><span style=\"color: #339966\"><strong>Les indispensables<\/strong><\/span><\/h2>\n<p><b>\u2022<\/b><b> R\u00e8gles de typographie (2<\/b><b>h30<\/b><b>) &#8211; Pr\u00e9-requis indispensable.\u00a0<\/b><\/p>\n<p>Ce module est une pr\u00e9sentation g\u00e9n\u00e9rale sur la mise en forme des m\u00e9moires universitaires : r\u00e8gles de typo, r\u00e8gles de mises en pages, de mise en forme, jusqu&rsquo;au informations n\u00e9cessaire pour le d\u00e9p\u00f4t de la th\u00e8se et son impression. <u class=\"\"><\/u><\/p>\n<p><b>\u2022<\/b><b> Feuille de style (3<\/b><b>h<\/b><b>)<\/b><\/p>\n<p>L\u2019utilisation des styles automatiques propos\u00e9es par Word<sup>\u00a9<\/sup> est indispensable pour la r\u00e9daction de documents longs. Cela permet de r\u00e9duire consid\u00e9rablement le travail de saisie : sommaire, tables des illustrations, num\u00e9rotation des parties, et surtout \u00ab\u00a0fonction plan\u00a0\u00bb de ce logiciel.<span class=\"Apple-converted-space\">\u00a0<\/span><\/p>\n<p><b>\u2022<\/b><b> Trucs et astuces (2<\/b><b>h<\/b><b>)<\/b><\/p>\n<p>Un \u00ab\u00a0tour du propri\u00e9taire\u00a0\u00bb de Word<sup>\u00a9<\/sup> avec un floril\u00e8ge de trucs et astuces facilitera la r\u00e9daction d\u2019un m\u00e9moire de th\u00e8se universitaire.<\/p>\n<p><b>\u2022<\/b><b> Prise en main du gabarit de l\u2019UT2J (2<\/b><b>h<\/b><b>)<\/b><\/p>\n<p>Le gabarit de mise en forme des m\u00e9moires (disponible sur le blog de l\u2019atelier informatique) propose une stucturation des m\u00e9moires universitaire en coformit\u00e9 avec les r\u00e8gles de typographie et des bonnes pratiques de Word<sup>\u00a9<\/sup>. Mais une petite inititation \u00e0 sa prise en main peut s\u2019av\u00e9rer utile pour faciliter et anticiper, d\u00e8s la r\u00e9daction, les derni\u00e8res \u00e9tapes de publication.<\/p>\n<h2><span style=\"color: #339966\"><strong>Divers<\/strong><\/span><\/h2>\n<p><b>\u2022<\/b><b> Images et illustrations (3<\/b><b>h<\/b><b>)<\/b><\/p>\n<p>La compr\u00e9hension des diff\u00e9rents formats permettra de g\u00e9rer et d&rsquo;int\u00e9grer images (photos) et illustrations (graphiques, sch\u00e9mas&#8230;), dans un m\u00e9moire universitaire.<\/p>\n<p><b>\u2022<\/b><b> Tableaux (1<\/b><b>h<\/b><b>)<\/b><\/p>\n<p>La cr\u00e9ation et l&rsquo;int\u00e9gration des tableaux ob\u00e9issent \u00e0 quelles r\u00e8gles de fonctionnement \u00e0 conna\u00eetre.<\/p>\n<p><b>\u2022<\/b><b> Sections, en-t\u00eates et pieds de page (3<\/b><b>h<\/b><b>)<\/b><\/p>\n<p>Pour pr\u00e9senter un document bien structur\u00e9, on peut utiliser des ent\u00eates diff\u00e9rentes en fonction des parties et g\u00e9rer les sections et les sauts de page.<\/p>\n<p><b>\u2022<\/b><b> Index (2<\/b><b>h<\/b><b>)<\/b><\/p>\n<p>Constituer un index \u00e0 la fin de son m\u00e9moire peut s\u2019av\u00e9rer utile, mais r\u00e9f\u00e9rencer des dizaines de mots dans des centaines de pages est fastidieux, sauf si&#8230; on utilise les automatisations propos\u00e9es par Word<sup>\u00a9<\/sup>.<\/p>\n<h2><span style=\"color: #339966\"><strong>Pr\u00e9pare l&rsquo;impression<\/strong><\/span><\/h2>\n<p><b>\u2022<\/b><b> Assemblage des annexes (2<\/b><b>h<\/b><b>) <\/b><b>(n\u00e9cessite Acrobat Pro)<\/b><\/p>\n<p>L\u2019obligation de d\u00e9poser un m\u00e9moire enti\u00e8rement num\u00e9rique implique aujourd\u2019hui que tous les documents d\u2019annexes soient int\u00e9gr\u00e9s au fichier \u00ab\u00a0pdf\u00a0\u00bb final, num\u00e9rot\u00e9s et homog\u00e9n\u00e9is\u00e9s.<span class=\"Apple-converted-space\">\u00a0<\/span><\/p>\n<p><b>\u2022<\/b><b> PDF pour la diffusion num\u00e9rique (2<\/b><b>h<\/b><b>)<\/b><\/p>\n<p>Comment optimiser un m\u00e9moire pour le d\u00e9p\u00f4t de la th\u00e8se en ligne et les envois sous format num\u00e9rique.<\/p>\n<p><b>\u2022<\/b><b> PDF pour l\u2019impression (2<\/b><b>h<\/b><b>)<\/b><\/p>\n<p>Comment pr\u00e9parer un m\u00e9moire optimal pour l\u2019impression, en conformit\u00e9 avec les directives de l\u2019atelier d\u2019imprimerie de l\u2019UT2J.<\/p>\n<p><strong>\u2022 Index<\/strong><\/p>\n<p><a href=\"https:\/\/blogs.univ-tlse2.fr\/atelier-informatique\/files\/2020\/07\/FormaTh\u00e8se-Module-8-Index-Support-de-cours-Juin2020.pdf\">Tutoriel pour r\u00e9aliser un Index avec Word<\/a><\/p>\n\n\n<p><\/p>\n","protected":false},"excerpt":{"rendered":"<p>Formations \u00e0 distance L\u2019atelier informatique de la Maison de la Recherche de l\u2019UT2J propose des formations, dont le but est d\u2019apporter une aide \u00e0 la prise en main de Word\u00a9, d\u00e8s le d\u00e9but de la r\u00e9daction, pour la mise en &hellip; <a href=\"https:\/\/blogs.univ-tlse2.fr\/atelier-informatique\/les-formations\/\">Continuer la lecture <span class=\"meta-nav\">&rarr;<\/span><\/a><\/p>\n","protected":false},"author":80,"featured_media":0,"parent":0,"menu_order":0,"comment_status":"open","ping_status":"open","template":"","meta":{"footnotes":""},"class_list":["post-27","page","type-page","status-publish","hentry"],"_links":{"self":[{"href":"https:\/\/blogs.univ-tlse2.fr\/atelier-informatique\/wp-json\/wp\/v2\/pages\/27","targetHints":{"allow":["GET"]}}],"collection":[{"href":"https:\/\/blogs.univ-tlse2.fr\/atelier-informatique\/wp-json\/wp\/v2\/pages"}],"about":[{"href":"https:\/\/blogs.univ-tlse2.fr\/atelier-informatique\/wp-json\/wp\/v2\/types\/page"}],"author":[{"embeddable":true,"href":"https:\/\/blogs.univ-tlse2.fr\/atelier-informatique\/wp-json\/wp\/v2\/users\/80"}],"replies":[{"embeddable":true,"href":"https:\/\/blogs.univ-tlse2.fr\/atelier-informatique\/wp-json\/wp\/v2\/comments?post=27"}],"version-history":[{"count":36,"href":"https:\/\/blogs.univ-tlse2.fr\/atelier-informatique\/wp-json\/wp\/v2\/pages\/27\/revisions"}],"predecessor-version":[{"id":254,"href":"https:\/\/blogs.univ-tlse2.fr\/atelier-informatique\/wp-json\/wp\/v2\/pages\/27\/revisions\/254"}],"wp:attachment":[{"href":"https:\/\/blogs.univ-tlse2.fr\/atelier-informatique\/wp-json\/wp\/v2\/media?parent=27"}],"curies":[{"name":"wp","href":"https:\/\/api.w.org\/{rel}","templated":true}]}}