 {"id":112,"date":"2022-06-11T22:04:58","date_gmt":"2022-06-11T20:04:58","guid":{"rendered":"https:\/\/blogs.univ-tlse2.fr\/athip\/?page_id=112"},"modified":"2022-06-12T14:16:57","modified_gmt":"2022-06-12T12:16:57","slug":"a-propos","status":"publish","type":"page","link":"https:\/\/blogs.univ-tlse2.fr\/athip\/a-propos\/","title":{"rendered":"1. A propos&#8230;"},"content":{"rendered":"\n<p><\/p>\n\n\n\n<p><\/p>\n\n\n\n<p>L&rsquo;ATHIP (Atelier Transatlantique d&rsquo;Histoire Intellectuelle et Politique) est un s\u00e9minaire de recherche co-fond\u00e9 par Fran\u00e7oise Coste, L\u00e9a Stephan, Rachel Rogers et Alexandra Sippel en 2013. Depuis 2021, il est anim\u00e9 par Hilary Sanders, Rachel Rogers et Alexandra Sippel. Il s&rsquo;inscrit dans l&rsquo;Axe 3 (Crises et Reconfigurations) du Laboratoire CAS (EA 801) dont nous sommes membres. Nous organisons un s\u00e9minaire mensuel entre octobre et juin, ainsi que des journ\u00e9es d&rsquo;\u00e9tudes th\u00e9matiques, parfois adoss\u00e9es aux programmes de l&rsquo;agr\u00e9gation externe d&rsquo;anglais. <\/p>\n\n\n\n<p>Apr\u00e8s plusieurs ann\u00e9es \u00e0 travailler sur le th\u00e8me de la d\u00e9mocratie et des mouvements populaires et\/ou radicaux dans l&rsquo;espace atlantique, essentiellement britannique et \u00e9tats-unien, nous nous tournons depuis cette ann\u00e9e 2021-2022 vers une nouvelle question: la construction des communs. Pour cette ann\u00e9e inaugurale sur ce nouveau th\u00e8me, nous avons chacune propos\u00e9 une conf\u00e9rence d&rsquo;une heure environ afin d&rsquo;affiner nos orientations de recherches pour les ann\u00e9es \u00e0 venir. <\/p>\n\n\n\n<p>Ce blog se propose de donner le programme de nos travaux, ainsi que les enregistrements des conf\u00e9rences (\u00e0 la condition expresse que nos invit\u00e9s aient donn\u00e9 leur accord pour cette mise en ligne). Vous les trouverez dans l&rsquo;onglet \u00ab\u00a0m\u00e9dias\u00a0\u00bb sur la page d&rsquo;accueil.<\/p>\n\n\n\n<p><\/p>\n\n\n\n<p>ATHIP (Workshop of Transatlantic Intellectual and Political History) is a research seminar that was originally created by Fran\u00e7oise Coste, L\u00e9a Stephan, Rachel Rogers and Alexandra Sippel in 2013. It is now animated by Hilary Sanders, Rachel Rogers and Alexandra Sippel. ATHIP is part of the Axe 3 (Crises and Reconfigurations) of the CAS laboratory (EA 801, Universit\u00e9 Toulouse Jean Jaur\u00e8s). We organise monthly sessions from October\/November to June, as well as one-day conferences, sometimes dedicated to the themes addressed in the programmes of national competitive exams for would-be teachers. <\/p>\n\n\n\n<p>For the first few years, we worked on the question of democracy and popular or radical movement in the Atlantic world, mainly in the British Isles and the USA. From this year onwards, our main topic will be \u00ab\u00a0Constructing the Commons.\u00a0\u00bb As 2021-2022 was the first year dedicated to this new question, we chose to just have a three conference programme, and to each propose a one-hour lecture on an aspect that we found of interest. <\/p>\n\n\n\n<p>The purpose of this blog is to share information about our programme. Those interested will also be able to find the recordings of our past sessions (only with explicit permission). You can find them in the \u00ab\u00a0media\u00a0\u00bb section of the blog.<\/p>\n\n\n\n<p><\/p>\n","protected":false},"excerpt":{"rendered":"<p>L&rsquo;ATHIP (Atelier Transatlantique d&rsquo;Histoire Intellectuelle et Politique) est un s\u00e9minaire de recherche co-fond\u00e9 par Fran\u00e7oise Coste, L\u00e9a Stephan, Rachel Rogers et Alexandra Sippel en 2013. Depuis 2021, il est anim\u00e9 par Hilary Sanders, Rachel Rogers et Alexandra Sippel. Il s&rsquo;inscrit dans l&rsquo;Axe 3 (Crises et Reconfigurations) du Laboratoire CAS (EA 801) dont nous sommes membres. [&hellip;]<\/p>\n","protected":false},"author":688,"featured_media":0,"parent":0,"menu_order":0,"comment_status":"closed","ping_status":"closed","template":"","meta":{"footnotes":""},"class_list":["post-112","page","type-page","status-publish","hentry"],"_links":{"self":[{"href":"https:\/\/blogs.univ-tlse2.fr\/athip\/wp-json\/wp\/v2\/pages\/112","targetHints":{"allow":["GET"]}}],"collection":[{"href":"https:\/\/blogs.univ-tlse2.fr\/athip\/wp-json\/wp\/v2\/pages"}],"about":[{"href":"https:\/\/blogs.univ-tlse2.fr\/athip\/wp-json\/wp\/v2\/types\/page"}],"author":[{"embeddable":true,"href":"https:\/\/blogs.univ-tlse2.fr\/athip\/wp-json\/wp\/v2\/users\/688"}],"replies":[{"embeddable":true,"href":"https:\/\/blogs.univ-tlse2.fr\/athip\/wp-json\/wp\/v2\/comments?post=112"}],"version-history":[{"count":2,"href":"https:\/\/blogs.univ-tlse2.fr\/athip\/wp-json\/wp\/v2\/pages\/112\/revisions"}],"predecessor-version":[{"id":125,"href":"https:\/\/blogs.univ-tlse2.fr\/athip\/wp-json\/wp\/v2\/pages\/112\/revisions\/125"}],"wp:attachment":[{"href":"https:\/\/blogs.univ-tlse2.fr\/athip\/wp-json\/wp\/v2\/media?parent=112"}],"curies":[{"name":"wp","href":"https:\/\/api.w.org\/{rel}","templated":true}]}}