 {"id":130,"date":"2022-06-21T11:51:44","date_gmt":"2022-06-21T09:51:44","guid":{"rendered":"https:\/\/blogs.univ-tlse2.fr\/athip\/?page_id=130"},"modified":"2022-06-21T13:24:59","modified_gmt":"2022-06-21T11:24:59","slug":"4-notes-de-lecture-lecture-notes","status":"publish","type":"page","link":"https:\/\/blogs.univ-tlse2.fr\/athip\/4-notes-de-lecture-lecture-notes\/","title":{"rendered":"4. Notes de lecture\/Reading notes"},"content":{"rendered":"\n<p>Cette page rassemble nos notes de lectures sur le th\u00e8me des communs. Ces notes n&rsquo;ont pas vocation \u00e0 \u00eatre aussi d\u00e9taill\u00e9es que des recensions \u00e0 proprement parler.  <\/p>\n\n\n\n<p>This page hosts our thoughts on our latest readings about the Commons. Our notes are not necessarily as detailed as academic reviews. <\/p>\n","protected":false},"excerpt":{"rendered":"<p>Cette page rassemble nos notes de lectures sur le th\u00e8me des communs. Ces notes n&rsquo;ont pas vocation \u00e0 \u00eatre aussi d\u00e9taill\u00e9es que des recensions \u00e0 proprement parler. This page hosts our thoughts on our latest readings about the Commons. Our notes are not necessarily as detailed as academic reviews.<\/p>\n","protected":false},"author":688,"featured_media":0,"parent":0,"menu_order":0,"comment_status":"closed","ping_status":"closed","template":"","meta":{"footnotes":""},"class_list":["post-130","page","type-page","status-publish","hentry"],"_links":{"self":[{"href":"https:\/\/blogs.univ-tlse2.fr\/athip\/wp-json\/wp\/v2\/pages\/130","targetHints":{"allow":["GET"]}}],"collection":[{"href":"https:\/\/blogs.univ-tlse2.fr\/athip\/wp-json\/wp\/v2\/pages"}],"about":[{"href":"https:\/\/blogs.univ-tlse2.fr\/athip\/wp-json\/wp\/v2\/types\/page"}],"author":[{"embeddable":true,"href":"https:\/\/blogs.univ-tlse2.fr\/athip\/wp-json\/wp\/v2\/users\/688"}],"replies":[{"embeddable":true,"href":"https:\/\/blogs.univ-tlse2.fr\/athip\/wp-json\/wp\/v2\/comments?post=130"}],"version-history":[{"count":3,"href":"https:\/\/blogs.univ-tlse2.fr\/athip\/wp-json\/wp\/v2\/pages\/130\/revisions"}],"predecessor-version":[{"id":135,"href":"https:\/\/blogs.univ-tlse2.fr\/athip\/wp-json\/wp\/v2\/pages\/130\/revisions\/135"}],"wp:attachment":[{"href":"https:\/\/blogs.univ-tlse2.fr\/athip\/wp-json\/wp\/v2\/media?parent=130"}],"curies":[{"name":"wp","href":"https:\/\/api.w.org\/{rel}","templated":true}]}}