 {"id":40,"date":"2019-09-25T15:20:27","date_gmt":"2019-09-25T13:20:27","guid":{"rendered":"https:\/\/blogs.univ-tlse2.fr\/athip\/?page_id=40"},"modified":"2022-06-11T22:36:20","modified_gmt":"2022-06-11T20:36:20","slug":"programme-athip-2019-2020","status":"publish","type":"page","link":"https:\/\/blogs.univ-tlse2.fr\/athip\/programme-athip-2019-2020\/","title":{"rendered":"Archives: Programme 2019-2020."},"content":{"rendered":"\n<p>Jeudi 7 novembre. Kristine Mitchell (Dickinson College): <strong><em>\u00ab\u00a0Southall: Crucible of Race Relations in Postwar Britain\u00a0\u00bb<\/em><\/strong> (12h30-14h, Maison de la Recherche salle E411)<\/p>\n\n\n\n<p>Jeudi 28 novembre. Marie-Violaine Louvet (Toulouse-Jean Jaur\u00e8s): <strong><em>\u00ab\u00a0La naissance et l&rsquo;\u00e9volution du mouvement anti-guerre en Irlande, depuis la premi\u00e8re Guerre du Golfe en 1991 jusqu&rsquo;\u00e0 aujourd&rsquo;hui\u00a0\u00bb<\/em><\/strong>  (12h30-14h, Maison de la Recherche, salle E 412) <\/p>\n\n\n\n<p>Mardi 10 d\u00e9cembre. Claire Anchordoqui (Toulouse-Jean Jaur\u00e8s): <em><strong>\u00ab\u00a0L&rsquo;enseignement de l&rsquo;histoire dans les \u00e9coles tribales du Dakota du Sud: Compte-rendu de terrain et r\u00e9flexion autour des sources\u00a0\u00bb<\/strong><\/em>  (12h30-14h, Maison de la Recherche, salle E411) <\/p>\n\n\n\n<p>Mardi 28 janvier. Elodie Grossi (Toulouse-Jean Jaur\u00e8s): <em><strong>\u00ab\u00a0&lsquo;Bad Brains&rsquo;: Race et psychiatrie de la fin de l&rsquo;esclavage \u00e0 l&rsquo;\u00e9poque contemporaine aux Etats-Unis\u00a0\u00bb<\/strong><\/em>  (12h30-14h, Maison de la Recherche, salle E 411) <\/p>\n\n\n\n<p>Vendredi 06 mars . Projection du film <em>Peterloo <\/em>de Mike Leigh et demi-journ\u00e9e d&rsquo;\u00e9tudes autour des comm\u00e9morations du massacre de Peterloo (1819). Fabrice Bensimon: <strong><em>\u00ab\u00a0Remembering Peteloo in the Bicentenary Year\u00a0\u00bb<\/em><\/strong>, autour de son ouvrage <em>Samuel Bamford, la vie d&rsquo;un radical anglais au temps de Peterloo<\/em> (Paris: Editions sociales, 2019). Avec la participation de Rachel Rogers, Helen Goethals et Alexandra Sippel de l&rsquo;UT2J.  (12h30-14h, Maison de la Recherche, salle D 30, D 28 pour les pauses) <\/p>\n\n\n\n<p>Mardi 24 mars. Victor Silverman (Pomona College). <em><strong>\u00ab\u00a0Left Realism: Rethinking War Peace and the World System\u00a0\u00bb<\/strong><\/em>  (12h30-14h, Maison de la Recherche, salle E412) <\/p>\n\n\n\n<p>Avril (date d\u00e9termin\u00e9e ult\u00e9rieurement). Kathleen Donohue (Central Michigan). Titre provisoire: <strong><em>\u00ab\u00a0La campagne de Bernie Sanders dans la campagne des primaires d\u00e9mocrates aux Etats-Unis\u00a0\u00bb <\/em><\/strong> (12h30-14h, Maison de la Recherche) <\/p>\n","protected":false},"excerpt":{"rendered":"<p>Jeudi 7 novembre. Kristine Mitchell (Dickinson College): \u00ab\u00a0Southall: Crucible of Race Relations in Postwar Britain\u00a0\u00bb (12h30-14h, Maison de la Recherche salle E411) Jeudi 28 novembre. Marie-Violaine Louvet (Toulouse-Jean Jaur\u00e8s): \u00ab\u00a0La naissance et l&rsquo;\u00e9volution du mouvement anti-guerre en Irlande, depuis la premi\u00e8re Guerre du Golfe en 1991 jusqu&rsquo;\u00e0 aujourd&rsquo;hui\u00a0\u00bb (12h30-14h, Maison de la Recherche, salle E [&hellip;]<\/p>\n","protected":false},"author":688,"featured_media":0,"parent":0,"menu_order":0,"comment_status":"closed","ping_status":"closed","template":"","meta":{"footnotes":""},"class_list":["post-40","page","type-page","status-publish","hentry"],"_links":{"self":[{"href":"https:\/\/blogs.univ-tlse2.fr\/athip\/wp-json\/wp\/v2\/pages\/40","targetHints":{"allow":["GET"]}}],"collection":[{"href":"https:\/\/blogs.univ-tlse2.fr\/athip\/wp-json\/wp\/v2\/pages"}],"about":[{"href":"https:\/\/blogs.univ-tlse2.fr\/athip\/wp-json\/wp\/v2\/types\/page"}],"author":[{"embeddable":true,"href":"https:\/\/blogs.univ-tlse2.fr\/athip\/wp-json\/wp\/v2\/users\/688"}],"replies":[{"embeddable":true,"href":"https:\/\/blogs.univ-tlse2.fr\/athip\/wp-json\/wp\/v2\/comments?post=40"}],"version-history":[{"count":7,"href":"https:\/\/blogs.univ-tlse2.fr\/athip\/wp-json\/wp\/v2\/pages\/40\/revisions"}],"predecessor-version":[{"id":124,"href":"https:\/\/blogs.univ-tlse2.fr\/athip\/wp-json\/wp\/v2\/pages\/40\/revisions\/124"}],"wp:attachment":[{"href":"https:\/\/blogs.univ-tlse2.fr\/athip\/wp-json\/wp\/v2\/media?parent=40"}],"curies":[{"name":"wp","href":"https:\/\/api.w.org\/{rel}","templated":true}]}}