 {"id":211,"date":"2010-11-22T16:11:19","date_gmt":"2010-11-22T15:11:19","guid":{"rendered":"https:\/\/blogs.univ-tlse2.fr\/bca\/?page_id=211"},"modified":"2013-12-20T10:21:52","modified_gmt":"2013-12-20T09:21:52","slug":"le-projet","status":"publish","type":"page","link":"https:\/\/blogs.univ-tlse2.fr\/bca\/le-projet\/","title":{"rendered":"Le projet"},"content":{"rendered":"<p>Pr\u00e9sentation<\/p>\n<p>L\u2019institut Fondamental d\u2019Afrique Noire (IFAN) regroupe \u00e0 ce jour des  fonds iconographiques et audiovisuels d\u2019une valeur inestimable pour la  m\u00e9moire des peuples africains. La plupart de ces documents subissent des  d\u00e9gradations inh\u00e9rentes \u00e0 leurs types de support souvent tr\u00e8s anciens.  Ce projet, n\u00e9 du devoir de sauvegarde d\u2019un patrimoine exceptionnel se  d\u00e9cline en trois grands axes :<\/p>\n<ol>\n<li>Restauration, documentation et num\u00e9risation<\/li>\n<li>Valorisation et diss\u00e9mination<\/li>\n<li>Formation et p\u00e9rennisation<\/li>\n<\/ol>\n<p>A terme il s\u2019agit de doter l\u2019IFAN des outils et des  comp\u00e9tences n\u00e9cessaires pour d\u00e9velopper une politique de conservation de  ses fonds b\u00e9n\u00e9ficiant des derni\u00e8res avanc\u00e9es technologiques en mati\u00e8re  d\u2019archivage, d\u2019y cr\u00e9er un p\u00f4le d\u2019expertise en mati\u00e8re de num\u00e9risation et  de valorisation susceptible de rayonner dans la sous-r\u00e9gion, de  d\u00e9velopper une banque de ressources index\u00e9es pour l\u2019exploitation des  documents et de communiquer autour de ce nouvel outil, de cr\u00e9er un site  Internet pour la diffusion grand public des documents et d\u2019initier des  programmes p\u00e9dagogiques en ligne de premier niveau (primaire et  secondaire) autour de ces documents.<\/p>\n","protected":false},"excerpt":{"rendered":"<p>Pr\u00e9sentation<br \/>\nL\u2019institut Fondamental d\u2019Afrique Noire (IFAN) regroupe \u00e0 ce jour des  fonds iconographiques et audiovisuels d\u2019une valeur inestimable pour la  m\u00e9moire des peuples africains. La plupart de ces documents subissent des  d\u00e9gradations inh\u00e9rentes \u00e0 leurs types de support souvent tr\u00e8s anciens.  Ce projet, n\u00e9 du devoir de sauvegarde d\u2019un patrimoine exceptionnel se  d\u00e9cline en trois grands axes :<\/p>\n<p>Restauration, documentation et num\u00e9risation<br \/>\nValorisation et diss\u00e9mination<br \/>\nFormation et p\u00e9rennisation<\/p>\n<p>A terme il s\u2019agit de doter l\u2019IFAN des outils et des  comp\u00e9tences n\u00e9cessaires pour d\u00e9velopper une politique de conservation de  &#8230;<\/p>\n","protected":false},"author":1,"featured_media":0,"parent":0,"menu_order":0,"comment_status":"closed","ping_status":"closed","template":"","meta":{"footnotes":""},"class_list":["post-211","page","type-page","status-publish","hentry"],"_links":{"self":[{"href":"https:\/\/blogs.univ-tlse2.fr\/bca\/wp-json\/wp\/v2\/pages\/211","targetHints":{"allow":["GET"]}}],"collection":[{"href":"https:\/\/blogs.univ-tlse2.fr\/bca\/wp-json\/wp\/v2\/pages"}],"about":[{"href":"https:\/\/blogs.univ-tlse2.fr\/bca\/wp-json\/wp\/v2\/types\/page"}],"author":[{"embeddable":true,"href":"https:\/\/blogs.univ-tlse2.fr\/bca\/wp-json\/wp\/v2\/users\/1"}],"replies":[{"embeddable":true,"href":"https:\/\/blogs.univ-tlse2.fr\/bca\/wp-json\/wp\/v2\/comments?post=211"}],"version-history":[{"count":3,"href":"https:\/\/blogs.univ-tlse2.fr\/bca\/wp-json\/wp\/v2\/pages\/211\/revisions"}],"predecessor-version":[{"id":356,"href":"https:\/\/blogs.univ-tlse2.fr\/bca\/wp-json\/wp\/v2\/pages\/211\/revisions\/356"}],"wp:attachment":[{"href":"https:\/\/blogs.univ-tlse2.fr\/bca\/wp-json\/wp\/v2\/media?parent=211"}],"curies":[{"name":"wp","href":"https:\/\/api.w.org\/{rel}","templated":true}]}}