 {"id":223,"date":"2010-11-22T16:50:08","date_gmt":"2010-11-22T15:50:08","guid":{"rendered":"https:\/\/blogs.univ-tlse2.fr\/bca\/?page_id=223"},"modified":"2013-12-20T10:21:52","modified_gmt":"2013-12-20T09:21:52","slug":"contexte-culturel","status":"publish","type":"page","link":"https:\/\/blogs.univ-tlse2.fr\/bca\/le-projet\/contexte-culturel\/","title":{"rendered":"Contexte culturel"},"content":{"rendered":"<p>La diversit\u00e9 des domaines th\u00e9matiques, des pays et zones   g\u00e9ographiques qu\u2019elles couvrent, ainsi que leur anciennet\u00e9 rendent   compte de toute la richesse et de l\u2019importance de ces collections.   L\u2019int\u00e9r\u00eat documentaire et scientifique avait guid\u00e9 leur r\u00e9alisation,   mais ce sont \u00e0 bien des \u00e9gards de v\u00e9ritables \u0153uvres d\u2019art : la   photographie coloniale africaine, domaine peu explor\u00e9, mais \u00e9galement   les chants, les danses et les sc\u00e8nes de la vie quotidienne depuis plus   de soixante ans grav\u00e9s sur les diff\u00e9rents supports offrent des   t\u00e9moignages pr\u00e9cieux pour explorer la m\u00e9moire du continent africain.<\/p>\n<p>Or, l\u2019absence jusqu\u2019\u00e0 pr\u00e9sent d\u2019une v\u00e9ritable politique de   conservation et de pr\u00e9servation fait que ces documents rares et fragiles   sont menac\u00e9s de disparition si des mesures ad\u00e9quates ne sont pas  prises  rapidement. En outre le manque de formation et les d\u00e9ficits en   \u00e9quipements performants ont emp\u00each\u00e9 la num\u00e9risation, et donc la gestion   moderne, l\u2019exploitation et la diffusion de ce patrimoine documentaire   hors du commun.<\/p>\n","protected":false},"excerpt":{"rendered":"<p>La diversit\u00e9 des domaines th\u00e9matiques, des pays et zones   g\u00e9ographiques qu\u2019elles couvrent, ainsi que leur anciennet\u00e9 rendent   compte de toute la richesse et de l\u2019importance de ces collections.   L\u2019int\u00e9r\u00eat documentaire et scientifique avait guid\u00e9 leur r\u00e9alisation,   mais ce sont \u00e0 bien des \u00e9gards de v\u00e9ritables \u0153uvres d\u2019art : la   photographie coloniale africaine, domaine peu explor\u00e9, mais \u00e9galement   les chants, les danses et les sc\u00e8nes de la vie quotidienne depuis plus   de soixante ans grav\u00e9s sur les &#8230;<\/p>\n","protected":false},"author":1,"featured_media":0,"parent":211,"menu_order":0,"comment_status":"closed","ping_status":"closed","template":"","meta":{"footnotes":""},"class_list":["post-223","page","type-page","status-publish","hentry"],"_links":{"self":[{"href":"https:\/\/blogs.univ-tlse2.fr\/bca\/wp-json\/wp\/v2\/pages\/223","targetHints":{"allow":["GET"]}}],"collection":[{"href":"https:\/\/blogs.univ-tlse2.fr\/bca\/wp-json\/wp\/v2\/pages"}],"about":[{"href":"https:\/\/blogs.univ-tlse2.fr\/bca\/wp-json\/wp\/v2\/types\/page"}],"author":[{"embeddable":true,"href":"https:\/\/blogs.univ-tlse2.fr\/bca\/wp-json\/wp\/v2\/users\/1"}],"replies":[{"embeddable":true,"href":"https:\/\/blogs.univ-tlse2.fr\/bca\/wp-json\/wp\/v2\/comments?post=223"}],"version-history":[{"count":2,"href":"https:\/\/blogs.univ-tlse2.fr\/bca\/wp-json\/wp\/v2\/pages\/223\/revisions"}],"predecessor-version":[{"id":357,"href":"https:\/\/blogs.univ-tlse2.fr\/bca\/wp-json\/wp\/v2\/pages\/223\/revisions\/357"}],"up":[{"embeddable":true,"href":"https:\/\/blogs.univ-tlse2.fr\/bca\/wp-json\/wp\/v2\/pages\/211"}],"wp:attachment":[{"href":"https:\/\/blogs.univ-tlse2.fr\/bca\/wp-json\/wp\/v2\/media?parent=223"}],"curies":[{"name":"wp","href":"https:\/\/api.w.org\/{rel}","templated":true}]}}