 {"id":234,"date":"2010-11-22T16:56:03","date_gmt":"2010-11-22T15:56:03","guid":{"rendered":"https:\/\/blogs.univ-tlse2.fr\/bca\/?page_id=234"},"modified":"2013-12-20T10:21:52","modified_gmt":"2013-12-20T09:21:52","slug":"colloque-nov-2007","status":"publish","type":"page","link":"https:\/\/blogs.univ-tlse2.fr\/bca\/colloque-nov-2007\/","title":{"rendered":"Colloque nov. 2007"},"content":{"rendered":"<p><a href=\"https:\/\/blogs.univ-tlse2.fr\/bca\/files\/2010\/11\/affiche_colloque_03.jpg\"><img loading=\"lazy\" decoding=\"async\" class=\"alignleft size-medium wp-image-80\" title=\"affiche_colloque_03\" src=\"https:\/\/blogs.univ-tlse2.fr\/bca\/files\/2010\/11\/affiche_colloque_03-211x300.jpg\" alt=\"\" width=\"211\" height=\"300\" srcset=\"https:\/\/blogs.univ-tlse2.fr\/bca\/files\/2010\/11\/affiche_colloque_03-211x300.jpg 211w, https:\/\/blogs.univ-tlse2.fr\/bca\/files\/2010\/11\/affiche_colloque_03-105x150.jpg 105w, https:\/\/blogs.univ-tlse2.fr\/bca\/files\/2010\/11\/affiche_colloque_03.jpg 219w\" sizes=\"auto, (max-width: 211px) 100vw, 211px\" \/><\/a>L&rsquo;Atelier de D\u00e9veloppement Internet et Multim\u00e9dia (ADIM &#8211; direction TICE) de l&rsquo;Universit\u00e9 de Toulouse II-Le Mirail (UTM &#8211; France) et l&rsquo;Institut Fondamental d&rsquo;Afrique Noire (IFAN  Cheik Anta Diop de Dakar &#8211; S\u00e9n\u00e9gal) ont l&rsquo;honneur de vous convier au  colloque international :<\/p>\n<h3><strong>l&rsquo;IFAN face \u00e0 la virtualisation de son patrimoine :<br \/>\nenjeux et perspectives<\/strong><\/h3>\n<p>Ce colloque est organis\u00e9 en collaboration avec le Groupe de Recherche en Histoire Imm\u00e9diate (<a href=\"http:\/\/framespa.univ-tlse2.fr\/95559405\/0\/fiche___pagelibre\/&amp;RH=ACCUEIL_FRAMESPA&amp;RF=equipe10_framespa\" target=\"_self\">GRHI<\/a>) \u00e9quipe 10 UMR 5136 &#8211; <a href=\"http:\/\/framespa.univ-tlse2.fr\/\" target=\"_self\">FRAMESPA<\/a> (<a title=\"Programme colloque\" href=\"http:\/\/galatea.univ-tlse2.fr\/ifan\/colloque-26-27-nov\/programme-colloque\" target=\"_self\">voir programme<\/a>).<\/p>\n<p>Il s&rsquo;inscrit dans le cadre du projet \u00ab\u00a0Biens Culturels Africains\u00a0\u00bb qui vise \u00e0 conserver, num\u00e9riser et valoriser les fonds patrimoniaux de l\u2019IFAN.<\/p>\n<p>Il sera anim\u00e9 autour de deux journ\u00e9es th\u00e9matiques suivi d&rsquo;une journ\u00e9e inaugurant une exposition photographique \u00ab\u00a0Femmes de l&rsquo;AOF : coiffures\u00a0\u00bb.<\/p>\n<p>Premi\u00e8re journ\u00e9e, le <strong>26\/11<\/strong> au <strong>Ch\u00e2teau de l&rsquo;UTM<\/strong> (<a href=\"http:\/\/www.univ-tlse2.fr\/39420700\/0\/fiche___pagelibre\/&amp;RH=adrloc\" target=\"_self\">voir acc\u00e8s<\/a>) :<\/p>\n<p><strong>Session 1 : les missions de l\u2019IFAN, mise en perspective historique<\/strong><br \/>\nNous nous int\u00e9resserons au contexte historique particulier (colonisation, ind\u00e9pendances) qui a vu se constituer les fonds patrimoniaux de l\u2019IFAN, et nous nous demanderons quel sens prend la num\u00e9risation de ce patrimoine dans l\u2019histoire de l\u2019IFAN.<strong><br \/>\n<\/strong><\/p>\n<p><strong>Session 2 : pr\u00e9servation, conservation, et sauvegarde de patrimoines documentaires<\/strong><br \/>\nNous pr\u00e9senterons le projet \u00ab Biens Culturels Africains \u00bb, d\u00e9taillerons certains de ses objectifs sous les angles de l\u2019archivistique et de la documentation, et tenterons de r\u00e9pondre \u00e0 cette question : comment num\u00e9riser ?<\/p>\n<p>Deuxi\u00e8me journ\u00e9e, le <strong>27\/11<\/strong> \u00e0 la <strong>Maison de la Recherche de l&rsquo;UTM<\/strong>, salle 029 (<a href=\"http:\/\/www.univ-tlse2.fr\/39420700\/0\/fiche___pagelibre\/&amp;RH=adrloc\" target=\"_self\">voir acc\u00e8s<\/a>) :<\/p>\n<p><strong>Session 3 : la valorisation de patrimoines documentaires, nouveaux enjeux<\/strong><br \/>\nPourquoi num\u00e9riser ? Dans quel but ? Pour quels usages ? Derri\u00e8re ces questions simples se cachent des probl\u00e8mes immenses et le v\u00e9ritable enjeu des grands chantiers de num\u00e9risation.<\/p>\n<p><strong>Session 4 : la litt\u00e9rature orale entre transmission et conservation <\/strong><br \/>\nParce que l\u2019Afrique est un continent de l\u2019oralit\u00e9, parce que le fonds audiovisuel de l\u2019IFAN comprend de nombreuses prises de son, nous tenterons de comprendre, \u00e0 travers des exp\u00e9riences d\u00e9j\u00e0 men\u00e9es par ailleurs, comment conserver et transmettre l\u2019oral.<\/p>\n<p>Au plaisir de vous y rencontrer.<\/p>\n<p>Contacts :<\/p>\n<p><strong>Eric FERRANTE <\/strong>| (33) 05 61 50 49 28<br \/>\nCharg\u00e9 de d\u00e9veloppement TIC<br \/>\nDTICE | Atelier D\u00e9veloppement Internet et Multim\u00e9dia<br \/>\nUniversit\u00e9 Toulouse II-Le Mirail<br \/>\nChef de projet\u00a0\u00bbBiens Culturels Africains\u00a0\u00bb sur Toulouse<br \/>\n<a href=\"&#x6d;&#x61;il&#x74;&#x6f;&#58;fe&#x72;&#x72;an&#x74;&#x65;&#64;un&#x69;&#x76;-t&#x6c;&#x73;&#101;2&#46;&#x66;&#x72;\" target=\"_self\">&#x66;&#101;r&#x72;&#97;n&#x74;&#x65;&#64;u&#x6e;&#105;v&#x2d;&#x74;ls&#x65;&#50;&#46;&#x66;&#x72;<br \/>\n<\/a><br \/>\n<strong>Nafissatou BAKHOUM<\/strong>| (221) 33 825 98 90<br \/>\nConservateur des Biblioth\u00e8ques | IFAN<br \/>\nChef du projet \u00ab Biens Culturels Africains \u00bb sur Dakar<br \/>\n<a href=\"m&#x61;&#x69;l&#116;&#x6f;:&#98;&#x61;k&#104;&#x6f;um&#x5f;&#x6e;a&#x66;&#x69;&#64;&#121;&#x61;h&#111;&#x6f;&#46;f&#x72;\">bak&#104;&#x6f;&#x75;&#x6d;_na&#102;&#x69;&#x40;&#x79;&#x61;hoo&#46;&#x66;&#x72;<\/a><\/p>\n<p><strong>Eric CASTEX<\/strong> | 05 61 50 40 36 | 06 23 51 01 43<br \/>\nChef service ADIM &#8211; Atelier D\u00e9veloppement Internet Multim\u00e9dia<\/p>\n<div>Direction TICE &#8211; Universit\u00e9 de Toulouse-Le Mirail<br \/>\n<a href=\"&#109;&#x61;&#105;&#x6c;&#116;&#x6f;&#58;&#x65;&#99;&#x61;s&#x74;e&#x78;&#64;&#x75;n&#x69;v&#x2d;t&#x6c;s&#x65;2&#x2e;f&#x72;\">&#x65;&#x63;&#97;st&#x65;&#x78;&#x40;&#117;ni&#x76;&#x2d;&#x74;&#108;se&#x32;&#x2e;&#x66;&#114;<\/a><\/div>\n","protected":false},"excerpt":{"rendered":"<p>L&rsquo;Atelier de D\u00e9veloppement Internet et Multim\u00e9dia (ADIM &#8211; direction TICE) de l&rsquo;Universit\u00e9 de Toulouse II-Le Mirail (UTM &#8211; France) et l&rsquo;Institut Fondamental d&rsquo;Afrique Noire (IFAN  Cheik Anta Diop de Dakar &#8211; S\u00e9n\u00e9gal) ont l&rsquo;honneur de vous convier au  colloque international :<br \/>\nl&rsquo;IFAN face \u00e0 la virtualisation de son patrimoine :<br \/>\nenjeux et perspectives<br \/>\nCe colloque est organis\u00e9 en collaboration avec le Groupe de Recherche en Histoire Imm\u00e9diate (GRHI) \u00e9quipe 10 UMR 5136 &#8211; FRAMESPA (voir programme).<br \/>\nIl s&rsquo;inscrit dans le cadre du projet \u00ab\u00a0Biens Culturels Africains\u00a0\u00bb qui vise \u00e0 conserver, num\u00e9riser et &#8230;<\/p>\n","protected":false},"author":1,"featured_media":0,"parent":0,"menu_order":3,"comment_status":"closed","ping_status":"closed","template":"","meta":{"footnotes":""},"class_list":["post-234","page","type-page","status-publish","hentry"],"_links":{"self":[{"href":"https:\/\/blogs.univ-tlse2.fr\/bca\/wp-json\/wp\/v2\/pages\/234","targetHints":{"allow":["GET"]}}],"collection":[{"href":"https:\/\/blogs.univ-tlse2.fr\/bca\/wp-json\/wp\/v2\/pages"}],"about":[{"href":"https:\/\/blogs.univ-tlse2.fr\/bca\/wp-json\/wp\/v2\/types\/page"}],"author":[{"embeddable":true,"href":"https:\/\/blogs.univ-tlse2.fr\/bca\/wp-json\/wp\/v2\/users\/1"}],"replies":[{"embeddable":true,"href":"https:\/\/blogs.univ-tlse2.fr\/bca\/wp-json\/wp\/v2\/comments?post=234"}],"version-history":[{"count":2,"href":"https:\/\/blogs.univ-tlse2.fr\/bca\/wp-json\/wp\/v2\/pages\/234\/revisions"}],"predecessor-version":[{"id":326,"href":"https:\/\/blogs.univ-tlse2.fr\/bca\/wp-json\/wp\/v2\/pages\/234\/revisions\/326"}],"wp:attachment":[{"href":"https:\/\/blogs.univ-tlse2.fr\/bca\/wp-json\/wp\/v2\/media?parent=234"}],"curies":[{"name":"wp","href":"https:\/\/api.w.org\/{rel}","templated":true}]}}