 {"id":237,"date":"2010-11-22T16:57:00","date_gmt":"2010-11-22T15:57:00","guid":{"rendered":"https:\/\/blogs.univ-tlse2.fr\/bca\/?page_id=237"},"modified":"2013-12-20T10:21:52","modified_gmt":"2013-12-20T09:21:52","slug":"le-programme","status":"publish","type":"page","link":"https:\/\/blogs.univ-tlse2.fr\/bca\/colloque-nov-2007\/le-programme\/","title":{"rendered":"Le programme"},"content":{"rendered":"<h2>Lundi 26 novembre 2007, salle du Ch\u00e2teau<\/h2>\n<table>\n<tbody>\n<tr>\n<td align=\"center\">9h \u2013 9h30<\/td>\n<td>Discours de Bienvenue : Abdou Salam SALL, Recteur de l\u2019UCAD, Daniel FIL\u00c2TRE, Pr\u00e9sident de l\u2019UTM<\/td>\n<\/tr>\n<tr>\n<td align=\"center\">9h30 &#8211; 10h<\/td>\n<td>Intervention de Pi\u00e9tro SICURO, directeur de l&rsquo;Institut de la Francophonie Num\u00e9rique<\/td>\n<\/tr>\n<tr>\n<td align=\"center\">10h \u2013 10h15<\/td>\n<td>Objet et attendu du colloque par Eric FERRANTE et Nafissatou BAKHOUM, chefs du projet Biens Culturels Africains<\/td>\n<\/tr>\n<tr>\n<td align=\"center\"><sup><em>10h15 &#8211; 10h30<\/em><\/sup><\/td>\n<td><sup><em>Pause<\/em><\/sup><\/td>\n<\/tr>\n<tr>\n<td align=\"center\"><strong>Session 1<\/strong><\/td>\n<td><strong>Les missions de l\u2019IFAN : mise en perspective historique<\/strong> <em><br \/>\n<sup>Mod\u00e9rateur : Mbaye THIAM, ma\u00eetre assistant, ex-directeur de l\u2019EBAD<\/sup><\/em><\/td>\n<\/tr>\n<tr>\n<td align=\"center\">10h30 &#8211; 11h30<\/td>\n<td>1. Fondation, histoire et patrimoine<br \/>\n<em>Papa NDIAYE \u2013 Directeur de l\u2019IFAN<\/em><\/p>\n<p>2. Constitution des patrimoines documentaires de l\u2019IFAN<br \/>\n<em>Gora DIA, Conservateur des Biblioth\u00e8ques \u2013 IFAN<\/em><\/p>\n<p>3. Constitution des savoirs de la colonisation aux ind\u00e9pendances<br \/>\n<em>M. Ibrahima LO &#8211; Directeur de l\u2019EBAD, Marie Albane de SUREMAIN &#8211;  Ma\u00eetre de conf\u00e9rences \u2013 IUFM Cr\u00e9teil<\/em><\/td>\n<\/tr>\n<tr>\n<td align=\"center\">11h30 &#8211; 12h<\/td>\n<td>Discussions, questions, d\u00e9bats<\/td>\n<\/tr>\n<tr>\n<td align=\"center\"><sup><em>12h &#8211; 14h<\/em><\/sup><\/td>\n<td><sup><em>Pause d\u00e9jeuner<\/em><\/sup><\/td>\n<\/tr>\n<tr>\n<td align=\"center\"><strong>Session 2 <\/strong><\/td>\n<td><strong>Pr\u00e9servation, conservation, et sauvegarde de patrimoines documentaires<\/strong><br \/>\n<sup><em>Mod\u00e9rateur : Philippe DEDIEU, Directeur DTICE &#8211; UTM<\/em><\/sup><\/td>\n<\/tr>\n<tr>\n<td align=\"center\">14h \u2013 14h15<\/td>\n<td>Introduction : le projet \u00ab Biens Culturels Africains \u00bb<br \/>\n<em>Eric CASTEX, Chef du service ADIM \u2013 UTM, Nafissatou BAKHOUM, Chef du projet \u00e0 l\u2019IFAN<\/em><\/td>\n<\/tr>\n<tr>\n<td align=\"center\">14h30 &#8211; 15h<\/td>\n<td>Approche th\u00e9orique des questions de pr\u00e9servation et de sauvegarde de patrimoines<br \/>\n<em>Mbaye THIAM, ma\u00eetre assistant, ex-directeur de l\u2019EBAD<\/em><\/td>\n<\/tr>\n<tr>\n<td align=\"center\">15h &#8211; 15h30<\/td>\n<td>Les photographies patrimoniales : pour une arch\u00e9ologie du visuel<br \/>\n<em>Anne-Marie MOULIS, Ma\u00eetre de conf\u00e9rences &#8211; UTM<\/em><\/td>\n<\/tr>\n<tr>\n<td align=\"center\">15h30 \u2013 16h<\/td>\n<td>Exp\u00e9rience de la num\u00e9risation des Archives D\u00e9partementales de la Haute-Garonne<br \/>\n<em>Jean LE POTTIER, Directeur des Archives D\u00e9partementales de la Haute-Garonne<\/em><\/td>\n<\/tr>\n<tr>\n<td align=\"center\"><sup><em>16h &#8211; 16h15<\/em><\/sup><\/td>\n<td><sup><em>Pause<\/em><\/sup><\/td>\n<\/tr>\n<tr>\n<td align=\"center\">16h15 &#8211; 17h<\/td>\n<td>Conclusions en forme de table ronde<\/td>\n<\/tr>\n<\/tbody>\n<\/table>\n<h2>Mardi 27 novembre 2007, salle 029 de la Maison de la Recherche<\/h2>\n<table>\n<tbody>\n<tr>\n<td align=\"center\"><strong>Session 3<\/strong><\/td>\n<td><strong>La valorisation de patrimoines documentaires, nouveaux enjeux<\/strong><br \/>\n<sup><em>Mod\u00e9rateur : Sophie ECKERT-DULUCQ, Professeure D\u00e9partement Histoire &#8211; UTM<\/em><\/sup><\/td>\n<\/tr>\n<tr>\n<td align=\"center\">9h &#8211; 9h15<\/td>\n<td>Introduction<br \/>\n<em>Sophie ECKERT-DULUCQ, Professeure D\u00e9partement Histoire &#8211; UTM<\/em><\/td>\n<\/tr>\n<tr>\n<td align=\"center\">9h15 \u2013 9h45<\/td>\n<td>La valorisation de l\u2019information scientifique<br \/>\n<em>Val\u00e9rie NEOUZE, Sous-direction des Biblioth\u00e8ques et  de l\u2019Information Scientifique<\/em><\/td>\n<\/tr>\n<tr>\n<td>9h45 &#8211; 10h15<\/td>\n<td>La gestion des droits de propri\u00e9t\u00e9 intellectuelle<br \/>\n<em>Dominique Hado ZIDOUEMBA, Ma\u00eetre de recherche \u2013 IFAN<\/em><\/td>\n<\/tr>\n<tr>\n<td align=\"center\"><sup><em>10h15 &#8211; 10h30<\/em><\/sup><\/td>\n<td><sup><em>Pause<\/em><\/sup><\/td>\n<\/tr>\n<tr>\n<td align=\"center\">10h30 &#8211; 11h<strong><br \/>\n<\/strong><\/td>\n<td>Probl\u00e9matique de la valorisation des patrimoines documentaires de l\u2019IFAN<br \/>\n<em>Mamadou Moustapha NIANG, conservateur des biblioth\u00e8ques \u2013 IFAN <sup><br \/>\n<\/sup><\/em><\/td>\n<\/tr>\n<tr>\n<td align=\"center\">11h &#8211; 11h30<\/td>\n<td>Langues nationales et valorisation des patrimoines culturels<br \/>\n<em>Jeanne Lopis SYLLA, linguiste, ma\u00eetre-assistante de recherche \u00e0 l\u2019IFAN<\/em><\/td>\n<\/tr>\n<tr>\n<td align=\"center\">11h30 &#8211; 12h<\/td>\n<td>Discussions, questions, d\u00e9bats<\/td>\n<\/tr>\n<tr>\n<td align=\"center\"><sup><em>12h &#8211; 14h<\/em><\/sup><\/td>\n<td><sup><em>Pause d\u00e9jeuner<\/em><\/sup><\/td>\n<\/tr>\n<tr>\n<td align=\"center\"><strong>Session 4 <\/strong><\/td>\n<td><strong>Etude de cas : la litt\u00e9rature orale entre transmission et conservation<em><br \/>\n<\/em><\/strong><sup><em>Mod\u00e9rateur : Pierre SOUBIAS, Ma\u00eetre de conf\u00e9rences &#8211; UTM<\/em><\/sup><strong><em><br \/>\n<\/em><\/strong><\/td>\n<\/tr>\n<tr>\n<td align=\"center\">14h \u2013 14h30<\/td>\n<td>La tradition orale du S\u00e9n\u00e9gal: corpus, lieu de stockage, conservation<br \/>\n<em>Lilyan KESTELOOT, Directeur de recherche &#8211; IFAN<\/em><\/td>\n<\/tr>\n<tr>\n<td align=\"center\">14h30 &#8211; 15h<\/td>\n<td>Conserver l&rsquo;oral<em><br \/>\nIntervenant : Michel JACOBSON, Ing\u00e9nieur \u2013 CNRS &#8211; LACITO<\/em><\/td>\n<\/tr>\n<tr>\n<td align=\"center\">15h &#8211; 15h30<\/td>\n<td>Traitement et valorisation des donn\u00e9es orales dans le Thesaurus Occitan<em><br \/>\nGuylaine BRUN, Ing\u00e9nieur \u2013 CNRS<\/em><\/td>\n<\/tr>\n<tr>\n<td align=\"center\"><sup><em>15h30 &#8211; 15h45<\/em><\/sup><\/td>\n<td><sup><em>Pause<\/em><\/sup><\/td>\n<\/tr>\n<tr>\n<td align=\"center\">15h45 &#8211; 16h15<\/td>\n<td>Patrimoine et h\u00e9ritage<br \/>\n<em>Momar KANE, charg\u00e9 de cours en  Litt\u00e9rature compar\u00e9e et cin\u00e9ma africain &#8211; UTM<\/em><\/td>\n<\/tr>\n<tr>\n<td align=\"center\">16h15 &#8211; 16h45<\/td>\n<td>Conclusions en forme de table ronde<\/td>\n<\/tr>\n<tr>\n<td align=\"center\">16h45 &#8211; 17h<\/td>\n<td>Cl\u00f4ture par Eric FERRANTE, Chef du projet Biens Culturels Africains \u00e0 Toulouse<\/td>\n<\/tr>\n<\/tbody>\n<\/table>\n<p><a title=\"Programme colloque\" href=\"http:\/\/galatea.univ-tlse2.fr\/ifan\/colloque-26-27-nov\/images\/programme_colloque.pdf\" target=\"_self\">T\u00e9l\u00e9charger la plaquette<\/a> (pdf &#8211; 2Mo envitron)<\/p>\n","protected":false},"excerpt":{"rendered":"<p>Lundi 26 novembre 2007, salle du Ch\u00e2teau<\/p>\n<p>9h \u2013 9h30<br \/>\nDiscours de Bienvenue : Abdou Salam SALL, Recteur de l\u2019UCAD, Daniel FIL\u00c2TRE, Pr\u00e9sident de l\u2019UTM<\/p>\n<p>9h30 &#8211; 10h<br \/>\nIntervention de Pi\u00e9tro SICURO, directeur de l&rsquo;Institut de la Francophonie Num\u00e9rique<\/p>\n<p>10h \u2013 10h15<br \/>\nObjet et attendu du colloque par Eric FERRANTE et Nafissatou BAKHOUM, chefs du projet Biens Culturels Africains<\/p>\n<p>10h15 &#8211; 10h30<br \/>\nPause<\/p>\n<p>Session 1<br \/>\nLes missions de l\u2019IFAN : mise en perspective historique<br \/>\nMod\u00e9rateur : Mbaye THIAM, ma\u00eetre assistant, ex-directeur de l\u2019EBAD<\/p>\n<p>10h30 &#8211; 11h30<br \/>\n1. Fondation, histoire et patrimoine<br \/>\nPapa NDIAYE \u2013 Directeur de l\u2019IFAN<br \/>\n2. Constitution des patrimoines documentaires de l\u2019IFAN<br \/>\nGora &#8230;<\/p>\n","protected":false},"author":1,"featured_media":0,"parent":234,"menu_order":0,"comment_status":"closed","ping_status":"closed","template":"","meta":{"footnotes":""},"class_list":["post-237","page","type-page","status-publish","hentry"],"_links":{"self":[{"href":"https:\/\/blogs.univ-tlse2.fr\/bca\/wp-json\/wp\/v2\/pages\/237","targetHints":{"allow":["GET"]}}],"collection":[{"href":"https:\/\/blogs.univ-tlse2.fr\/bca\/wp-json\/wp\/v2\/pages"}],"about":[{"href":"https:\/\/blogs.univ-tlse2.fr\/bca\/wp-json\/wp\/v2\/types\/page"}],"author":[{"embeddable":true,"href":"https:\/\/blogs.univ-tlse2.fr\/bca\/wp-json\/wp\/v2\/users\/1"}],"replies":[{"embeddable":true,"href":"https:\/\/blogs.univ-tlse2.fr\/bca\/wp-json\/wp\/v2\/comments?post=237"}],"version-history":[{"count":1,"href":"https:\/\/blogs.univ-tlse2.fr\/bca\/wp-json\/wp\/v2\/pages\/237\/revisions"}],"predecessor-version":[{"id":238,"href":"https:\/\/blogs.univ-tlse2.fr\/bca\/wp-json\/wp\/v2\/pages\/237\/revisions\/238"}],"up":[{"embeddable":true,"href":"https:\/\/blogs.univ-tlse2.fr\/bca\/wp-json\/wp\/v2\/pages\/234"}],"wp:attachment":[{"href":"https:\/\/blogs.univ-tlse2.fr\/bca\/wp-json\/wp\/v2\/media?parent=237"}],"curies":[{"name":"wp","href":"https:\/\/api.w.org\/{rel}","templated":true}]}}