 {"id":240,"date":"2010-11-22T16:57:50","date_gmt":"2010-11-22T15:57:50","guid":{"rendered":"https:\/\/blogs.univ-tlse2.fr\/bca\/?page_id=240"},"modified":"2013-12-20T10:21:52","modified_gmt":"2013-12-20T09:21:52","slug":"lexposition","status":"publish","type":"page","link":"https:\/\/blogs.univ-tlse2.fr\/bca\/colloque-nov-2007\/lexposition\/","title":{"rendered":"L&rsquo;exposition"},"content":{"rendered":"<h2>Femmes d\u2019AOF : coiffures, parures<\/h2>\n<h3><a href=\"https:\/\/blogs.univ-tlse2.fr\/bca\/files\/2010\/11\/coiffure.jpg\"><img loading=\"lazy\" decoding=\"async\" class=\"alignleft size-full wp-image-103\" title=\"coiffure\" src=\"https:\/\/blogs.univ-tlse2.fr\/bca\/files\/2010\/11\/coiffure.jpg\" alt=\"\" width=\"179\" height=\"263\" \/><\/a>Vernissage<\/h3>\n<h3>le 28 nov. 2007 \u00e0 11h30<br \/>\nSalle 028 &#8211; Maison de la Recherche<\/h3>\n<p>Il s\u2019agit d\u2019une exposition photographique compos\u00e9e de 24 tirages de format 50X60cm.<\/p>\n<p>Les  photographies sont constitu\u00e9es d\u2019une s\u00e9lection d\u2019images li\u00e9es \u00e0 la  coiffure traditionnelle et aux parures des femmes d\u2019Afrique Occidentale  Fran\u00e7aise. La s\u00e9lection tient compte de la diversit\u00e9 ethnographique et  des zones g\u00e9ographiques couvertes par les fonds documentaires.<\/p>\n<p>Les  photographies choisies datent des ann\u00e9es 40 et 50. Sur les 39 pays  couverts par les fonds photographiques, neuf sont repr\u00e9sent\u00e9s dans  l\u2019exposition. Ces pays sont les suivants : <em>Cameroun, Dahomey (actuel  B\u00e9nin), Guin\u00e9e, Haute Volta (actuel Burkina Faso), Mauritanie, Niger,  S\u00e9n\u00e9gal, Sierra L\u00e9one, Soudan fran\u00e7ais (actuel Mali)<\/em>.<\/p>\n<p>Les auteurs des photographies expos\u00e9es sont au nombre de dix : <em>Ch\u00e9rif, Cocheteux, Duchemin, Labitte, Dupire, Prost, Rouch, Savonnet, Toupet et Valladon<\/em>.<\/p>\n<h3>Objectifs<\/h3>\n<ul>\n<li>Montrer l\u2019importance et la richesse des collections photographiques de l\u2019IFAN Ch. A. Diop,<\/li>\n<li>faire  ressortir les aspects li\u00e9s \u00e0 la diversit\u00e9 culturelle et \u00e0 l\u2019int\u00e9r\u00eat  patrimonial des archives photographiques, m\u00e9moire du continent,<\/li>\n<li>promouvoir  l\u2019accessibilit\u00e9 et la visibilit\u00e9 des collections dans le cadre de ses  nouvelles strat\u00e9gies d\u2019exploitation et de valorisation des patrimoines.<\/li>\n<\/ul>\n<h3>M\u00e9thodologie<\/h3>\n<p>Toutes  les photos expos\u00e9es seront accompagn\u00e9es de l\u00e9gendes pr\u00e9cisant le  contenu visuel du sujet photographi\u00e9, l\u2019auteur, le lieu et la date de  prise de vue. Ces l\u00e9gendes sont celles choisies par les auteurs  photographes.<\/p>\n<p>Comme dit l\u2019adage, une image vaut  mille mots, outre la description originale des auteurs photographes,  aucun commentaire particulier n\u2019est fait. L\u2019\u00e9chantillonnage est bas\u00e9 sur  le corpus de photographies disponibles et portant sur le th\u00e8me. La  s\u00e9lection est bas\u00e9e sur les crit\u00e8res suivants :<\/p>\n<ul>\n<li><strong>Techniques<\/strong> : nettet\u00e9, angle de prise de vue, reproductibilit\u00e9 de l\u2019image en grand format.<\/li>\n<li><strong>Scientifiques et documentaires<\/strong> : pr\u00e9cision de la l\u00e9gende, richesse documentaire, raret\u00e9 de l\u2019image, etc.\u2026<\/li>\n<li><strong>Culturels et artistiques<\/strong> : esth\u00e9tique, diversit\u00e9 culturelle, vari\u00e9t\u00e9 ethnographique, forme g\u00e9om\u00e9trique des coiffures et la richesse des parures.<\/li>\n<li><strong>G\u00e9ographique<\/strong> : zone g\u00e9ographique selon la quantit\u00e9 de photos et de pays concern\u00e9s par ce th\u00e8me.<\/li>\n<li><strong>Historiques<\/strong> : souvenirs, authenticit\u00e9, \u00e9tude comparative des types de coiffure et de parures avec ceux d\u2019aujourd\u2019hui.<\/li>\n<\/ul>\n<h3>Public cible<\/h3>\n<p>Cette  exposition s\u2019adresse en priorit\u00e9 aux professionnels du patrimoine  culturel, aux historiens, anthropologues et chercheurs en sciences  sociales, aux archivistes et aux nostalgiques de la photographie  ancienne. Par son caract\u00e8re simpliste, l\u2019exposition est accessible \u00e0  tout public \u00ab du scolaire \u00e0 l\u2019universitaire \u00bb. Elle vise aussi les  professionnels de la coiffure, les stylistes et ceux du monde de l\u2019art.<\/p>\n","protected":false},"excerpt":{"rendered":"<p>Femmes d\u2019AOF : coiffures, parures<br \/>\nVernissage<br \/>\nle 28 nov. 2007 \u00e0 11h30<br \/>\nSalle 028 &#8211; Maison de la Recherche<br \/>\nIl s\u2019agit d\u2019une exposition photographique compos\u00e9e de 24 tirages de format 50X60cm.<br \/>\nLes  photographies sont constitu\u00e9es d\u2019une s\u00e9lection d\u2019images li\u00e9es \u00e0 la  coiffure traditionnelle et aux parures des femmes d\u2019Afrique Occidentale  Fran\u00e7aise. La s\u00e9lection tient compte de la diversit\u00e9 ethnographique et  des zones g\u00e9ographiques couvertes par les fonds documentaires.<br \/>\nLes  photographies choisies datent des ann\u00e9es 40 et 50. Sur les 39 pays  couverts par les fonds photographiques, neuf sont repr\u00e9sent\u00e9s dans &#8230;<\/p>\n","protected":false},"author":1,"featured_media":0,"parent":234,"menu_order":0,"comment_status":"closed","ping_status":"closed","template":"","meta":{"footnotes":""},"class_list":["post-240","page","type-page","status-publish","hentry"],"_links":{"self":[{"href":"https:\/\/blogs.univ-tlse2.fr\/bca\/wp-json\/wp\/v2\/pages\/240","targetHints":{"allow":["GET"]}}],"collection":[{"href":"https:\/\/blogs.univ-tlse2.fr\/bca\/wp-json\/wp\/v2\/pages"}],"about":[{"href":"https:\/\/blogs.univ-tlse2.fr\/bca\/wp-json\/wp\/v2\/types\/page"}],"author":[{"embeddable":true,"href":"https:\/\/blogs.univ-tlse2.fr\/bca\/wp-json\/wp\/v2\/users\/1"}],"replies":[{"embeddable":true,"href":"https:\/\/blogs.univ-tlse2.fr\/bca\/wp-json\/wp\/v2\/comments?post=240"}],"version-history":[{"count":2,"href":"https:\/\/blogs.univ-tlse2.fr\/bca\/wp-json\/wp\/v2\/pages\/240\/revisions"}],"predecessor-version":[{"id":281,"href":"https:\/\/blogs.univ-tlse2.fr\/bca\/wp-json\/wp\/v2\/pages\/240\/revisions\/281"}],"up":[{"embeddable":true,"href":"https:\/\/blogs.univ-tlse2.fr\/bca\/wp-json\/wp\/v2\/pages\/234"}],"wp:attachment":[{"href":"https:\/\/blogs.univ-tlse2.fr\/bca\/wp-json\/wp\/v2\/media?parent=240"}],"curies":[{"name":"wp","href":"https:\/\/api.w.org\/{rel}","templated":true}]}}