 {"id":260,"date":"2010-11-22T17:06:57","date_gmt":"2010-11-22T16:06:57","guid":{"rendered":"https:\/\/blogs.univ-tlse2.fr\/bca\/?page_id=260"},"modified":"2013-12-20T10:21:52","modified_gmt":"2013-12-20T09:21:52","slug":"session-3","status":"publish","type":"page","link":"https:\/\/blogs.univ-tlse2.fr\/bca\/colloque-nov-2007\/resumes-des-communications\/session-3\/","title":{"rendered":"Session 3"},"content":{"rendered":"<h3>Le Droit de propri\u00e9t\u00e9 intellectuelle (documents textuels)<\/h3>\n<p><em>Dominique Hado Zidouemba<\/em><\/p>\n<p>La <strong>propri\u00e9t\u00e9 intellectuelle<\/strong> recouvre deux domaines principaux\u00a0:<\/p>\n<ol>\n<li>la <strong>propri\u00e9t\u00e9 industrielle<\/strong> qui porte sur les<em> <\/em>inventions (brevets),\u00a0 les marques (produits et services),\u00a0 les dessins et mod\u00e8les industriels, les indications g\u00e9ographiques\u00a0;<\/li>\n<li>le <strong>droit d\u2019auteur et les droits \u00ab\u00a0voisins\u00a0\u00bb<\/strong> qui portent sur les \u00e9crits, les \u0153uvres audiovisuelles, les \u0153uvres photographiques, les enregistrements sonores, les \u0153uvres musicales, les interpr\u00e9tations, les ex\u00e9cutions,\u00a0 les repr\u00e9sentations ou ex\u00e9cutions des musiciens, des acteurs et des chanteurs, les \u0153uvres dramatiques, les peintures et les dessins, les sculptures, les \u0153uvres d\u2019architecture, les\u00a0 \u00e9missions radiodiffus\u00e9es, les programmes d\u2019ordinateur, les bases de donn\u00e9es, les \u0153uvres num\u00e9ris\u00e9es, \u2026<\/li>\n<\/ol>\n<p>C\u2019est dire que toute cr\u00e9ation originale est prot\u00e9g\u00e9e par le <strong>droit d&rsquo;auteur ou droit \u00e0 la propri\u00e9t\u00e9 litt\u00e9raire et artistique.<\/strong><\/p>\n<p><strong>Les fonds des biblioth\u00e8ques sont constitu\u00e9s en partie de documents qui sont prot\u00e9g\u00e9s par le droit d&rsquo;auteur. <\/strong><\/p>\n<p><strong>La num\u00e9risation des \u00e9crits permet d\u2019effectuer des copies identiques \u00e0 l\u2019original que l\u2019on peut ais\u00e9ment retravailler. <\/strong><\/p>\n<p><strong>Cette num\u00e9risation qui est une reproduction implique une autorisation des titulaires des droits de reproduction, de diffusion, d&rsquo;exploitation et de repr\u00e9sentation. <\/strong><\/p>\n<p>Dans les <strong><em>Notes africaines<\/em><\/strong> n\u00b0 199, juin 2001, pp.1-9, nous avons trait\u00e9 de la question du droit d\u2019auteur sous le titre \u00ab\u00a0Le droit d\u2019auteur est-il encore prot\u00e9g\u00e9\u00a0?\u00a0\u00bb Apr\u00e8s avoir analys\u00e9 les principaux instruments juridiques internationaux de protection du droit d\u2019auteur, notre conclusion \u00e9tait\u00a0: \u00ab\u00a0En d\u00e9pit de l\u2019impressionnant arsenal juridique, on assiste, impuissant, \u00e0 la dissolution du droit moral et \u00e0 la transgression des droits patrimoniaux.\u00a0\u00bb<\/p>\n<p>L\u2019Institut fran\u00e7ais d\u2019Afrique noire, cr\u00e9\u00e9 en 1936, devenu Institut fondamental d\u2019Afrique noire en 1966, Institut fondamental d\u2019Afrique noire Cheikh Anta Diop en 1986 est actuellement un \u00e9tablissement de l\u2019Universit\u00e9 Cheikh Anta Diop de Dakar r\u00e9gi par la loi n\u00b073-16 du 3 avril 1973 instituant l\u2019IFAN en \u00e9tablissement public et par le d\u00e9cret n\u00b0 84-1184 du 13 octobre 1984 portant organisation et fonctionnement de l\u2019IFAN, modifi\u00e9 par le d\u00e9cret n\u00b092-1618 du 23 novembre compl\u00e9tant le titre I.<\/p>\n<p>Les documents \u00e9crits (manuscrits, dactylographi\u00e9s, ouvrages et p\u00e9riodiques imprim\u00e9s)\u00a0 sont conserv\u00e9s au Service de la Documentation, \u00a0au Service des Publications, au Service des Archives, au Laboratoire d\u2019Islamologie, au Laboratoire de Civilisations et Litt\u00e9rature\u00a0:<\/p>\n<p><strong>Service de la Documentation<\/strong><br \/>\nDossiers documentaires (5784), Cahiers William Ponty (75), P\u00e9riodiques anciens (<em>Paris-Dakar<\/em>, <em>Dakar Matin<\/em>, <em>R\u00e9veil<\/em>, <em>Condition humaine<\/em>\u2026), Cartes g\u00e9ographiques (6200), Fonds Monod\u00a0\u00a0\u00a0\u00a0\u00a0\u00a0\u00a0\u00a0  (39204, M\u00e9moires de ma\u00eetrise de DEA<\/p>\n<p><strong>Service des Publications<\/strong><br \/>\n<em>Bulletin<\/em> s\u00e9rie <em>B<\/em> (52 tomes), <em>Bulletin<\/em> s\u00e9rie <em>A<\/em> (52 tomes), <em>Notes africaines<\/em> (205 num\u00e9ros)<\/p>\n<p><strong>Service des Archives<\/strong> (5 m lin\u00e9aires de documents)<\/p>\n<p><strong>Laboratoire d\u2019Islamologie<\/strong> (1492 documents)<\/p>\n<p><strong>Laboratoire de Civilisations et Litt\u00e9rature<\/strong> (\u2026 documents)<\/p>\n<p>La num\u00e9risation de ce patrimoine textuel ancien peut se comprendre par le d\u00e9sir d\u2019une meilleure protection et\u00a0 d\u2019une meilleure conservation (sauvegarde).<\/p>\n<p>Mais la valorisation financi\u00e8re risque de soulever des probl\u00e8mes juridiques que l\u2019IFAN Ch. A. Diop ne pourra pas r\u00e9soudre.<\/p>\n<p>C\u2019est pourquoi\u00a0 les aspects juridiques et les probl\u00e8mes de gestion \u00e9lectronique de ce Projet <em>Biens culturels africains <\/em>de l\u2019IFAN Ch. A. Diop via Internet doivent s\u2019inspirer des Actes du S\u00e9minaire de lancement du Projet Biens culturels africains (Mus\u00e9e d\u2019Art africain), 19 et 20 avril 2007, notamment de la communication de Mme Diab\u00e9 Siby (cell. 637 20 37), Magistrat, Directeur g\u00e9n\u00e9ral du Bureau s\u00e9n\u00e9galais du Droit d\u2019Auteur (BSDA), 7 rue Saint-Michel x Galandou Diouf, Dakar, T\u00e9l. 822 54 27 e-mail\u00a0:\u00a0 <a href=\"m&#x61;&#x69;l&#116;&#x6f;:b&#x73;&#x64;a&#50;&#x30;00&#x40;&#x73;e&#110;&#x74;oo&#x2e;&#x73;n\">b&#x73;&#x64;a&#50;&#x30;0&#48;&#x40;&#x73;e&#x6e;&#x74;o&#111;&#x2e;s&#110;<\/a><\/p>\n<blockquote><p><sup>Dominique Hado  Zidouemba est Docteur d\u2019\u00c9tat \u00e8s Lettres et Sciences humaines (sp\u00e9cialit\u00e9 Sciences de l&rsquo;Information et  de la Communication). Il occupe les postes de Chercheur en Sciences de  l&rsquo;Information et de la Communication \u00e0 l&rsquo;IFAN, R\u00e9dacteur en chef des <em>Notes africaines <\/em>et Charg\u00e9 de Cours\u00a0 \u00e0 l&rsquo;\u00c9cole de Biblioth\u00e9caires, Archivistes etDocumentalistes (EBAD) et \u00e0 l\u2019Institut Sup\u00e9rieur des Sciences de l\u2019Information et de la Communication (ISSIC).<\/sup><\/p><\/blockquote>\n","protected":false},"excerpt":{"rendered":"<p>Le Droit de propri\u00e9t\u00e9 intellectuelle (documents textuels)<br \/>\nDominique Hado Zidouemba<br \/>\nLa propri\u00e9t\u00e9 intellectuelle recouvre deux domaines principaux\u00a0:<\/p>\n<p>la propri\u00e9t\u00e9 industrielle qui porte sur les inventions (brevets),\u00a0 les marques (produits et services),\u00a0 les dessins et mod\u00e8les industriels, les indications g\u00e9ographiques\u00a0;<br \/>\nle droit d\u2019auteur et les droits \u00ab\u00a0voisins\u00a0\u00bb qui portent sur les \u00e9crits, les \u0153uvres audiovisuelles, les \u0153uvres photographiques, les enregistrements sonores, les \u0153uvres musicales, les interpr\u00e9tations, les ex\u00e9cutions,\u00a0 les repr\u00e9sentations ou ex\u00e9cutions des musiciens, des acteurs et des chanteurs, les \u0153uvres dramatiques, les peintures et les dessins, les sculptures, les \u0153uvres d\u2019architecture, les\u00a0 \u00e9missions radiodiffus\u00e9es, &#8230;<\/p>\n","protected":false},"author":1,"featured_media":0,"parent":248,"menu_order":0,"comment_status":"closed","ping_status":"closed","template":"","meta":{"footnotes":""},"class_list":["post-260","page","type-page","status-publish","hentry"],"_links":{"self":[{"href":"https:\/\/blogs.univ-tlse2.fr\/bca\/wp-json\/wp\/v2\/pages\/260","targetHints":{"allow":["GET"]}}],"collection":[{"href":"https:\/\/blogs.univ-tlse2.fr\/bca\/wp-json\/wp\/v2\/pages"}],"about":[{"href":"https:\/\/blogs.univ-tlse2.fr\/bca\/wp-json\/wp\/v2\/types\/page"}],"author":[{"embeddable":true,"href":"https:\/\/blogs.univ-tlse2.fr\/bca\/wp-json\/wp\/v2\/users\/1"}],"replies":[{"embeddable":true,"href":"https:\/\/blogs.univ-tlse2.fr\/bca\/wp-json\/wp\/v2\/comments?post=260"}],"version-history":[{"count":1,"href":"https:\/\/blogs.univ-tlse2.fr\/bca\/wp-json\/wp\/v2\/pages\/260\/revisions"}],"predecessor-version":[{"id":261,"href":"https:\/\/blogs.univ-tlse2.fr\/bca\/wp-json\/wp\/v2\/pages\/260\/revisions\/261"}],"up":[{"embeddable":true,"href":"https:\/\/blogs.univ-tlse2.fr\/bca\/wp-json\/wp\/v2\/pages\/248"}],"wp:attachment":[{"href":"https:\/\/blogs.univ-tlse2.fr\/bca\/wp-json\/wp\/v2\/media?parent=260"}],"curies":[{"name":"wp","href":"https:\/\/api.w.org\/{rel}","templated":true}]}}