 {"id":322,"date":"2010-11-22T23:02:52","date_gmt":"2010-11-22T22:02:52","guid":{"rendered":"https:\/\/blogs.univ-tlse2.fr\/bca\/?page_id=322"},"modified":"2013-12-20T10:21:52","modified_gmt":"2013-12-20T09:21:52","slug":"exposition-virtuelle-2","status":"publish","type":"page","link":"https:\/\/blogs.univ-tlse2.fr\/bca\/exposition-virtuelle-2\/","title":{"rendered":"Exposition virtuelle"},"content":{"rendered":"<p>Une exposition virtuelle r\u00e9alis\u00e9e \u00e0 partir d&rsquo;un \u00e9chantillon d&rsquo;images fixes et d&rsquo;\u00e9l\u00e9ments sonores.<\/p>\n<div>\n<p>Dans  le cadre d&rsquo;un stage de formation, Bertrand Bascoules, \u00e9tudiant de  l&rsquo;Universit\u00e9 Toulouse II-Le Mirail, s&rsquo;est rendu \u00e0 Dakar et a travaill\u00e9  avec les conservateurs de l&rsquo;IFAN \u00e0 la r\u00e9alisation d&rsquo;une petite  exposition virtuelle mettant en valeur quelques documents tir\u00e9s des  collections de l&rsquo;IFAN.<\/p>\n<p>Pour voir cette r\u00e9alisation, <a href=\"http:\/\/galatea.univ-tlse2.fr\/htm\/film_ifan_07\" target=\"_blank\">cliquez ici<\/a>.<br \/>\n<em>(film au format flash, n\u00e9cessitant le lecteur flash <a href=\"http:\/\/www.zdnet.fr\/telecharger\/windows\/fiche\/0,39021313,11010858s,00.htm\" target=\"_blank\">t\u00e9l\u00e9chargeable ici<\/a>).<\/em><\/p>\n<\/div>\n","protected":false},"excerpt":{"rendered":"<p>Une exposition virtuelle r\u00e9alis\u00e9e \u00e0 partir d&rsquo;un \u00e9chantillon d&rsquo;images fixes et d&rsquo;\u00e9l\u00e9ments sonores.<\/p>\n<p>Dans  le cadre d&rsquo;un stage de formation, Bertrand Bascoules, \u00e9tudiant de  l&rsquo;Universit\u00e9 Toulouse II-Le Mirail, s&rsquo;est rendu \u00e0 Dakar et a travaill\u00e9  avec les conservateurs de l&rsquo;IFAN \u00e0 la r\u00e9alisation d&rsquo;une petite  exposition virtuelle mettant en valeur quelques documents tir\u00e9s des  collections de l&rsquo;IFAN.<br \/>\nPour voir cette r\u00e9alisation, cliquez ici.<br \/>\n(film au format flash, n\u00e9cessitant le lecteur flash t\u00e9l\u00e9chargeable ici).<\/p>\n","protected":false},"author":1,"featured_media":0,"parent":0,"menu_order":2,"comment_status":"closed","ping_status":"closed","template":"","meta":{"footnotes":""},"class_list":["post-322","page","type-page","status-publish","hentry"],"_links":{"self":[{"href":"https:\/\/blogs.univ-tlse2.fr\/bca\/wp-json\/wp\/v2\/pages\/322","targetHints":{"allow":["GET"]}}],"collection":[{"href":"https:\/\/blogs.univ-tlse2.fr\/bca\/wp-json\/wp\/v2\/pages"}],"about":[{"href":"https:\/\/blogs.univ-tlse2.fr\/bca\/wp-json\/wp\/v2\/types\/page"}],"author":[{"embeddable":true,"href":"https:\/\/blogs.univ-tlse2.fr\/bca\/wp-json\/wp\/v2\/users\/1"}],"replies":[{"embeddable":true,"href":"https:\/\/blogs.univ-tlse2.fr\/bca\/wp-json\/wp\/v2\/comments?post=322"}],"version-history":[{"count":3,"href":"https:\/\/blogs.univ-tlse2.fr\/bca\/wp-json\/wp\/v2\/pages\/322\/revisions"}],"predecessor-version":[{"id":329,"href":"https:\/\/blogs.univ-tlse2.fr\/bca\/wp-json\/wp\/v2\/pages\/322\/revisions\/329"}],"wp:attachment":[{"href":"https:\/\/blogs.univ-tlse2.fr\/bca\/wp-json\/wp\/v2\/media?parent=322"}],"curies":[{"name":"wp","href":"https:\/\/api.w.org\/{rel}","templated":true}]}}