 {"id":129,"date":"2010-11-29T10:25:27","date_gmt":"2010-11-29T10:25:27","guid":{"rendered":"http:\/\/localhost:8888\/wordpress\/?page_id=129"},"modified":"2014-01-30T12:19:42","modified_gmt":"2014-01-30T11:19:42","slug":"sociologie-du-fait-religieux","status":"publish","type":"page","link":"https:\/\/blogs.univ-tlse2.fr\/benoit-petit\/sociologie-du-fait-religieux\/","title":{"rendered":"Sociologie du fait religieux"},"content":{"rendered":"<p>&nbsp;<\/p>\n<p>Poster pr\u00e9sent\u00e9 au Coll\u00e8ge de France le 8 novembre 2013:<\/p>\n<p>\u00ab\u00a0Vous avez- dit halal?\u00a0\u00bb<\/p>\n<p>\u00ab\u00a0Le vin et le divin\u00a0\u00bb: approche sociologique de quelques pratiques musulmanes.<\/p>\n<p><a href=\"https:\/\/blogs.univ-tlse2.fr\/benoit-petit\/sociologie-du-fait-religieux\/publications\/\"><em><a href=\"https:\/\/blogs.univ-tlse2.fr\/benoit-petit\/files\/2010\/11\/Vin_PETIT_Poster_2013.pdf\">Vin_PETIT_Poster_2013<\/a><\/em><\/a><\/p>\n<p>&nbsp;<\/p>\n<p><a href=\"https:\/\/blogs.univ-tlse2.fr\/benoit-petit\/sociologie-du-fait-religieux\/publications\/\">Publications<\/a><\/p>\n<p><a href=\"https:\/\/blogs.univ-tlse2.fr\/benoit-petit\/sociologie-du-fait-religieux\/recherches-en-cours\/\">Recherches en cours<\/a><\/p>\n<p><a href=\"https:\/\/blogs.univ-tlse2.fr\/benoit-petit\/sociologie-du-fait-religieux\/hypotheses\/\">Hypoth\u00e8ses<\/a><\/p>\n<p>D\u00e9ontologie<\/p>\n","protected":false},"excerpt":{"rendered":"<p>&nbsp; Poster pr\u00e9sent\u00e9 au Coll\u00e8ge de France le 8 novembre 2013: \u00ab\u00a0Vous avez- dit halal?\u00a0\u00bb \u00ab\u00a0Le vin et le divin\u00a0\u00bb: approche sociologique de quelques pratiques musulmanes. Vin_PETIT_Poster_2013 &nbsp; Publications Recherches en cours Hypoth\u00e8ses D\u00e9ontologie<\/p>\n","protected":false},"author":1,"featured_media":0,"parent":0,"menu_order":0,"comment_status":"closed","ping_status":"closed","template":"","meta":{"footnotes":"","_links_to":"","_links_to_target":""},"class_list":["post-129","page","type-page","status-publish","hentry"],"_links":{"self":[{"href":"https:\/\/blogs.univ-tlse2.fr\/benoit-petit\/wp-json\/wp\/v2\/pages\/129","targetHints":{"allow":["GET"]}}],"collection":[{"href":"https:\/\/blogs.univ-tlse2.fr\/benoit-petit\/wp-json\/wp\/v2\/pages"}],"about":[{"href":"https:\/\/blogs.univ-tlse2.fr\/benoit-petit\/wp-json\/wp\/v2\/types\/page"}],"author":[{"embeddable":true,"href":"https:\/\/blogs.univ-tlse2.fr\/benoit-petit\/wp-json\/wp\/v2\/users\/1"}],"replies":[{"embeddable":true,"href":"https:\/\/blogs.univ-tlse2.fr\/benoit-petit\/wp-json\/wp\/v2\/comments?post=129"}],"version-history":[{"count":6,"href":"https:\/\/blogs.univ-tlse2.fr\/benoit-petit\/wp-json\/wp\/v2\/pages\/129\/revisions"}],"predecessor-version":[{"id":359,"href":"https:\/\/blogs.univ-tlse2.fr\/benoit-petit\/wp-json\/wp\/v2\/pages\/129\/revisions\/359"}],"wp:attachment":[{"href":"https:\/\/blogs.univ-tlse2.fr\/benoit-petit\/wp-json\/wp\/v2\/media?parent=129"}],"curies":[{"name":"wp","href":"https:\/\/api.w.org\/{rel}","templated":true}]}}