 {"id":134,"date":"2010-11-29T10:30:18","date_gmt":"2010-11-29T10:30:18","guid":{"rendered":"http:\/\/localhost:8888\/wordpress\/?page_id=134"},"modified":"2010-11-29T14:00:09","modified_gmt":"2010-11-29T13:00:09","slug":"habilitation","status":"publish","type":"page","link":"https:\/\/blogs.univ-tlse2.fr\/benoit-petit\/habilitation\/","title":{"rendered":"Habilitation"},"content":{"rendered":"<p><a href=\"https:\/\/blogs.univ-tlse2.fr\/benoit-petit\/habilitation\/soutenance\/\">Soutenance<\/a><\/p>\n<p><a href=\"https:\/\/blogs.univ-tlse2.fr\/benoit-petit\/habilitation\/rapport-du-jury\/\">Rapport du jury<\/a><\/p>\n<p><a href=\"https:\/\/blogs.univ-tlse2.fr\/benoit-petit\/habilitation\/disputatio\/\">Disputatio<\/a><\/p>\n<p><a href=\"https:\/\/blogs.univ-tlse2.fr\/benoit-petit\/habilitation\/resume\/\">R\u00e9sum\u00e9 fran\u00e7ais et allemand<\/a><\/p>\n","protected":false},"excerpt":{"rendered":"<p>Soutenance Rapport du jury Disputatio R\u00e9sum\u00e9 fran\u00e7ais et allemand<\/p>\n","protected":false},"author":1,"featured_media":0,"parent":0,"menu_order":0,"comment_status":"closed","ping_status":"closed","template":"","meta":{"footnotes":"","_links_to":"","_links_to_target":""},"class_list":["post-134","page","type-page","status-publish","hentry"],"_links":{"self":[{"href":"https:\/\/blogs.univ-tlse2.fr\/benoit-petit\/wp-json\/wp\/v2\/pages\/134","targetHints":{"allow":["GET"]}}],"collection":[{"href":"https:\/\/blogs.univ-tlse2.fr\/benoit-petit\/wp-json\/wp\/v2\/pages"}],"about":[{"href":"https:\/\/blogs.univ-tlse2.fr\/benoit-petit\/wp-json\/wp\/v2\/types\/page"}],"author":[{"embeddable":true,"href":"https:\/\/blogs.univ-tlse2.fr\/benoit-petit\/wp-json\/wp\/v2\/users\/1"}],"replies":[{"embeddable":true,"href":"https:\/\/blogs.univ-tlse2.fr\/benoit-petit\/wp-json\/wp\/v2\/comments?post=134"}],"version-history":[{"count":3,"href":"https:\/\/blogs.univ-tlse2.fr\/benoit-petit\/wp-json\/wp\/v2\/pages\/134\/revisions"}],"predecessor-version":[{"id":166,"href":"https:\/\/blogs.univ-tlse2.fr\/benoit-petit\/wp-json\/wp\/v2\/pages\/134\/revisions\/166"}],"wp:attachment":[{"href":"https:\/\/blogs.univ-tlse2.fr\/benoit-petit\/wp-json\/wp\/v2\/media?parent=134"}],"curies":[{"name":"wp","href":"https:\/\/api.w.org\/{rel}","templated":true}]}}