 {"id":143,"date":"2010-11-29T12:11:38","date_gmt":"2010-11-29T11:11:38","guid":{"rendered":"https:\/\/blogs.univ-tlse2.fr\/benoit-petit\/?page_id=143"},"modified":"2010-11-29T14:01:17","modified_gmt":"2010-11-29T13:01:17","slug":"soutenance","status":"publish","type":"page","link":"https:\/\/blogs.univ-tlse2.fr\/benoit-petit\/habilitation\/soutenance\/","title":{"rendered":"Soutenance"},"content":{"rendered":"<p><!-- p { margin-bottom: 0.21cm; } --><\/p>\n<h1 style=\"text-align: center\"><span style=\"color: #000000\"><span style=\"font-family: Helvetica,sans-serif\"><span style=\"font-size: medium\"><strong>Beno\u00eet PETIT<\/strong><\/span><\/span><\/span><\/h1>\n<p style=\"text-align: center\">\n<p style=\"text-align: center\"><span style=\"color: #000000\"><span style=\"font-family: Helvetica,sans-serif\"><span style=\"font-size: small\"><strong>Habilitation \u00e0 diriger des recherches en Sociologie <\/strong><\/span><\/span><\/span><\/p>\n<p style=\"text-align: center\"><span style=\"color: #000000\"><span style=\"font-family: Helvetica,sans-serif\"><span style=\"font-size: small\"><strong>A l\u2019universit\u00e9 Toulouse 2 &#8211; Le Mirail<\/strong><\/span><\/span><\/span><\/p>\n<p style=\"text-align: center\"><span style=\"color: #000000\"><span style=\"font-family: TimesNewRomanPSMT,serif\"><span style=\"font-size: x-small\">5, all\u00e9es Antonio Macchado \u2013 TOULOUSE<\/span><\/span><\/span><\/p>\n<p style=\"text-align: center\"><span style=\"color: #b60000\"><span style=\"font-family: Helvetica,sans-serif\"><span style=\"font-size: small\"><em><strong>Freitag dem 12. Februar 2010 \u2013 14 heures, salle D29<\/strong><\/em><\/span><\/span><\/span><\/p>\n<p style=\"text-align: center\"><span style=\"color: #10274c\"><span style=\"font-family: Helvetica,sans-serif\"><span style=\"font-size: x-small\"><em><strong>\u00ab La construction sociologique des valeurs entre l\u2019\u00e9conomie et la religion: la\u00efcit\u00e9 et relations entre les Eglises et l\u2019Etat en France et en Allemagne \u00bb<\/strong><\/em><\/span><\/span><\/span><\/p>\n<p><span style=\"color: #10274c\"><span style=\"font-family: Helvetica,sans-serif\"><span style=\"font-size: x-small\"><span style=\"text-decoration: underline\"><strong>Jury:<\/strong><\/span><\/span><\/span><\/span><\/p>\n<p><span style=\"color: #000000\"><span style=\"font-family: TimesNewRomanPSMT,serif\"><span style=\"font-size: x-small\"><em><strong>Angelina PERALVA, Professeure \u00e0 l\u2019Universit\u00e9 Toulouse 2, ( coordinatrice) <\/strong><\/em><\/span><\/span><\/span><\/p>\n<p><span style=\"color: #000000\"><span style=\"font-family: TimesNewRomanPSMT,serif\"><span style=\"font-size: x-small\"><em><strong>Fran\u00e7ois DUBET, Professeur \u00e0 l&rsquo;Universit\u00e9 Victor Segalen, Bordeaux 2 \u2013 EHESS (rapporteur) <\/strong><\/em><\/span><\/span><\/span><\/p>\n<p><span style=\"color: #000000\"><span style=\"font-family: TimesNewRomanPSMT,serif\"><span style=\"font-size: x-small\"><em><strong>Bruno DURIEZ, Directeur de recherche au CNRS, CLERSE, Universit\u00e9 Lille 1 (rapporteur) <\/strong><\/em><\/span><\/span><\/span><\/p>\n<p><span style=\"color: #000000\"><span style=\"font-family: TimesNewRomanPSMT,serif\"><span style=\"font-size: x-small\"><em><strong>Dominique CROZAT, Professeur de g\u00e9ographie, Universit\u00e9 Montpellier 3 <\/strong><\/em><\/span><\/span><\/span><\/p>\n<p><span style=\"color: #000000\"><span style=\"font-family: TimesNewRomanPSMT,serif\"><span style=\"font-size: x-small\"><em><strong>Peter HEINE, Professeur \u00e9m\u00e9rite \u00e0 la Humboldt-Universit\u00e4t, Berlin Institut d\u2019Asie et d\u2019Afrique (vid\u00e9o-conf\u00e9rence)<\/strong><\/em><\/span><\/span><\/span><\/p>\n<p><span style=\"color: #000000\"><span style=\"font-family: TimesNewRomanPSMT,serif\"><span style=\"font-size: x-small\"><em><strong>Herv\u00e9 TERRAL, Professeur \u00e0 l\u2019Universit\u00e9 Toulouse 2<\/strong><\/em><\/span><\/span><\/span><\/p>\n<p><span style=\"color: #000000\"><span style=\"font-family: Helvetica,sans-serif\"><span style=\"font-size: x-small\"> <\/span><\/span><\/span><\/p>\n","protected":false},"excerpt":{"rendered":"<p>Beno\u00eet PETIT Habilitation \u00e0 diriger des recherches en Sociologie A l\u2019universit\u00e9 Toulouse 2 &#8211; Le Mirail 5, all\u00e9es Antonio Macchado \u2013 TOULOUSE Freitag dem 12. Februar 2010 \u2013 14 heures, salle D29 \u00ab La construction sociologique des valeurs entre l\u2019\u00e9conomie et la religion: la\u00efcit\u00e9 et relations entre les Eglises et l\u2019Etat en France et en [&hellip;]<\/p>\n","protected":false},"author":1,"featured_media":0,"parent":134,"menu_order":0,"comment_status":"closed","ping_status":"closed","template":"","meta":{"footnotes":"","_links_to":"","_links_to_target":""},"class_list":["post-143","page","type-page","status-publish","hentry"],"_links":{"self":[{"href":"https:\/\/blogs.univ-tlse2.fr\/benoit-petit\/wp-json\/wp\/v2\/pages\/143","targetHints":{"allow":["GET"]}}],"collection":[{"href":"https:\/\/blogs.univ-tlse2.fr\/benoit-petit\/wp-json\/wp\/v2\/pages"}],"about":[{"href":"https:\/\/blogs.univ-tlse2.fr\/benoit-petit\/wp-json\/wp\/v2\/types\/page"}],"author":[{"embeddable":true,"href":"https:\/\/blogs.univ-tlse2.fr\/benoit-petit\/wp-json\/wp\/v2\/users\/1"}],"replies":[{"embeddable":true,"href":"https:\/\/blogs.univ-tlse2.fr\/benoit-petit\/wp-json\/wp\/v2\/comments?post=143"}],"version-history":[{"count":7,"href":"https:\/\/blogs.univ-tlse2.fr\/benoit-petit\/wp-json\/wp\/v2\/pages\/143\/revisions"}],"predecessor-version":[{"id":263,"href":"https:\/\/blogs.univ-tlse2.fr\/benoit-petit\/wp-json\/wp\/v2\/pages\/143\/revisions\/263"}],"up":[{"embeddable":true,"href":"https:\/\/blogs.univ-tlse2.fr\/benoit-petit\/wp-json\/wp\/v2\/pages\/134"}],"wp:attachment":[{"href":"https:\/\/blogs.univ-tlse2.fr\/benoit-petit\/wp-json\/wp\/v2\/media?parent=143"}],"curies":[{"name":"wp","href":"https:\/\/api.w.org\/{rel}","templated":true}]}}