 {"id":158,"date":"2010-11-29T13:55:50","date_gmt":"2010-11-29T12:55:50","guid":{"rendered":"https:\/\/blogs.univ-tlse2.fr\/benoit-petit\/?page_id=158"},"modified":"2010-11-29T13:59:55","modified_gmt":"2010-11-29T12:59:55","slug":"resume","status":"publish","type":"page","link":"https:\/\/blogs.univ-tlse2.fr\/benoit-petit\/habilitation\/resume\/","title":{"rendered":"R\u00e9sum\u00e9"},"content":{"rendered":"<p>Version Fran\u00e7aise (\u00e0 venir)<br \/>\n<a href=\"https:\/\/blogs.univ-tlse2.fr\/benoit-petit\/habilitation\/resume\/resume-en-allemand\/\"> Version Allemande<\/a><\/p>\n","protected":false},"excerpt":{"rendered":"<p>Version Fran\u00e7aise (\u00e0 venir) Version Allemande<\/p>\n","protected":false},"author":1,"featured_media":0,"parent":134,"menu_order":0,"comment_status":"closed","ping_status":"closed","template":"","meta":{"footnotes":"","_links_to":"","_links_to_target":""},"class_list":["post-158","page","type-page","status-publish","hentry"],"_links":{"self":[{"href":"https:\/\/blogs.univ-tlse2.fr\/benoit-petit\/wp-json\/wp\/v2\/pages\/158","targetHints":{"allow":["GET"]}}],"collection":[{"href":"https:\/\/blogs.univ-tlse2.fr\/benoit-petit\/wp-json\/wp\/v2\/pages"}],"about":[{"href":"https:\/\/blogs.univ-tlse2.fr\/benoit-petit\/wp-json\/wp\/v2\/types\/page"}],"author":[{"embeddable":true,"href":"https:\/\/blogs.univ-tlse2.fr\/benoit-petit\/wp-json\/wp\/v2\/users\/1"}],"replies":[{"embeddable":true,"href":"https:\/\/blogs.univ-tlse2.fr\/benoit-petit\/wp-json\/wp\/v2\/comments?post=158"}],"version-history":[{"count":3,"href":"https:\/\/blogs.univ-tlse2.fr\/benoit-petit\/wp-json\/wp\/v2\/pages\/158\/revisions"}],"predecessor-version":[{"id":165,"href":"https:\/\/blogs.univ-tlse2.fr\/benoit-petit\/wp-json\/wp\/v2\/pages\/158\/revisions\/165"}],"up":[{"embeddable":true,"href":"https:\/\/blogs.univ-tlse2.fr\/benoit-petit\/wp-json\/wp\/v2\/pages\/134"}],"wp:attachment":[{"href":"https:\/\/blogs.univ-tlse2.fr\/benoit-petit\/wp-json\/wp\/v2\/media?parent=158"}],"curies":[{"name":"wp","href":"https:\/\/api.w.org\/{rel}","templated":true}]}}