 {"id":214,"date":"2010-12-06T11:58:56","date_gmt":"2010-12-06T10:58:56","guid":{"rendered":"https:\/\/blogs.univ-tlse2.fr\/benoit-petit\/?page_id=214"},"modified":"2010-12-07T09:55:00","modified_gmt":"2010-12-07T08:55:00","slug":"cdep","status":"publish","type":"page","link":"https:\/\/blogs.univ-tlse2.fr\/benoit-petit\/vie-associative\/cdep\/","title":{"rendered":"CDEP"},"content":{"rendered":"<p>Au niveau national, l&rsquo;association <em>\u00ab\u00a0Chr\u00e9tiens dans l&rsquo;enseignement public\u00a0\u00bb <\/em>(CdEP) regroupe d\u00e9sormais les associations connues sous le nom de <em>\u00ab\u00a0Paroisse universitaire <\/em>et, d&rsquo;<em>Equipes enseignantes<\/em>\u00ab\u00a0. Leur r\u00e9union, en 2008, a entrain\u00e9 la fusion de leurs revues respectives et de leurs \u00e9quipes r\u00e9dactionnelles, au service d&rsquo;une unique revue <em>\u00ab\u00a0Lignes de Cr\u00eates\u00a0\u00bb. <\/em>Un site int\u00e9ressant :<\/p>\n<p style=\"text-align: center\"><a href=\"http:\/\/www.cdep-asso.org\/\">http:\/\/www.cdep-asso.org\/<em> <\/em><\/a><\/p>\n<p><a href=\"http:\/\/www.cdep-asso.org\/\"> <\/a><\/p>\n<p>A Toulouse, des enseignants du Sup\u00e9rieur se retrouvent une fois par mois au presbyt\u00e8re de l&rsquo;Eglise du Taur (apr\u00e8s la messe de 18h30) pour des r\u00e9unions th\u00e9matiques ou un partage d&rsquo;Evangile. Cette ann\u00e9e, notre coll\u00e8gue Juliette Bordes nous a parl\u00e9 de<em> \u00ab\u00a0mystique et po\u00e9sie dans les Odes de Salomon\u00a0\u00bb <\/em>puis, dans la m\u00eame veine, du<em> \u00ab\u00a0Cantique Spirituel de Saint-Jean de la Croix\u00a0\u00bb; <\/em>Jean-Louis et R\u00e9gine Breteau, de retour d&rsquo;un long s\u00e9jour au Japon, nous ont parl\u00e9 de l&rsquo;Eglise Catholique dans ce pays. Philippe Galinier-Paller\u00e9rolas et Phliippe Foro ont donn\u00e9 un compte rendu du colloque tenu \u00e0 l&rsquo;Institut Catholique sur \u00ab\u00a0l&rsquo;Eglise Catholique en France apr\u00e8s la seconde Guerre Mondiale\u00a0\u00bb. Jean Sarrocchi a r\u00e9sum\u00e9 et critiqu\u00e9 l&rsquo;ouvrage de Jean Delorme<em>,\u00a0\u00bb Le Christ Grec\u00a0\u00bb. <\/em>Le texte de son intervention est paru depuis dans le <em>Bulletin de litt\u00e9rature eccl\u00e9siastique, Bled,<\/em> de l&rsquo;Institut Catholique de Toulouse.<em> <\/em><\/p>\n<p>De prochaines rencontres sont d\u00e9j\u00e0 pr\u00e9vues:<\/p>\n<p>Le 13 Octobre, l&rsquo;historien Philippe Foro, sp\u00e9cialiste de l&rsquo;Italie contemporaine, pr\u00e9sentera la figure controvers\u00e9e du pape Pie XII.<\/p>\n<p>Le 24 Novembre, Jean Sarrocchi proposera une conf\u00e9rence sur Camus et le christianisme puis, Maurice Montabrut rendra compte d&rsquo;un ouvrage novateur de l&rsquo;ex\u00e9g\u00e8te italien, Mario Liverani,<em> \u00ab\u00a0La Bible et l&rsquo;invention de l&rsquo;histoire\u00a0\u00bb, <\/em>(Bayard 2008)<em> <\/em><\/p>\n<p><em>Le CdEP s&rsquo;associe par ailleurs au SIF (Service Incroyance et Foi, parfois appel\u00e9 \u00ab\u00a0Observatoire Foi et Culture\u00a0\u00bb) pour inviter \u00e0 une matin\u00e9e de r\u00e9flexion sur l&rsquo;engagement qui aura lieu \u00e0 Toulouse le 16 Octobre. <\/em><\/p>\n","protected":false},"excerpt":{"rendered":"<p>Au niveau national, l&rsquo;association \u00ab\u00a0Chr\u00e9tiens dans l&rsquo;enseignement public\u00a0\u00bb (CdEP) regroupe d\u00e9sormais les associations connues sous le nom de \u00ab\u00a0Paroisse universitaire et, d&rsquo;Equipes enseignantes\u00ab\u00a0. Leur r\u00e9union, en 2008, a entrain\u00e9 la fusion de leurs revues respectives et de leurs \u00e9quipes r\u00e9dactionnelles, au service d&rsquo;une unique revue \u00ab\u00a0Lignes de Cr\u00eates\u00a0\u00bb. Un site int\u00e9ressant : http:\/\/www.cdep-asso.org\/ A Toulouse, [&hellip;]<\/p>\n","protected":false},"author":1,"featured_media":0,"parent":136,"menu_order":0,"comment_status":"closed","ping_status":"closed","template":"","meta":{"footnotes":"","_links_to":"","_links_to_target":""},"class_list":["post-214","page","type-page","status-publish","hentry"],"_links":{"self":[{"href":"https:\/\/blogs.univ-tlse2.fr\/benoit-petit\/wp-json\/wp\/v2\/pages\/214","targetHints":{"allow":["GET"]}}],"collection":[{"href":"https:\/\/blogs.univ-tlse2.fr\/benoit-petit\/wp-json\/wp\/v2\/pages"}],"about":[{"href":"https:\/\/blogs.univ-tlse2.fr\/benoit-petit\/wp-json\/wp\/v2\/types\/page"}],"author":[{"embeddable":true,"href":"https:\/\/blogs.univ-tlse2.fr\/benoit-petit\/wp-json\/wp\/v2\/users\/1"}],"replies":[{"embeddable":true,"href":"https:\/\/blogs.univ-tlse2.fr\/benoit-petit\/wp-json\/wp\/v2\/comments?post=214"}],"version-history":[{"count":6,"href":"https:\/\/blogs.univ-tlse2.fr\/benoit-petit\/wp-json\/wp\/v2\/pages\/214\/revisions"}],"predecessor-version":[{"id":260,"href":"https:\/\/blogs.univ-tlse2.fr\/benoit-petit\/wp-json\/wp\/v2\/pages\/214\/revisions\/260"}],"up":[{"embeddable":true,"href":"https:\/\/blogs.univ-tlse2.fr\/benoit-petit\/wp-json\/wp\/v2\/pages\/136"}],"wp:attachment":[{"href":"https:\/\/blogs.univ-tlse2.fr\/benoit-petit\/wp-json\/wp\/v2\/media?parent=214"}],"curies":[{"name":"wp","href":"https:\/\/api.w.org\/{rel}","templated":true}]}}