 {"id":244,"date":"2010-12-06T14:18:41","date_gmt":"2010-12-06T13:18:41","guid":{"rendered":"https:\/\/blogs.univ-tlse2.fr\/benoit-petit\/?page_id=244"},"modified":"2015-05-11T09:25:24","modified_gmt":"2015-05-11T08:25:24","slug":"recherches-en-cours","status":"publish","type":"page","link":"https:\/\/blogs.univ-tlse2.fr\/benoit-petit\/sociologie-du-fait-religieux\/recherches-en-cours\/","title":{"rendered":"Recherches en cours"},"content":{"rendered":"<p><a href=\"https:\/\/blogs.univ-tlse2.fr\/benoit-petit\/lesreseaux\/\">Les r\u00e9seaux dans la (d\u00e9)construction des territoires<\/a><\/p>\n<p>Membre associ\u00e9 du laboratoire du CNRS :<\/p>\n<p><a href=\"http:\/\/dynamiques-rurales.univ-tlse2.fr\/\">http:\/\/dynamiques-rurales.univ-tlse2.fr\/<\/a><\/p>\n<p>&nbsp;<\/p>\n<p>&#8211;\u00a0<span style=\"color: #993300\">Participation au \u00a0<strong>Congr\u00e8s AFS 2015 \u2013 30 juin \u2013 1<sup>er<\/sup> juillet<\/strong><\/span><\/p>\n<p>RT 2 Sociologie et religions : Les religions comme contre-cultures : la \u00ab nature \u00bb contre la soci\u00e9t\u00e9 ?<\/p>\n<p><a href=\"https:\/\/blogs.univ-tlse2.fr\/benoit-petit\/2015\/05\/11\/colloque-de-lafs-2015\/ \u200e\">Colloque AFS<\/a><\/p>\n<p>&nbsp;<\/p>\n<p>&#8211;<span style=\"color: #993300\"> Participation \u00e0 l<strong>a 33e conf\u00e9rence de la SISR \u00e0 Louvain-la-Neuve (Belgique),\u00a0 du 2 au 5 Juillet 2015<\/strong><\/span><\/p>\n<p><strong>\u00a0voir\u00a0\u00a0\u00a0http:\/\/www.sisr-issr.org\/<\/strong><\/p>\n<p>Soci\u00e9t\u00e9\u00a0Internationale de Sociologie des Religions\/ International Society for the Sociology of Religion<\/p>\n<p>\u00ab<em>\u00a0Enjeux et limites des r\u00e9f\u00e9rents convictionnels dans les associations la\u00efques et inter-religieuses en France\u00a0<\/em>\u00bb<\/p>\n<p>&nbsp;<\/p>\n<p><span style=\"color: #993300\">&#8211; En pr\u00e9paration\u00a0<\/span><\/p>\n<p><strong>Argumentaire pour un colloque sur la croyance et l\u2019incroyance, en 2015 \u00e0 Toulouse<\/strong><\/p>\n<p><strong>\u00a0<\/strong>Le GREP (groupe de recherche pour l\u2019\u00e9ducation et la prospective Midi-Pyr\u00e9n\u00e9es organise un colloque de 2 jours sur le th\u00e8me \u00ab\u00a0Demain, avec ou sans Dieu\u00a0? Croyants et incroyants s\u2019interrogent\u00a0\u00bb<\/p>\n<p>&nbsp;<\/p>\n","protected":false},"excerpt":{"rendered":"<p>Les r\u00e9seaux dans la (d\u00e9)construction des territoires Membre associ\u00e9 du laboratoire du CNRS : http:\/\/dynamiques-rurales.univ-tlse2.fr\/ &nbsp; &#8211;\u00a0Participation au \u00a0Congr\u00e8s AFS 2015 \u2013 30 juin \u2013 1er juillet RT 2 Sociologie et religions : Les religions comme contre-cultures : la \u00ab nature \u00bb contre la soci\u00e9t\u00e9 ? Colloque AFS &nbsp; &#8211; Participation \u00e0 la 33e conf\u00e9rence [&hellip;]<\/p>\n","protected":false},"author":1,"featured_media":0,"parent":129,"menu_order":0,"comment_status":"closed","ping_status":"closed","template":"","meta":{"footnotes":"","_links_to":"","_links_to_target":""},"class_list":["post-244","page","type-page","status-publish","hentry"],"_links":{"self":[{"href":"https:\/\/blogs.univ-tlse2.fr\/benoit-petit\/wp-json\/wp\/v2\/pages\/244","targetHints":{"allow":["GET"]}}],"collection":[{"href":"https:\/\/blogs.univ-tlse2.fr\/benoit-petit\/wp-json\/wp\/v2\/pages"}],"about":[{"href":"https:\/\/blogs.univ-tlse2.fr\/benoit-petit\/wp-json\/wp\/v2\/types\/page"}],"author":[{"embeddable":true,"href":"https:\/\/blogs.univ-tlse2.fr\/benoit-petit\/wp-json\/wp\/v2\/users\/1"}],"replies":[{"embeddable":true,"href":"https:\/\/blogs.univ-tlse2.fr\/benoit-petit\/wp-json\/wp\/v2\/comments?post=244"}],"version-history":[{"count":5,"href":"https:\/\/blogs.univ-tlse2.fr\/benoit-petit\/wp-json\/wp\/v2\/pages\/244\/revisions"}],"predecessor-version":[{"id":406,"href":"https:\/\/blogs.univ-tlse2.fr\/benoit-petit\/wp-json\/wp\/v2\/pages\/244\/revisions\/406"}],"up":[{"embeddable":true,"href":"https:\/\/blogs.univ-tlse2.fr\/benoit-petit\/wp-json\/wp\/v2\/pages\/129"}],"wp:attachment":[{"href":"https:\/\/blogs.univ-tlse2.fr\/benoit-petit\/wp-json\/wp\/v2\/media?parent=244"}],"curies":[{"name":"wp","href":"https:\/\/api.w.org\/{rel}","templated":true}]}}