 {"id":387,"date":"2015-05-11T06:25:16","date_gmt":"2015-05-11T05:25:16","guid":{"rendered":"https:\/\/blogs.univ-tlse2.fr\/benoit-petit\/?page_id=387"},"modified":"2015-05-11T09:05:38","modified_gmt":"2015-05-11T08:05:38","slug":"dakar","status":"publish","type":"page","link":"https:\/\/blogs.univ-tlse2.fr\/benoit-petit\/dakar\/","title":{"rendered":"Dakar"},"content":{"rendered":"<p>DAKAR colloque pr\u00e9vention de la violence :<\/p>\n<p><strong>exode rural et droit \u00e0 l&rsquo;\u00e9ducation pour les enfants<\/strong><\/p>\n<p>&#8211; Texte de la conf\u00e9rence : \u00a0<a href=\"https:\/\/blogs.univ-tlse2.fr\/benoit-petit\/files\/2015\/05\/DAKAR_colloque_Enfants_PETIT_02_03-2.pdf\">DAKAR_colloque_Enfants_PETIT_02_03 (2)<\/a><\/p>\n<p>&#8211; Texte en Allemand :\u00a0<a href=\"https:\/\/blogs.univ-tlse2.fr\/benoit-petit\/files\/2015\/05\/Dakar-Rechte-von-Jugendlichen.pdf\">Dakar Rechte von Jugendlichen<\/a><\/p>\n","protected":false},"excerpt":{"rendered":"<p>DAKAR colloque pr\u00e9vention de la violence : exode rural et droit \u00e0 l&rsquo;\u00e9ducation pour les enfants &#8211; Texte de la conf\u00e9rence : \u00a0DAKAR_colloque_Enfants_PETIT_02_03 (2) &#8211; Texte en Allemand :\u00a0Dakar Rechte von Jugendlichen<\/p>\n","protected":false},"author":66,"featured_media":0,"parent":0,"menu_order":0,"comment_status":"closed","ping_status":"closed","template":"","meta":{"footnotes":"","_links_to":"","_links_to_target":""},"class_list":["post-387","page","type-page","status-publish","hentry"],"_links":{"self":[{"href":"https:\/\/blogs.univ-tlse2.fr\/benoit-petit\/wp-json\/wp\/v2\/pages\/387","targetHints":{"allow":["GET"]}}],"collection":[{"href":"https:\/\/blogs.univ-tlse2.fr\/benoit-petit\/wp-json\/wp\/v2\/pages"}],"about":[{"href":"https:\/\/blogs.univ-tlse2.fr\/benoit-petit\/wp-json\/wp\/v2\/types\/page"}],"author":[{"embeddable":true,"href":"https:\/\/blogs.univ-tlse2.fr\/benoit-petit\/wp-json\/wp\/v2\/users\/66"}],"replies":[{"embeddable":true,"href":"https:\/\/blogs.univ-tlse2.fr\/benoit-petit\/wp-json\/wp\/v2\/comments?post=387"}],"version-history":[{"count":3,"href":"https:\/\/blogs.univ-tlse2.fr\/benoit-petit\/wp-json\/wp\/v2\/pages\/387\/revisions"}],"predecessor-version":[{"id":402,"href":"https:\/\/blogs.univ-tlse2.fr\/benoit-petit\/wp-json\/wp\/v2\/pages\/387\/revisions\/402"}],"wp:attachment":[{"href":"https:\/\/blogs.univ-tlse2.fr\/benoit-petit\/wp-json\/wp\/v2\/media?parent=387"}],"curies":[{"name":"wp","href":"https:\/\/api.w.org\/{rel}","templated":true}]}}