 {"id":527,"date":"2018-06-26T10:27:33","date_gmt":"2018-06-26T09:27:33","guid":{"rendered":"https:\/\/blogs.univ-tlse2.fr\/benoit-petit\/?page_id=527"},"modified":"2018-06-26T10:27:33","modified_gmt":"2018-06-26T09:27:33","slug":"faits-religieux-et-laicite","status":"publish","type":"page","link":"https:\/\/blogs.univ-tlse2.fr\/benoit-petit\/faits-religieux-et-laicite\/","title":{"rendered":"Faits religieux et la\u00efcit\u00e9"},"content":{"rendered":"<p>R\u00e9flexions th\u00e9oriques et vulgarisation:<\/p>\n","protected":false},"excerpt":{"rendered":"<p>R\u00e9flexions th\u00e9oriques et vulgarisation:<\/p>\n","protected":false},"author":1,"featured_media":0,"parent":0,"menu_order":0,"comment_status":"closed","ping_status":"closed","template":"","meta":{"footnotes":"","_links_to":"","_links_to_target":""},"class_list":["post-527","page","type-page","status-publish","hentry"],"_links":{"self":[{"href":"https:\/\/blogs.univ-tlse2.fr\/benoit-petit\/wp-json\/wp\/v2\/pages\/527","targetHints":{"allow":["GET"]}}],"collection":[{"href":"https:\/\/blogs.univ-tlse2.fr\/benoit-petit\/wp-json\/wp\/v2\/pages"}],"about":[{"href":"https:\/\/blogs.univ-tlse2.fr\/benoit-petit\/wp-json\/wp\/v2\/types\/page"}],"author":[{"embeddable":true,"href":"https:\/\/blogs.univ-tlse2.fr\/benoit-petit\/wp-json\/wp\/v2\/users\/1"}],"replies":[{"embeddable":true,"href":"https:\/\/blogs.univ-tlse2.fr\/benoit-petit\/wp-json\/wp\/v2\/comments?post=527"}],"version-history":[{"count":1,"href":"https:\/\/blogs.univ-tlse2.fr\/benoit-petit\/wp-json\/wp\/v2\/pages\/527\/revisions"}],"predecessor-version":[{"id":528,"href":"https:\/\/blogs.univ-tlse2.fr\/benoit-petit\/wp-json\/wp\/v2\/pages\/527\/revisions\/528"}],"wp:attachment":[{"href":"https:\/\/blogs.univ-tlse2.fr\/benoit-petit\/wp-json\/wp\/v2\/media?parent=527"}],"curies":[{"name":"wp","href":"https:\/\/api.w.org\/{rel}","templated":true}]}}