 {"id":239,"date":"2017-02-09T10:27:27","date_gmt":"2017-02-09T09:27:27","guid":{"rendered":"https:\/\/blogs.univ-tlse2.fr\/bimo2017\/?page_id=239"},"modified":"2017-02-09T10:30:55","modified_gmt":"2017-02-09T09:30:55","slug":"english-quelques-hotels-au-centre-ville-de-toulouse","status":"publish","type":"page","link":"https:\/\/blogs.univ-tlse2.fr\/bimo2017\/en\/english-quelques-hotels-au-centre-ville-de-toulouse\/","title":{"rendered":"Quelques h\u00f4tels au centre-ville de Toulouse"},"content":{"rendered":"<p><strong>HOTEL CAPITOLE ** <\/strong><\/p>\n<p><strong>Adresse<\/strong>\u00a0: 10, rue Rivals \u00a0&#8211; tel. 05 61 23 21 28 &#8211; fax. 05 61 23 67 48<\/p>\n<p><strong>Acc\u00e8s<\/strong> : m\u00e9tro ligne A arr\u00eat \u201cCapitole\u201d<\/p>\n<p><strong>Mail :<\/strong> <a href=\"m&#x61;&#x69;l&#116;&#x6f;&#x3a;h&#111;&#x74;el&#x63;&#x61;p&#105;&#x74;ol&#x65;&#x40;w&#97;&#x6e;&#x61;d&#x6f;&#x6f;&#46;&#102;&#x72;\">hot&#101;&#x6c;&#x63;&#x61;&#x70;ito&#108;&#x65;&#x40;&#x77;&#x61;nad&#111;&#111;&#x2e;&#x66;&#x72;<\/a><\/p>\n<p><strong>Site web :<\/strong> <a href=\"http:\/\/www.capitole-hotel.com\/\">www.capitole-hotel.com<\/a><\/p>\n<p>&nbsp;<\/p>\n<p><strong>HOTEL PRESIDENT ** <\/strong><\/p>\n<p><strong><em>\u00a0<\/em><\/strong><strong>Adresse<\/strong>\u00a0: 43\/45 rue Raymond IV &#8211; tel. 05 61 63 46 46<\/p>\n<p><strong>Acc\u00e8s<\/strong> : m\u00e9tro ligne A (arr\u00eat \u201cMarengo SNCF\u201d) et B (arr\u00eat \u201cJeanne d\u2019Arc\u201d)<\/p>\n<p><strong>Mail :<\/strong> <a href=\"m&#x61;&#x69;l&#116;&#x6f;&#x3a;c&#111;&#x6e;ta&#x63;&#x74;&#64;&#104;&#x6f;te&#x6c;&#x2d;p&#114;&#x65;&#x73;i&#x64;&#x65;n&#116;&#x2e;&#x63;o&#109;\">c&#x6f;n&#x74;&#x61;c&#x74;&#64;&#104;&#x6f;t&#x65;l&#45;&#x70;r&#x65;s&#105;&#x64;e&#x6e;&#x74;&#46;&#x63;o&#109;<\/a><\/p>\n<p>&nbsp;<\/p>\n<p><strong>HOTEL CASTELLANE**<\/strong><\/p>\n<p><strong>Adresse\u00a0: <\/strong>17, rue Castellane &#8211; t\u00e9l. 05 61 62 18 82 &#8211; fax. 05 61 62 58 04<\/p>\n<p><strong>Acc\u00e8s\u00a0: <\/strong>m\u00e9tro ligne A arr\u00eat \u00ab\u00a0Jean Jaur\u00e8s\u00a0\u00bb<\/p>\n<p><strong>Mail\u00a0<\/strong>: <a href=\"&#x6d;a&#x69;&#x6c;t&#x6f;&#58;c&#x61;&#115;t&#x65;l&#x6c;&#x61;n&#x65;&#104;o&#x74;&#101;l&#x40;w&#x61;&#x6e;a&#x64;&#x6f;o&#x2e;&#102;r\">&#x63;&#x61;&#x73;&#x74;&#x65;&#x6c;&#x6c;&#x61;&#x6e;&#x65;&#x68;&#x6f;&#x74;&#x65;&#108;&#64;&#119;&#97;&#110;&#97;doo&#46;fr<\/a><\/p>\n<p><strong>Site web<\/strong>\u00a0: <a href=\"http:\/\/www.castellanehotel.com\/site.php?langue=fr\">http:\/\/www.castellanehotel.com\/site.php?langue=fr<\/a><\/p>\n<p>&nbsp;<\/p>\n<p><strong>HOTEL OCCITANIA Centre Toulouse-Matabiau *** <\/strong>(ex-Phoenicia)<\/p>\n<p><strong>Adresse\u00a0:<\/strong> 7, boulevard Bonrepos (face \u00e0 la gare) &#8211; t\u00e9l. 05 61 63 81 63 &#8211; fax. 05 61 63 02 06<\/p>\n<p><strong>Acc\u00e8s\u00a0:<\/strong> m\u00e9tro Ligne A arr\u00eat \u00ab\u00a0Marengo \u2013 SNCF\u00a0\u00bb<\/p>\n<p><strong>Mail\u00a0:<\/strong> <a href=\"&#x6d;&#x61;&#x69;&#x6c;&#x74;&#x6f;&#x3a;&#x61;&#x6c;&#x69;&#x65;&#110;&#111;&#114;&#46;estrier&#64;h&#x6f;&#x74;&#x65;&#x6c;&#x2d;&#x67;&#x61;&#x72;&#x6f;&#x6e;&#x6e;&#x65;&#46;&#99;&#111;&#109;\">&#x61;l&#x69;e&#x6e;&#111;r&#x2e;e&#x73;t&#x72;&#105;e&#x72;&#64;&#x68;&#111;t&#x65;l&#x2d;g&#x61;&#114;o&#x6e;n&#x65;&#46;&#x63;&#x6f;m<\/a> (Responsable commerciale)<\/p>\n<p><strong>Site web\u00a0:<\/strong> <a href=\"http:\/\/www.hotel-phoenicia-toulouse.com\/\">http:\/\/www.hotel-phoenicia-toulouse.com\/<\/a><\/p>\n<p><strong>\u00a0<\/strong><\/p>\n<p><strong>HOTEL AU PERE LEON *** <\/strong><\/p>\n<p><strong>Adresse<\/strong>\u00a0: 2 place Esquirol &#8211; t\u00e9l. 05 61 21 70 39<\/p>\n<p><strong>Acc\u00e8s<\/strong> : m\u00e9tro ligne A arr\u00eat \u201cEsquirol\u201d<\/p>\n<p><strong>Mail :<\/strong> <a href=\"&#109;&#x61;&#105;&#x6c;&#116;&#x6f;&#58;&#x63;&#111;&#x6e;&#116;&#x61;&#99;&#x74;&#64;&#x70;&#101;&#x72;&#101;&#x2d;&#108;&#x65;&#111;&#x6e;&#46;&#x63;&#111;&#x6d;\">&#x63;&#111;n&#x74;&#x61;ct&#x40;&#x70;er&#x65;&#45;l&#x65;&#x6f;&#110;&#46;&#x63;&#x6f;m<\/a><\/p>\n<p><strong>Site web :<\/strong> <a href=\"http:\/\/www.pere-leon.com\/\">http:\/\/www.pere-leon.com<\/a><\/p>\n<p>&nbsp;<\/p>\n<p><strong>HOTEL ROYAL WILSON ** <\/strong><\/p>\n<p><strong>Adresse<\/strong>\u00a0: 6 rue Labeda &#8211; t\u00e9l. 05 61 12 41 41 &#8211; fax 05 61 12 41 53<\/p>\n<p><strong>Acc\u00e8s<\/strong> : m\u00e9tro ligne A arr\u00eat \u201cCapitole\u201d ou \u201cJean Jaur\u00e8s\u201d<\/p>\n<p><strong>Mail :<\/strong> <a href=\"ma&#105;&#x6c;&#x74;o:&#114;&#x6f;&#x79;&#x61;lw&#105;&#x6c;&#x73;on&#104;&#x6f;&#x74;&#x65;l&#46;&#116;&#x6f;&#x75;lo&#117;&#x73;&#x65;&#x40;wa&#110;&#x61;&#x64;oo&#46;&#x66;&#x72;\">&#x72;&#x6f;&#x79;&#x61;&#x6c;&#x77;&#x69;&#x6c;&#x73;&#x6f;&#x6e;&#104;&#111;&#116;&#101;l&#46;toulous&#x65;&#x40;&#x77;&#x61;&#x6e;&#x61;&#x64;&#x6f;&#x6f;&#x2e;&#x66;&#x72;<\/a> ou <a href=\"&#x6d;&#97;i&#x6c;&#x74;o:&#x63;&#111;n&#x74;&#x61;ct&#x40;&#104;o&#x74;&#x65;&#108;r&#x6f;&#x79;a&#x6c;&#x77;&#105;l&#x73;&#x6f;n-&#x74;&#111;u&#x6c;&#x6f;us&#x65;&#46;c&#x6f;&#x6d;\">contact&#64;hotelroyalw&#105;&#108;&#115;&#111;&#110;&#45;&#116;&#111;&#x75;&#x6c;&#x6f;&#x75;&#x73;&#x65;&#x2e;&#x63;&#x6f;&#x6d;<\/a><\/p>\n<p><strong>\u00a0<\/strong><\/p>\n<p><strong>HOTEL OURS BLANC WILSON **** \u00a0 \u00a0 \u00a0 \u00a0 \u00a0 \u00a0 \u00a0 \u00a0 \u00a0 \u00a0 \u00a0 \u00a0 \u00a0 \u00a0 \u00a0 \u00a0 \u00a0 \u00a0 \u00a0 \u00a0 \u00a0 \u00a0 \u00a0 \u00a0 \u00a0 \u00a0 \u00a0 \u00a0 \u00a0 \u00a0 \u00a0 \u00a0 \u00a0 \u00a0 \u00a0 \u00a0 \u00a0 \u00a0 \u00a0 \u00a0 \u00a0 \u00a0 \u00a0 \u00a0 \u00a0 \u00a0 \u00a0 \u00a0 \u00a0 \u00a0 \u00a0 \u00a0 \u00a0 \u00a0 \u00a0 \u00a0 \u00a0 \u00a0 \u00a0 \u00a0 \u00a0 \u00a0 \u00a0 \u00a0 \u00a0 \u00a0 \u00a0 \u00a0 \u00a0 \u00a0 \u00a0 \u00a0 \u00a0 \u00a0 \u00a0 \u00a0 \u00a0 \u00a0 \u00a0 \u00a0 \u00a0 \u00a0 \u00a0 \u00a0 \u00a0 \u00a0 \u00a0 \u00a0 \u00a0 \u00a0 \u00a0 \u00a0 \u00a0 \u00a0 \u00a0 \u00a0 \u00a0 \u00a0 \u00a0 \u00a0 \u00a0 \u00a0 \u00a0 \u00a0 \u00a0 \u00a0 \u00a0 \u00a0 \u00a0 \u00a0 \u00a0 \u00a0 \u00a0 \u00a0 \u00a0 \u00a0 \u00a0 \u00a0 \u00a0 \u00a0 \u00a0 \u00a0 \u00a0 \u00a0 \u00a0 \u00a0 \u00a0 \u00a0 \u00a0 \u00a0 \u00a0 \u00a0 \u00a0 \u00a0 \u00a0 \u00a0 \u00a0 \u00a0 \u00a0 \u00a0 \u00a0 \u00a0 \u00a0 \u00a0 \u00a0 \u00a0 \u00a0\u00a0<\/strong><\/p>\n<p><strong>Adresse\u00a0:<\/strong> 2 rue Victor Hubo\u00a0 &#8211; t\u00e9l. 05 61 21 62 40 &#8211; fax. 05 61 23 62 34<\/p>\n<p><strong>Acc\u00e8s\u00a0:<\/strong> m\u00e9tro Ligne A arr\u00eat \u00ab\u00a0Capitole\u00a0\u00bb<\/p>\n<p><strong>Mail\u00a0:<\/strong> <a href=\"&#109;a&#x69;l&#x74;o&#x3a;w&#x69;l&#x73;o&#x6e;&#64;&#x68;&#111;t&#101;l&#x2d;o&#x75;r&#x73;b&#x6c;a&#x6e;c&#x2e;&#99;&#x6f;&#109;\">wil&#115;&#111;&#x6e;&#x40;&#x68;&#x6f;&#x74;el-&#111;&#117;&#x72;&#x73;&#x62;&#x6c;&#x61;nc&#46;&#99;&#111;&#x6d;<\/a><\/p>\n<p>&nbsp;<\/p>\n<p><strong>HOTEL DU TAUR **\u00a0 <\/strong><\/p>\n<p><strong><em>\u00a0<\/em><\/strong><strong>Adresse\u00a0:<\/strong>\u00a0 2, rue du Taur &#8211; tel. 05 61 21 17 54 &#8211; fax. 05 61 13 78 41<\/p>\n<p><strong>Acc\u00e8s :<\/strong> m\u00e9tro ligne A arr\u00eat \u201cCapitole\u201d<\/p>\n<p><strong>Mail : <\/strong><a href=\"mai&#108;&#x74;&#x6f;&#x3a;con&#116;&#x61;&#x63;&#x74;&#x40;hot&#101;&#x6c;&#x2d;&#x64;&#x75;tau&#114;&#x2e;&#x63;&#x6f;m\">&#x68;&#x6f;&#x74;&#101;ldu&#x74;&#x61;&#x75;&#114;&#64;wa&#x6e;&#x61;&#x64;&#111;o&#46;f&#x72;<\/a><\/p>\n<p><strong>Site web :<\/strong> <a href=\"http:\/\/www.hotel-du-taur.com\/index.htm\">http:\/\/www.hotel-du-taur.com\/index.htm<\/a><\/p>\n<p>&nbsp;<\/p>\n<p><strong>HOTEL IBIS STYLES *** <\/strong><em>(ex-TERMINUS)<\/em><\/p>\n<p><strong>Adresse\u00a0: <\/strong>13, boulevard Bonrepos (face \u00e0 la gare) &#8211; t\u00e9l. 05 61 62 44 78 &#8211; fax. 05 61 63 18 06<\/p>\n<p><strong>Acc\u00e8s\u00a0<\/strong>: m\u00e9tro Ligne A arr\u00eat \u00ab\u00a0Marengo \u2013 SNCF\u00a0\u00bb<\/p>\n<p><strong>Mail\u00a0: <\/strong><a href=\"&#x6d;&#x61;&#x69;&#x6c;&#x74;&#x6f;&#x3a;&#99;&#111;&#110;tact&#64;h&#x6f;&#x74;&#x65;&#x6c;&#x2d;&#x74;&#x6f;&#x75;&#108;&#111;use-fra&#x6e;&#x63;&#x65;&#x2e;&#x63;&#x6f;&#x6d;\">contact&#64;h&#111;&#116;&#101;&#108;&#x2d;&#x74;&#x6f;&#x75;&#x6c;&#x6f;&#x75;&#x73;&#x65;&#x2d;&#x66;&#x72;ance&#46;com<\/a><\/p>\n<p><strong>Site web\u00a0: <\/strong><a href=\"http:\/\/www.accorhotels.com\/fr\/hotel-8481-ibis-styles-toulouse-gare-centre-matabiau\/index.shtml\">http:\/\/www.accorhotels.com\/fr\/hotel-8481-ibis-styles-toulouse-gare-centre-matabiau\/index.shtml<\/a><\/p>\n<p>&nbsp;<\/p>\n<p><strong>HOTEL BEST WESTERN ATHENEE ***\u00a0 <\/strong><\/p>\n<p><strong>Adresse\u00a0:<\/strong> 1 bis rue Matabiau\u00a0 &#8211; t\u00e9l. 05 61 63 10 63 &#8211; fax. 05 61 63 87 80<\/p>\n<p><strong>Acc\u00e8s\u00a0:<\/strong> m\u00e9tro Ligne B arr\u00eat \u00ab\u00a0Jeanne d\u2019Arc\u00a0\u00bb<\/p>\n<p><strong>Mail\u00a0:<\/strong> <a href=\"ma&#105;&#x6c;&#x74;&#x6f;&#x3a;co&#110;&#116;&#x61;&#x63;&#x74;&#64;ho&#116;&#x65;&#x6c;&#x2d;tou&#108;&#x6f;&#x75;&#x73;e-a&#116;&#x68;&#x65;&#x6e;ee&#46;&#99;&#x6f;&#x6d;\">conta&#99;&#116;&#x40;&#x68;&#x6f;&#x74;&#x65;&#x6c;&#x2d;toulo&#117;&#115;&#101;&#x2d;&#x61;&#x74;&#x68;&#x65;&#x6e;ee&#46;com<\/a><\/p>\n<p><strong>Site web\u00a0: <\/strong><a href=\"http:\/\/www.hotel-toulouse-athenee.com\/\">http:\/\/www.hotel-toulouse-athenee.com\/<\/a><\/p>\n<p><strong>\u00a0<\/strong><\/p>\n<p><strong>\u00a0 \u00a0 \u00a0 \u00a0 \u00a0 \u00a0 \u00a0 \u00a0 \u00a0 \u00a0 \u00a0 \u00a0 \u00a0 \u00a0 \u00a0 \u00a0 \u00a0 \u00a0 \u00a0 \u00a0 \u00a0 \u00a0 \u00a0 \u00a0 \u00a0 \u00a0 \u00a0 \u00a0 \u00a0 \u00a0 \u00a0 \u00a0 \u00a0 \u00a0 \u00a0 \u00a0 \u00a0 \u00a0 \u00a0 \u00a0 \u00a0 \u00a0 \u00a0 \u00a0 \u00a0 \u00a0 \u00a0 \u00a0 \u00a0 \u00a0 \u00a0 \u00a0 \u00a0 \u00a0 \u00a0 \u00a0 \u00a0 \u00a0 \u00a0 \u00a0 \u00a0 \u00a0 \u00a0 \u00a0 \u00a0 \u00a0 \u00a0 \u00a0 \u00a0 \u00a0 \u00a0 \u00a0 \u00a0 \u00a0 \u00a0 \u00a0 \u00a0 \u00a0 \u00a0 \u00a0 \u00a0 \u00a0 \u00a0 \u00a0 \u00a0 \u00a0 \u00a0 \u00a0 \u00a0 \u00a0 \u00a0 \u00a0 \u00a0 \u00a0 \u00a0 \u00a0 \u00a0 \u00a0 \u00a0 \u00a0 \u00a0 \u00a0 \u00a0 \u00a0 \u00a0 \u00a0 \u00a0 \u00a0 \u00a0 \u00a0 \u00a0 \u00a0 \u00a0 \u00a0 \u00a0 \u00a0 \u00a0 \u00a0 \u00a0 \u00a0 \u00a0 \u00a0 \u00a0 \u00a0 \u00a0 \u00a0 \u00a0 \u00a0 \u00a0 \u00a0 \u00a0 \u00a0 \u00a0 \u00a0 \u00a0 \u00a0 \u00a0 \u00a0 \u00a0 \u00a0 \u00a0 \u00a0 \u00a0 \u00a0 \u00a0<\/strong><\/p>\n<p>&nbsp;<\/p>\n<p>&nbsp;<\/p>\n<p>&nbsp;<\/p>\n<p>&nbsp;<\/p>","protected":false},"excerpt":{"rendered":"<p>HOTEL CAPITOLE ** Adresse\u00a0: 10, rue Rivals \u00a0&#8211; tel. 05 61 23 21 28 &#8211; fax. 05 61 23 67 48 Acc\u00e8s : m\u00e9tro ligne A arr\u00eat \u201cCapitole\u201d Mail : &#x68;o&#x74;&#101;l&#x63;a&#x70;&#x69;t&#x6f;&#108;e&#x40;w&#x61;&#110;a&#x64;&#111;o&#x2e;f&#x72; Site web : www.capitole-hotel.com &nbsp; HOTEL PRESIDENT ** \u00a0Adresse\u00a0: 43\/45 rue Raymond IV &#8211; tel. 05 61 63 46 46 Acc\u00e8s : m\u00e9tro ligne [&hellip;]<\/p>\n","protected":false},"author":311,"featured_media":0,"parent":0,"menu_order":0,"comment_status":"closed","ping_status":"closed","template":"","meta":{"footnotes":""},"class_list":["post-239","page","type-page","status-publish","hentry","post-preview"],"_links":{"self":[{"href":"https:\/\/blogs.univ-tlse2.fr\/bimo2017\/en\/wp-json\/wp\/v2\/pages\/239","targetHints":{"allow":["GET"]}}],"collection":[{"href":"https:\/\/blogs.univ-tlse2.fr\/bimo2017\/en\/wp-json\/wp\/v2\/pages"}],"about":[{"href":"https:\/\/blogs.univ-tlse2.fr\/bimo2017\/en\/wp-json\/wp\/v2\/types\/page"}],"author":[{"embeddable":true,"href":"https:\/\/blogs.univ-tlse2.fr\/bimo2017\/en\/wp-json\/wp\/v2\/users\/311"}],"replies":[{"embeddable":true,"href":"https:\/\/blogs.univ-tlse2.fr\/bimo2017\/en\/wp-json\/wp\/v2\/comments?post=239"}],"version-history":[{"count":3,"href":"https:\/\/blogs.univ-tlse2.fr\/bimo2017\/en\/wp-json\/wp\/v2\/pages\/239\/revisions"}],"predecessor-version":[{"id":242,"href":"https:\/\/blogs.univ-tlse2.fr\/bimo2017\/en\/wp-json\/wp\/v2\/pages\/239\/revisions\/242"}],"wp:attachment":[{"href":"https:\/\/blogs.univ-tlse2.fr\/bimo2017\/en\/wp-json\/wp\/v2\/media?parent=239"}],"curies":[{"name":"wp","href":"https:\/\/api.w.org\/{rel}","templated":true}]}}