 {"id":284,"date":"2017-03-09T16:29:12","date_gmt":"2017-03-09T15:29:12","guid":{"rendered":"https:\/\/blogs.univ-tlse2.fr\/bimo2017\/?page_id=284"},"modified":"2017-05-03T17:15:37","modified_gmt":"2017-05-03T15:15:37","slug":"accepted-abstracts","status":"publish","type":"page","link":"https:\/\/blogs.univ-tlse2.fr\/bimo2017\/en\/programme\/accepted-abstracts\/","title":{"rendered":"Papers and posters"},"content":{"rendered":"<p><\/p>\n<p style=\"text-align: center\"><em>(by alphabetical order of the first author)<\/em><\/p>\n<p style=\"text-align: center\"><strong><u>Confirmed oral presentations<\/u><\/strong><\/p>\n<p>&nbsp;<\/p>\n<p><strong>Monolingual and multilingual learners of French. What are the effects of language background on spelling?<\/strong>\u00a0(Marie Bontemps<sup>1<\/sup>, Phaedra Royle<sup>2<\/sup> and Brigitte Stank\u00e9<sup>2 \u00a0\u00a0<\/sup>(1) Universit\u00e9 Toulouse III-Paul Sabatier, (2) Universit\u00e9 de Montr\u00e9al)<\/p>\n<p><strong>Attrition and (incomplete) acquisition of Italian answering strategies<\/strong> (Irene Caloi<sup>1<\/sup>, Adriana Belletti<sup>2<\/sup> and Cecilia Poletto<sup>1 3\u00a0<\/sup>(1) Goethe Universit\u00e4t Frankfurt, (2) CISCL-Dispoc-University of Siena, (3) Universit\u00e0 degli Studi di Padova)<\/p>\n<p><strong>Cue strength and double marking for the disambiguation of thematic roles \u2013 Evidence from monolingual and early second language learners<\/strong> (Valentina Cristante<sup>1<\/sup>, Binanzer Anja<sup>2<\/sup> and Bittner Andreas<sup>2\u00a0<\/sup>(1) Universit\u00e4t Osnabr\u00fcck, (2) Westf\u00e4lische Wilhelms-Universit\u00e4t M\u00fcnster)<\/p>\n<p><strong>Time and Space in English and French discourse: implications for L2 acquisition<\/strong> (Annie-Claude Demagny &#8211; CNRS &amp; Universit\u00e9 Paris 8)<\/p>\n<p><strong>Null subjects in attrited, heritage and L2 Greek in Chile<\/strong> (Aretousa Giannakou and Ioanna Sitaridou &#8211; University of Cambridge)<\/p>\n<p><strong>Can French-English bilinguals process verb-particle constructions in a native-like manner? A self-paced reading study<\/strong> (Alexandre Herbay, Laura M. Gonnerman and Shari Baum &#8211; McGill University)<\/p>\n<p><strong>Do temporarily induced code-switching modes alternate executive performance in late sequential bilinguals?<\/strong> (Julia Hofweber, Theo Marinis and Jeanine Treffers-Daller &#8211; University of Reading)<\/p>\n<p><strong>Processing variability in L2 learning: insights from articulatory training<\/strong> (Natalia Kartushina and Clara Martin &#8211; Basque Center of Cognition, Brain and Language)<\/p>\n<p><strong>Age-related effects on language control and executive control: a behavioral-electrophysiological investigation<\/strong> (Emilie Massa<sup>1<\/sup>, Radouane El Yagoubi<sup>2<\/sup> and Barbara K\u00f6pke<sup>1\u00a0<\/sup>(1) U.R.I. Octogone-Lordat EA4156, Universit\u00e9 de Toulouse, (2) CLLE-LTC U.M.R 5263 Universit\u00e9 de Toulouse)<\/p>\n<p><strong>Can translation lead to L1 attrition? Anaphora resolution by English&gt;Croatian translators<\/strong> (Maja Milicevic<sup>1<\/sup>, Tihana Kras<sup>2<\/sup> and Vladivoj Lisica<sup>2\u00a0<\/sup>(1) University of Belgrade, (2) University of Rijeka)<\/p>\n<p><strong>Processes and processing in modelling sound systems in contact<\/strong> (David Natvig &#8211; University of Wisconsin\u2013Madison)<\/p>\n<p><strong>Trilingual effects at the microstructure and macrostructure levels in children\u2019s narratives<\/strong> (Mihaela Pirvulescu<sup>1<\/sup>, Rena Helms-Park<sup>2<\/sup> and Maria Petrescu<sup>1\u00a0<\/sup>(1) University of Toronto Mississauga, (2) University of Toronto Scarborough)<\/p>\n<p><strong>Language Processing in Bilinguals: Distinguishing Early Sequential from Simultaneous<\/strong> (Laura Sabourin, Christie Brien, Santa Vinerte, Michele Burkholder and Jean-Christophe Leclerc &#8211; University of Ottawa)<\/p>\n<p><strong>Implicit causality as a predictive cue in child L1 and adult L2 processing of German: Evidence from visual-world eyetracking<\/strong> (Judith Schlenter and Claudia Felser &#8211; Potsdam Research Institute for Multilingualism)<\/p>\n<p><strong>Cross-linguistic influence at the feature-level: Evidence from Dutch-German bilingual preschoolers<\/strong> (Antje Stoehr<sup>12<\/sup>, Titia Benders<sup>34<\/sup>, Janet van Hell<sup>5<\/sup> and Paula Fikkert<sup>1 <\/sup>(1) Radboud University Nijmegen, (2) IMPRS for Language Sciences, (3) ARC Centre of Excellence in Cognition and its Disorders, (4) Macquarie University, (5) The Pennsylvania State University)<\/p>\n<p><strong>Subject position in heritage Spanish in the Netherlands and the US: a case for cross-linguistic influence<\/strong> (Brechje van Osch, Suzanne Aalberse, Aafke Hulk and Petra Sleeman &#8211; University of Amsterdam)<\/p>\n<p><strong>Transfer and derivational complexity in the wh-movement of heritage speakers and L2 learners: A bidirectional study<\/strong> (Nora Vosburg<sup>1<\/sup>, Michael Putnam<sup>1<\/sup> and Holger Hopp<sup>2\u00a0<\/sup>(1) The Pennsylvania State University, (2) Technische Universitaet Braunschweig)<\/p>\n<p>&nbsp;<\/p>\n<p style=\"text-align: center\"><strong><u>Confirmed posters<\/u><\/strong><\/p>\n<p><strong>The case of semantic extension in Spanish (L1)-French (L2) late bilinguals: the influence of the L2 over the L1 <\/strong>(Lyanne Ahumada Ebratt and Barbara K\u00f6pke &#8211; URI Octogone-Lordat Universit\u00e9 de Toulouse 2)<\/p>\n<p><strong>Influences translinguistiques dans les productions d\u2019apprenants tr\u00e8s avanc\u00e9s russophones du fran\u00e7ais<span style=\"font-family: Times\"> (<\/span><\/strong>Tatiana Aleksandrova &#8211; Universit\u00e9 Grenoble Alpes)<\/p>\n<p><strong>Complex Noun Phrases Processing in English by Native and L2 Speakers<\/strong> (Shanley Allen<sup>1<\/sup>, Leigh Fernandez<sup>1<\/sup>, Mary Elliott<sup>2<\/sup>, Neiloufar Family<sup>1<\/sup>, Kalliopi Katsika<sup>1<\/sup>, Maialen Iraola Azpiroz<sup>1<\/sup>, Juhani J\u00e4rvikivi<sup>3<\/sup> and Lianna Fortune<sup>3<\/sup> \u2013 (1) University of Kaiserslautern, (2) Northeastern University, (3) University of Alberta<\/p>\n<p><strong>The benefits of bilingualism in inferential production during reading: the role of working memory<\/strong> (Xavier Aparicio &#8211; CHArt-UPEC EA 4004, Paris)<\/p>\n<p><strong>Bilingual Processing at Semantics-Morphosyntax interface: A study on the interaction of Animacy and Turkish DOM in Turkish-German heritage bilingual speakers<\/strong> (Elif Bamyac\u0131 &#8211; University of Cologne)<\/p>\n<p><strong>Cross-linguistic influence of L1 (French) and L1 (English) on L2 (Dutch) in sentences with the quantitative pronoun ER<\/strong> (Sanne Berends, Petra Sleeman, Aafke Hulk and Jeannette Schaeffer &#8211; University of Amsterdam)<\/p>\n<p><strong>Bimodal Bilingualism From French Sign Language to written word learning<\/strong> (Alienor Bouchaud and H\u00e9l\u00e8ne Giraudo \u2013 CLLE CNRS Universit\u00e9 de Toulouse 2)<\/p>\n<p><strong>First language attrition at the interface among Chinese-English late bilinguals (on-going study)<\/strong> (Wenjia Cai &#8211; University of Edinburgh)<\/p>\n<p><strong>Language access and control in highly proficient bilinguals: a comparison between early and late bilinguals<\/strong> (Francesca Cortelazzo <sup>1<\/sup>,<sup>2<\/sup>,\u00a0 Barbara K\u00f6pke <sup>1<\/sup>, Vincent Lubrano<sup>2<\/sup> &amp; Xavier de Boissezon<sup>2<\/sup> &#8211; (1) URI Octogone-Lordat Universit\u00e9 de Toulouse 2, (2) ToNIC UMR 1214, Toulouse)<\/p>\n<p><strong>Frequency and working memory effects in incidental learning of a complex agreement pattern in L2 <span style=\"font-family: Times\">(<\/span><\/strong>Nadiia Denhovska &#8211; University of Central Lancashire)<\/p>\n<p><strong>Moving Past Feature Reassembly: the case of English definite article and L1 Mandarin speakers<\/strong> (Shuo Feng &#8211; University of Wisconsin-Madison)<\/p>\n<p><strong>The influence of L1 Reading Direction on L2 Perceptual Span Size<\/strong> (Leigh Fernandez<sup>1<\/sup>, Nicolette Pire<sup>2<\/sup> and Shanley Allen<sup>1<\/sup> &#8211; (1) University of Kaiserslautern, (2) Northeastern University)<\/p>\n<p><strong>The Role of Parafoveally-Viewed Frequency and Expectation Information in Native and L2 speakers of English<span style=\"font-family: Times\"> (<\/span><\/strong>Leigh Fernandez<sup>1<\/sup>, Nicolette Pire<sup>2<\/sup> and Shanley Allen<sup>1<\/sup> &#8211; (1) University of Kaiserslautern, (2) Northeastern University)<\/p>\n<p><strong>Late second language learners recruit lexical-semantic mechanisms to process syntactic categories: An ERP study<span style=\"font-family: Times\"> (<\/span><\/strong>Lauren Fromont<sup>1<\/sup>, Phaedra Royle<sup>1<\/sup>, Meagan Honigman<sup>2<\/sup>, Lisa Martignetti<sup>2<\/sup> and Karsten Steinhauer<sup>2<\/sup> &#8211; (1) Universit\u00e9 de Montr\u00e9al, (2) McGill University)<\/p>\n<p><strong>Bilingualism across the lifespan: Word order in Dutch-Spanish bilingual children and teenagers <\/strong>(Elisabet Garc\u00eda Gonz\u00e1lez, Brechje van Osch, Suzanne Aalberse and Aafke Hulk &#8211; University of Amsterdam)<\/p>\n<p><strong>La compr\u00e9hension d&#8217;expressions modales \u00e9pist\u00e9miques en L2: l&#8217;influence de l&#8217;\u00e2ge<\/strong> (Cyrille Granget<sup>1<\/sup>, Christine Cuet<sup>1<\/sup>, Marie-Ange Dat<sup>1<\/sup>, Delphine Guedat-Bittighoffer<sup>2<\/sup> and Pascale El Haj<sup>3<\/sup> &#8211; (1) Universit\u00e9 de Nantes, (2) Universit\u00e9 d\u2019Angers, (3) SFL Paris)<\/p>\n<p><strong>\u2018The table\u2019s leg\u2019 or \u2018the leg of the table&#8217;? Genitive structures in simultaneous and sequential bilingual children<\/strong> (Maki Kubota &#8211; University of Edinburgh)<\/p>\n<p><strong>Is foreign language attrition a special case of retrieval-induced forgetting?<\/strong> (Anne Mickan, Kristin Lemh\u00f6fer and James McQueen &#8211; Radboud University Nijmegen, Donders Institute for Brain, Cognition and Behavior)<\/p>\n<p><strong>Development of shared syntactic representations in second language learning: evidence from syntactic priming<\/strong> (Merel Muylle<sup>1<\/sup>, Sarah Bernolet<sup>2<\/sup> and Robert Hartsuiker<sup>1<\/sup> &#8211; (1) Ghent University, (2) Universiteit Antwerpen)<\/p>\n<p><strong>Constructing an experimental design to explore French Foreign Language Attrition in Greek learners: hypotheses and expectations <\/strong>(Kleopatra Mytara, Barbara K\u00f6pke and Olga Theophanous, URI Octogone-Lordat Universit\u00e9 de Toulouse 2)<\/p>\n<p><strong>Evaluation et profil \u00e9volutif de l\u2019aphasie de Broca chez les bilingues suivis en r\u00e9\u00e9ducation \u00e0 Abidjan. <\/strong>(Guillaume N&#8217;Guessan, Serge Landry Seri and Zakaria Yago &#8211; UFHB, Universit\u00e9 Alassane Ouattara de Bouak\u00e9, Universit\u00e9 F\u00e9lix Houphou\u00eat Boigny)<\/p>\n<p><strong>Early Processes of Visual Word Recognition in Bilingualism <\/strong>(Karla Orihuela and Helene Giraudo \u2013 CLLE CNRS \u2013 Universit\u00e9 de Toulouse 2)<\/p>\n<p><strong>Speakers learn to make a difference between German as first language and English as second language: Evidence against the development of shared syntactic representations <\/strong>(Sandra Pappert<sup>1<\/sup>, Sarah Menzel<sup>2<\/sup>, Michael Baumann<sup>1<\/sup> and Thomas Pechmann<sup>2<\/sup> &#8211; (1) Universit\u00e4t Bielefeld, (2) Universit\u00e4t Leipzig)<\/p>\n<p><strong>Evidence for acquisition-related effects in German subject-verb agreement? Differences between first and second language speakers <\/strong>(Sandra Pappert -Universit\u00e4t Bielefeld)<\/p>\n<p><strong>L\u2019influence de la L1 dans l\u2019acquisition de syst\u00e8mes grammaticaux en L2 : l\u2019acquisition du genre en FL2 par des apprenants germanophones, hispanophones et anglophones<span style=\"font-family: Times\"> (<\/span><\/strong>Tatiana Pieters and Marie-Eve Michot &#8211; Vrije Universiteit Brussel)<\/p>\n<p><strong>Lexical processing in EFL bilinguals in a Mexican university: Results provided by a visual world task <span style=\"font-family: Times\">(<\/span><\/strong>Alma Luz Rodr\u00edguez-L\u00e1zaro, Natalia Arias-Trejo, Alina Mar\u00eda Signoret-Dorcasberro and Armando Quetzalc\u00f3atl Angulo\u2013Chavira &#8211; Universidad Nacional Aut\u00f3noma de M\u00e9xico)<\/p>\n<p><strong>The Interface Hypothesis and Korean Subject Markers (n)un and i\/ka<\/strong> (Glenn Starr, Minhee Kim and Joy Kwon &#8211; University of Wisconsin \u2013 Madison)<\/p>\n<p><strong>L1 vs. L2 transfer: a study on cross-linguistic influence in the L3 acquisition of generics<\/strong> (Sascha Stollhans &#8211; University of Manchester)<\/p>\n<p><strong>Brain Activation, Connectivity and the L2 onset age effect <\/strong>(Hideyuki Taura &#8211; Ritsumeikan University, Japan)<\/p>\n<p><strong>Formulaic sequences in oral and written productions by users of French as a Second Language<\/strong> (Olga Theophanous and Marjolein Korving \u2013 URI Octogone-Lordat, Universit\u00e9 de Toulouse 2)<\/p>\n<p><strong>Fluency Development of Bilingual French-Russian Children<\/strong> (Ekaterina Tiulkova, Vanda Marijanovic and Michel Billi\u00e8res \u2013 URI Octogone-Lordat, Universit\u00e9 de Toulouse 2)<\/p>\n<p><strong>Cross-linguistic influence on the acquisition and processing of metaphorical expressions by Chinese learners and English<\/strong> (Mengying Xia &#8211; University of Cambridge)<\/p>\n<p>&nbsp;<\/p>","protected":false},"excerpt":{"rendered":"<p>(by alphabetical order of the first author) Confirmed oral presentations &nbsp; Monolingual and multilingual learners of French. What are the effects of language background on spelling?\u00a0(Marie Bontemps1, Phaedra Royle2 and Brigitte Stank\u00e92 \u00a0\u00a0(1) Universit\u00e9 Toulouse III-Paul Sabatier, (2) Universit\u00e9 de Montr\u00e9al) Attrition and (incomplete) acquisition of Italian answering strategies (Irene Caloi1, Adriana Belletti2 and Cecilia [&hellip;]<\/p>\n","protected":false},"author":311,"featured_media":0,"parent":45,"menu_order":1,"comment_status":"closed","ping_status":"closed","template":"","meta":{"footnotes":""},"class_list":["post-284","page","type-page","status-publish","hentry","post-preview"],"_links":{"self":[{"href":"https:\/\/blogs.univ-tlse2.fr\/bimo2017\/en\/wp-json\/wp\/v2\/pages\/284","targetHints":{"allow":["GET"]}}],"collection":[{"href":"https:\/\/blogs.univ-tlse2.fr\/bimo2017\/en\/wp-json\/wp\/v2\/pages"}],"about":[{"href":"https:\/\/blogs.univ-tlse2.fr\/bimo2017\/en\/wp-json\/wp\/v2\/types\/page"}],"author":[{"embeddable":true,"href":"https:\/\/blogs.univ-tlse2.fr\/bimo2017\/en\/wp-json\/wp\/v2\/users\/311"}],"replies":[{"embeddable":true,"href":"https:\/\/blogs.univ-tlse2.fr\/bimo2017\/en\/wp-json\/wp\/v2\/comments?post=284"}],"version-history":[{"count":35,"href":"https:\/\/blogs.univ-tlse2.fr\/bimo2017\/en\/wp-json\/wp\/v2\/pages\/284\/revisions"}],"predecessor-version":[{"id":343,"href":"https:\/\/blogs.univ-tlse2.fr\/bimo2017\/en\/wp-json\/wp\/v2\/pages\/284\/revisions\/343"}],"up":[{"embeddable":true,"href":"https:\/\/blogs.univ-tlse2.fr\/bimo2017\/en\/wp-json\/wp\/v2\/pages\/45"}],"wp:attachment":[{"href":"https:\/\/blogs.univ-tlse2.fr\/bimo2017\/en\/wp-json\/wp\/v2\/media?parent=284"}],"curies":[{"name":"wp","href":"https:\/\/api.w.org\/{rel}","templated":true}]}}