 {"id":45,"date":"2016-09-26T15:28:42","date_gmt":"2016-09-26T13:28:42","guid":{"rendered":"https:\/\/blogs.univ-tlse2.fr\/bimo2017\/?page_id=45"},"modified":"2017-02-06T12:03:18","modified_gmt":"2017-02-06T11:03:18","slug":"programme","status":"publish","type":"page","link":"https:\/\/blogs.univ-tlse2.fr\/bimo2017\/en\/programme\/","title":{"rendered":"Programme"},"content":{"rendered":"<p>We are very happy to announce that the workshop will be followed by a <strong>Roundtable<\/strong> featuring Annick de Houwer (Universit\u00e4t Erfurt), Ayse G\u00fcrel (Bogazi\u00e7i University), Arturo Hernandez (University of Houston), Barbara K\u00f6pke (Universit\u00e9 de Toulouse 2) Tanja Kupisch (Universit\u00e4t Konstanz), J\u00fcrgen Meisel (Universit\u00e4t Hamburg\/Calgary University), Monika Schmid (Essex University), Mike Sharwood Smith (University of Edinburgh).<\/p>\n<p>&nbsp;<\/p>\n<p><span style=\"color: #800000\"><strong>The scientific program will be announced in March 2017.<\/strong> <\/span><\/p>\n<p>&nbsp;<\/p>\n<p><strong>Some practical information about the program:<\/strong><\/p>\n<p>The workshop will be held on June 19th and 20th (9 am to 6 pm).<\/p>\n<p>There will be a reception after the sessions on June 19th and the conference dinner (during river cruise) will take place in the evening of June 20th.<\/p>\n<p>There will be one single session for oral presentations, but enough time, space and attention will be provided for posters.<\/p>\n<p>&nbsp;<\/p>\n<p>&nbsp;<\/p>\n<p>&nbsp;<\/p>\n<p>&nbsp;<\/p>\n<p style=\"text-align: center\"><em><strong>\u00a0<\/strong><\/em><\/p>\n<p><\/p>","protected":false},"excerpt":{"rendered":"<p>We are very happy to announce that the workshop will be followed by a Roundtable featuring Annick de Houwer (Universit\u00e4t Erfurt), Ayse G\u00fcrel (Bogazi\u00e7i University), Arturo Hernandez (University of Houston), Barbara K\u00f6pke (Universit\u00e9 de Toulouse 2) Tanja Kupisch (Universit\u00e4t Konstanz), J\u00fcrgen Meisel (Universit\u00e4t Hamburg\/Calgary University), Monika Schmid (Essex University), Mike Sharwood Smith (University of Edinburgh). [&hellip;]<\/p>\n","protected":false},"author":311,"featured_media":0,"parent":0,"menu_order":0,"comment_status":"closed","ping_status":"closed","template":"","meta":{"footnotes":""},"class_list":["post-45","page","type-page","status-publish","hentry","post-preview"],"_links":{"self":[{"href":"https:\/\/blogs.univ-tlse2.fr\/bimo2017\/en\/wp-json\/wp\/v2\/pages\/45","targetHints":{"allow":["GET"]}}],"collection":[{"href":"https:\/\/blogs.univ-tlse2.fr\/bimo2017\/en\/wp-json\/wp\/v2\/pages"}],"about":[{"href":"https:\/\/blogs.univ-tlse2.fr\/bimo2017\/en\/wp-json\/wp\/v2\/types\/page"}],"author":[{"embeddable":true,"href":"https:\/\/blogs.univ-tlse2.fr\/bimo2017\/en\/wp-json\/wp\/v2\/users\/311"}],"replies":[{"embeddable":true,"href":"https:\/\/blogs.univ-tlse2.fr\/bimo2017\/en\/wp-json\/wp\/v2\/comments?post=45"}],"version-history":[{"count":14,"href":"https:\/\/blogs.univ-tlse2.fr\/bimo2017\/en\/wp-json\/wp\/v2\/pages\/45\/revisions"}],"predecessor-version":[{"id":214,"href":"https:\/\/blogs.univ-tlse2.fr\/bimo2017\/en\/wp-json\/wp\/v2\/pages\/45\/revisions\/214"}],"wp:attachment":[{"href":"https:\/\/blogs.univ-tlse2.fr\/bimo2017\/en\/wp-json\/wp\/v2\/media?parent=45"}],"curies":[{"name":"wp","href":"https:\/\/api.w.org\/{rel}","templated":true}]}}