 {"id":55,"date":"2016-09-26T15:31:24","date_gmt":"2016-09-26T13:31:24","guid":{"rendered":"https:\/\/blogs.univ-tlse2.fr\/bimo2017\/?page_id=55"},"modified":"2017-02-03T14:21:37","modified_gmt":"2017-02-03T13:21:37","slug":"venue","status":"publish","type":"page","link":"https:\/\/blogs.univ-tlse2.fr\/bimo2017\/en\/venue\/","title":{"rendered":"Venue"},"content":{"rendered":"<p>The workshop \u00a0will be held at the University of Toulouse II \u00a0&#8211; Jean Jaur\u00e8s, Campus Le Mirail, Maison de la Recherche, Amphi F417 (4th floor).<\/p>\n<p><strong>Address:<\/strong><br \/>\nMaison de la Recherche \u2013 F417<br \/>\nUniversit\u00e9 de Toulouse II &#8211; Jean Jaur\u00e8s<br \/>\n5, all\u00e9es Antonio Machado<br \/>\n31058 \u2013 Toulouse Cedex 9<\/p>\n<p>The University of Toulouse II-JeanJaur\u00e8s is about 15 minutes from the city center by metro (line A , destination Basso Cambo). If you use the metro line B, you should change at the Jean Jaur\u00e8s metro station and then take the line A to get to the Mirail Campus. You have to get off at the station &#8220;Mirail Universit\u00e9&#8221; and you will reach the &#8220;Maison de la recherche&#8221; after a short 3-5 minutes walk.<\/p>\n<ul>\n<li>Map of the campus <a href=\"https:\/\/blogs.univ-tlse2.fr\/bimo2017\/files\/2016\/09\/plan-campus-septembre-2016.pdf\">pdf<\/a><\/li>\n<li>Access (by air, train, car, metro, bus) (in <a href=\"http:\/\/www.univ-tlse2.fr\/accueil\/infos\/pratique\/adresses-et-acces\/moyens-d-acces-au-campus-du-mirail-256988.kjsp?RH=adrloc\">French<\/a>)<\/li>\n<\/ul>\n<p><strong>Public transport:<\/strong><\/p>\n<ul>\n<li>Tiss\u00e9o bus \/ metro \/ tramway information :\u00a0<a href=\"http:\/\/www.tisseo.fr\/en\/home\">http:\/\/www.tisseo.fr\/en\/home<\/a><\/li>\n<li>Tiss\u00e9o metro \/ bus network and schedules :\u00a0<a href=\"http:\/\/www.tisseo.fr\/en\/network-maps\">http:\/\/www.tisseo.fr\/en\/network-maps<\/a><\/li>\n<li>Tiss\u00e9o ticket prices :\u00a0<a href=\"http:\/\/www.tisseo.fr\/en\/tickets-price\">http:\/\/www.tisseo.fr\/en\/tickets-price<\/a><\/li>\n<\/ul>\n<p><img decoding=\"async\" src=\"http:\/\/toulouse.festivaldujeu.fr\/images\/infospratiques\/plan_arrets_metro.jpg\" \/><\/p>\n<p style=\"text-align: center\">\n<p><\/p>","protected":false},"excerpt":{"rendered":"<p>The workshop \u00a0will be held at the University of Toulouse II \u00a0&#8211; Jean Jaur\u00e8s, Campus Le Mirail, Maison de la Recherche, Amphi F417 (4th floor). Address: Maison de la Recherche \u2013 F417 Universit\u00e9 de Toulouse II &#8211; Jean Jaur\u00e8s 5, all\u00e9es Antonio Machado 31058 \u2013 Toulouse Cedex 9 The University of Toulouse II-JeanJaur\u00e8s is about [&hellip;]<\/p>\n","protected":false},"author":311,"featured_media":0,"parent":0,"menu_order":0,"comment_status":"closed","ping_status":"closed","template":"","meta":{"footnotes":""},"class_list":["post-55","page","type-page","status-publish","hentry","post-preview"],"_links":{"self":[{"href":"https:\/\/blogs.univ-tlse2.fr\/bimo2017\/en\/wp-json\/wp\/v2\/pages\/55","targetHints":{"allow":["GET"]}}],"collection":[{"href":"https:\/\/blogs.univ-tlse2.fr\/bimo2017\/en\/wp-json\/wp\/v2\/pages"}],"about":[{"href":"https:\/\/blogs.univ-tlse2.fr\/bimo2017\/en\/wp-json\/wp\/v2\/types\/page"}],"author":[{"embeddable":true,"href":"https:\/\/blogs.univ-tlse2.fr\/bimo2017\/en\/wp-json\/wp\/v2\/users\/311"}],"replies":[{"embeddable":true,"href":"https:\/\/blogs.univ-tlse2.fr\/bimo2017\/en\/wp-json\/wp\/v2\/comments?post=55"}],"version-history":[{"count":15,"href":"https:\/\/blogs.univ-tlse2.fr\/bimo2017\/en\/wp-json\/wp\/v2\/pages\/55\/revisions"}],"predecessor-version":[{"id":183,"href":"https:\/\/blogs.univ-tlse2.fr\/bimo2017\/en\/wp-json\/wp\/v2\/pages\/55\/revisions\/183"}],"wp:attachment":[{"href":"https:\/\/blogs.univ-tlse2.fr\/bimo2017\/en\/wp-json\/wp\/v2\/media?parent=55"}],"curies":[{"name":"wp","href":"https:\/\/api.w.org\/{rel}","templated":true}]}}