 {"id":239,"date":"2017-02-09T10:27:27","date_gmt":"2017-02-09T09:27:27","guid":{"rendered":"https:\/\/blogs.univ-tlse2.fr\/bimo2017\/?page_id=239"},"modified":"2017-02-09T10:30:55","modified_gmt":"2017-02-09T09:30:55","slug":"english-quelques-hotels-au-centre-ville-de-toulouse","status":"publish","type":"page","link":"https:\/\/blogs.univ-tlse2.fr\/bimo2017\/english-quelques-hotels-au-centre-ville-de-toulouse\/","title":{"rendered":"Quelques h\u00f4tels au centre-ville de Toulouse"},"content":{"rendered":"<p><strong>HOTEL CAPITOLE **<\/strong><\/p>\n<p><strong>Adresse<\/strong>\u00a0: 10, rue Rivals \u00a0&#8211; tel. 05 61 23 21 28 &#8211; fax. 05 61 23 67 48<\/p>\n<p><strong>Acc\u00e8s<\/strong> : m\u00e9tro ligne A arr\u00eat \u201cCapitole\u201d<\/p>\n<p><strong>Mail :<\/strong> <a href=\"&#x6d;a&#x69;&#108;t&#x6f;&#58;h&#x6f;t&#x65;&#x6c;c&#x61;&#112;i&#x74;o&#x6c;&#x65;&#64;&#x77;&#97;n&#x61;do&#x6f;&#46;&#x66;&#114;\">&#x68;o&#x74;e&#x6c;&#99;a&#x70;i&#x74;o&#x6c;&#101;&#64;&#x77;a&#x6e;&#97;d&#x6f;o&#x2e;f&#x72;<\/a><\/p>\n<p><strong>Site web :<\/strong> <a href=\"http:\/\/www.capitole-hotel.com\/\">www.capitole-hotel.com<\/a><\/p>\n<p>&nbsp;<\/p>\n<p><strong>HOTEL PRESIDENT **<\/strong><\/p>\n<p><strong><em>\u00a0<\/em><\/strong><strong>Adresse<\/strong>\u00a0: 43\/45 rue Raymond IV &#8211; tel. 05 61 63 46 46<\/p>\n<p><strong>Acc\u00e8s<\/strong> : m\u00e9tro ligne A (arr\u00eat \u201cMarengo SNCF\u201d) et B (arr\u00eat \u201cJeanne d\u2019Arc\u201d)<\/p>\n<p><strong>Mail :<\/strong> <a href=\"&#x6d;&#x61;il&#x74;&#x6f;&#58;co&#x6e;&#x74;ac&#x74;&#x40;&#104;ot&#x65;&#x6c;-p&#x72;&#x65;&#115;id&#x65;&#x6e;&#116;&#46;&#x63;&#x6f;&#109;\">c&#111;&#x6e;ta&#x63;&#x74;&#64;&#104;&#x6f;&#x74;e&#108;&#x2d;pr&#x65;&#x73;i&#100;&#x65;&#x6e;t&#46;&#x63;om<\/a><\/p>\n<p>&nbsp;<\/p>\n<p><strong>HOTEL CASTELLANE**<\/strong><\/p>\n<p><strong>Adresse\u00a0: <\/strong>17, rue Castellane &#8211; t\u00e9l. 05 61 62 18 82 &#8211; fax. 05 61 62 58 04<\/p>\n<p><strong>Acc\u00e8s\u00a0: <\/strong>m\u00e9tro ligne A arr\u00eat \u00ab\u00a0Jean Jaur\u00e8s\u00a0\u00bb<\/p>\n<p><strong>Mail\u00a0<\/strong>: <a href=\"&#109;a&#x69;l&#x74;o&#x3a;&#99;&#x61;&#115;t&#x65;l&#x6c;a&#x6e;e&#x68;&#111;&#x74;&#101;l&#x40;w&#x61;n&#x61;&#100;&#x6f;&#111;&#46;&#x66;r\">&#x63;&#x61;&#x73;&#116;&#101;lla&#x6e;&#x65;&#x68;&#x6f;&#116;el&#64;&#x77;&#x61;&#x6e;&#x61;&#100;oo&#46;&#x66;&#x72;<\/a><\/p>\n<p><strong>Site web<\/strong>\u00a0: <a href=\"http:\/\/www.castellanehotel.com\/site.php?langue=fr\">http:\/\/www.castellanehotel.com\/site.php?langue=fr<\/a><\/p>\n<p>&nbsp;<\/p>\n<p><strong>HOTEL OCCITANIA Centre Toulouse-Matabiau *** <\/strong>(ex-Phoenicia)<\/p>\n<p><strong>Adresse\u00a0:<\/strong> 7, boulevard Bonrepos (face \u00e0 la gare) &#8211; t\u00e9l. 05 61 63 81 63 &#8211; fax. 05 61 63 02 06<\/p>\n<p><strong>Acc\u00e8s\u00a0:<\/strong> m\u00e9tro Ligne A arr\u00eat \u00ab\u00a0Marengo \u2013 SNCF\u00a0\u00bb<\/p>\n<p><strong>Mail\u00a0:<\/strong> <a href=\"&#x6d;ai&#x6c;to&#x3a;al&#x69;en&#x6f;r&#46;&#x65;st&#x72;&#105;e&#x72;&#64;h&#x6f;&#116;e&#x6c;&#45;g&#x61;&#114;o&#x6e;&#110;e&#x2e;&#99;o&#x6d;\">alieno&#114;&#46;&#101;&#x73;&#x74;&#x72;&#x69;&#x65;&#x72;&#x40;hotel-g&#97;&#114;&#x6f;&#x6e;&#x6e;&#x65;&#x2e;&#x63;&#x6f;&#x6d;<\/a> (Responsable commerciale)<\/p>\n<p><strong>Site web\u00a0:<\/strong> <a href=\"http:\/\/www.hotel-phoenicia-toulouse.com\/\">http:\/\/www.hotel-phoenicia-toulouse.com\/<\/a><\/p>\n<p><strong>\u00a0<\/strong><\/p>\n<p><strong>HOTEL AU PERE LEON ***<\/strong><\/p>\n<p><strong>Adresse<\/strong>\u00a0: 2 place Esquirol &#8211; t\u00e9l. 05 61 21 70 39<\/p>\n<p><strong>Acc\u00e8s<\/strong> : m\u00e9tro ligne A arr\u00eat \u201cEsquirol\u201d<\/p>\n<p><strong>Mail :<\/strong> <a href=\"ma&#105;&#x6c;&#x74;&#x6f;:c&#111;&#x6e;&#x74;&#x61;ct&#64;&#x70;&#x65;&#x72;e-l&#101;&#x6f;&#x6e;&#x2e;co&#109;\">c&#x6f;&#x6e;t&#x61;&#x63;t&#x40;&#x70;e&#114;&#x65;-&#108;&#x65;o&#110;&#x2e;c&#111;&#x6d;<\/a><\/p>\n<p><strong>Site web :<\/strong> <a href=\"http:\/\/www.pere-leon.com\/\">http:\/\/www.pere-leon.com<\/a><\/p>\n<p>&nbsp;<\/p>\n<p><strong>HOTEL ROYAL WILSON **<\/strong><\/p>\n<p><strong>Adresse<\/strong>\u00a0: 6 rue Labeda &#8211; t\u00e9l. 05 61 12 41 41 &#8211; fax 05 61 12 41 53<\/p>\n<p><strong>Acc\u00e8s<\/strong> : m\u00e9tro ligne A arr\u00eat \u201cCapitole\u201d ou \u201cJean Jaur\u00e8s\u201d<\/p>\n<p><strong>Mail :<\/strong> <a href=\"&#109;a&#x69;l&#x74;o&#x3a;r&#x6f;y&#x61;l&#x77;&#105;&#x6c;&#115;o&#110;h&#x6f;t&#x65;l&#x2e;t&#x6f;u&#x6c;o&#x75;&#115;&#x65;&#64;w&#97;n&#x61;d&#x6f;o&#x2e;f&#x72;\">&#x72;&#x6f;&#x79;&#x61;&#x6c;&#119;&#105;lsonh&#x6f;&#x74;&#x65;&#x6c;&#x2e;&#x74;&#111;&#117;lous&#x65;&#x40;&#x77;&#x61;&#x6e;&#x61;&#100;&#111;o&#46;fr<\/a> ou <a href=\"&#x6d;a&#x69;l&#x74;&#111;&#x3a;&#x63;o&#x6e;t&#x61;&#99;&#x74;&#64;h&#x6f;t&#x65;&#108;&#x72;&#111;y&#x61;l&#x77;i&#x6c;&#115;o&#x6e;-&#x74;o&#x75;&#108;o&#x75;s&#x65;&#46;&#x63;&#111;m\">con&#116;&#97;&#x63;&#x74;&#x40;&#x68;ote&#108;&#114;&#x6f;&#x79;&#x61;&#x6c;wil&#115;&#111;&#x6e;&#x2d;&#x74;&#x6f;ulo&#117;&#115;&#x65;&#x2e;&#x63;&#x6f;m<\/a><\/p>\n<p><strong>\u00a0<\/strong><\/p>\n<p><strong>HOTEL OURS BLANC WILSON **** \u00a0 \u00a0 \u00a0 \u00a0 \u00a0 \u00a0 \u00a0 \u00a0 \u00a0 \u00a0 \u00a0 \u00a0 \u00a0 \u00a0 \u00a0 \u00a0 \u00a0 \u00a0 \u00a0 \u00a0 \u00a0 \u00a0 \u00a0 \u00a0 \u00a0 \u00a0 \u00a0 \u00a0 \u00a0 \u00a0 \u00a0 \u00a0 \u00a0 \u00a0 \u00a0 \u00a0 \u00a0 \u00a0 \u00a0 \u00a0 \u00a0 \u00a0 \u00a0 \u00a0 \u00a0 \u00a0 \u00a0 \u00a0 \u00a0 \u00a0 \u00a0 \u00a0 \u00a0 \u00a0 \u00a0 \u00a0 \u00a0 \u00a0 \u00a0 \u00a0 \u00a0 \u00a0 \u00a0 \u00a0 \u00a0 \u00a0 \u00a0 \u00a0 \u00a0 \u00a0 \u00a0 \u00a0 \u00a0 \u00a0 \u00a0 \u00a0 \u00a0 \u00a0 \u00a0 \u00a0 \u00a0 \u00a0 \u00a0 \u00a0 \u00a0 \u00a0 \u00a0 \u00a0 \u00a0 \u00a0 \u00a0 \u00a0 \u00a0 \u00a0 \u00a0 \u00a0 \u00a0 \u00a0 \u00a0 \u00a0 \u00a0 \u00a0 \u00a0 \u00a0 \u00a0 \u00a0 \u00a0 \u00a0 \u00a0 \u00a0 \u00a0 \u00a0 \u00a0 \u00a0 \u00a0 \u00a0 \u00a0 \u00a0 \u00a0 \u00a0 \u00a0 \u00a0 \u00a0 \u00a0 \u00a0 \u00a0 \u00a0 \u00a0 \u00a0 \u00a0 \u00a0 \u00a0 \u00a0 \u00a0 \u00a0 \u00a0 \u00a0 \u00a0 \u00a0 \u00a0 \u00a0 \u00a0 \u00a0 \u00a0 \u00a0 \u00a0 \u00a0\u00a0<\/strong><\/p>\n<p><strong>Adresse\u00a0:<\/strong> 2 rue Victor Hubo\u00a0 &#8211; t\u00e9l. 05 61 21 62 40 &#8211; fax. 05 61 23 62 34<\/p>\n<p><strong>Acc\u00e8s\u00a0:<\/strong> m\u00e9tro Ligne A arr\u00eat \u00ab\u00a0Capitole\u00a0\u00bb<\/p>\n<p><strong>Mail\u00a0:<\/strong> <a href=\"mai&#108;&#116;&#x6f;&#x3a;&#x77;&#x69;&#x6c;son&#64;&#104;&#x6f;&#x74;&#x65;&#x6c;&#x2d;our&#115;&#98;&#x6c;&#x61;&#x6e;&#x63;&#x2e;com\">&#x77;il&#x73;on&#x40;ho&#x74;el&#x2d;ou&#x72;sb&#x6c;&#97;n&#x63;&#46;c&#x6f;&#109;<\/a><\/p>\n<p>&nbsp;<\/p>\n<p><strong>HOTEL DU TAUR **\u00a0<\/strong><\/p>\n<p><strong><em>\u00a0<\/em><\/strong><strong>Adresse\u00a0:<\/strong>\u00a0 2, rue du Taur &#8211; tel. 05 61 21 17 54 &#8211; fax. 05 61 13 78 41<\/p>\n<p><strong>Acc\u00e8s :<\/strong> m\u00e9tro ligne A arr\u00eat \u201cCapitole\u201d<\/p>\n<p><strong>Mail : <\/strong><a href=\"&#109;&#x61;i&#x6c;t&#x6f;:&#99;&#x6f;n&#x74;a&#x63;t&#64;&#x68;o&#x74;e&#x6c;-&#100;&#x75;t&#x61;u&#x72;&#46;&#99;&#x6f;m\">&#x68;&#111;t&#x65;&#x6c;du&#x74;&#x61;ur&#x40;&#119;a&#x6e;&#x61;&#100;o&#x6f;&#x2e;fr<\/a><\/p>\n<p><strong>Site web :<\/strong> <a href=\"http:\/\/www.hotel-du-taur.com\/index.htm\">http:\/\/www.hotel-du-taur.com\/index.htm<\/a><\/p>\n<p>&nbsp;<\/p>\n<p><strong>HOTEL IBIS STYLES *** <\/strong><em>(ex-TERMINUS)<\/em><\/p>\n<p><strong>Adresse\u00a0: <\/strong>13, boulevard Bonrepos (face \u00e0 la gare) &#8211; t\u00e9l. 05 61 62 44 78 &#8211; fax. 05 61 63 18 06<\/p>\n<p><strong>Acc\u00e8s\u00a0<\/strong>: m\u00e9tro Ligne A arr\u00eat \u00ab\u00a0Marengo \u2013 SNCF\u00a0\u00bb<\/p>\n<p><strong>Mail\u00a0: <\/strong><a href=\"mailto:contac&#116;&#64;&#104;&#111;&#116;&#x65;&#x6c;&#x2d;&#x74;&#x6f;&#x75;&#x6c;&#x6f;&#x75;&#x73;&#x65;&#x2d;&#x66;&#x72;&#x61;nce&#46;com\">co&#110;&#x74;&#x61;&#x63;t&#64;h&#111;&#x74;&#x65;&#x6c;-t&#111;&#117;&#x6c;&#x6f;&#x75;se&#45;&#x66;&#x72;&#x61;nce&#46;&#x63;&#x6f;&#x6d;<\/a><\/p>\n<p><strong>Site web\u00a0: <\/strong><a href=\"http:\/\/www.accorhotels.com\/fr\/hotel-8481-ibis-styles-toulouse-gare-centre-matabiau\/index.shtml\">http:\/\/www.accorhotels.com\/fr\/hotel-8481-ibis-styles-toulouse-gare-centre-matabiau\/index.shtml<\/a><\/p>\n<p>&nbsp;<\/p>\n<p><strong>HOTEL BEST WESTERN ATHENEE ***\u00a0<\/strong><\/p>\n<p><strong>Adresse\u00a0:<\/strong> 1 bis rue Matabiau\u00a0 &#8211; t\u00e9l. 05 61 63 10 63 &#8211; fax. 05 61 63 87 80<\/p>\n<p><strong>Acc\u00e8s\u00a0:<\/strong> m\u00e9tro Ligne B arr\u00eat \u00ab\u00a0Jeanne d\u2019Arc\u00a0\u00bb<\/p>\n<p><strong>Mail\u00a0:<\/strong> <a href=\"&#109;&#x61;i&#x6c;t&#x6f;:&#x63;o&#110;&#x74;&#97;&#x63;t&#x40;h&#x6f;t&#101;&#x6c;&#45;&#x74;o&#x75;l&#x6f;u&#x73;e&#45;&#x61;&#116;&#x68;e&#x6e;e&#x65;&#46;&#99;&#x6f;&#109;\">&#x63;&#111;nt&#x61;&#x63;t&#64;&#x68;&#x6f;&#116;el&#x2d;&#116;ou&#x6c;&#x6f;&#117;s&#x65;&#x2d;&#97;th&#x65;&#x6e;ee&#x2e;&#x63;&#111;m<\/a><\/p>\n<p><strong>Site web\u00a0: <\/strong><a href=\"http:\/\/www.hotel-toulouse-athenee.com\/\">http:\/\/www.hotel-toulouse-athenee.com\/<\/a><\/p>\n<p><strong>\u00a0<\/strong><\/p>","protected":false},"excerpt":{"rendered":"<p>HOTEL CAPITOLE ** Adresse\u00a0: 10, rue Rivals \u00a0&#8211; tel. 05 61 23 21 28 &#8211; fax. 05 61 23 67 48 Acc\u00e8s : m\u00e9tro ligne A arr\u00eat \u201cCapitole\u201d Mail : &#x68;&#111;t&#x65;&#x6c;ca&#x70;&#x69;to&#x6c;&#101;&#64;&#x77;&#x61;&#110;a&#x64;&#x6f;o&#46;&#x66;&#114; Site web : www.capitole-hotel.com &nbsp; HOTEL PRESIDENT ** \u00a0Adresse\u00a0: 43\/45 rue Raymond IV &#8211; tel. 05 61 63 46 46 Acc\u00e8s : m\u00e9tro ligne [&hellip;]<\/p>\n","protected":false},"author":311,"featured_media":0,"parent":0,"menu_order":0,"comment_status":"closed","ping_status":"closed","template":"","meta":{"footnotes":""},"class_list":["post-239","page","type-page","status-publish","hentry","post-preview"],"_links":{"self":[{"href":"https:\/\/blogs.univ-tlse2.fr\/bimo2017\/wp-json\/wp\/v2\/pages\/239","targetHints":{"allow":["GET"]}}],"collection":[{"href":"https:\/\/blogs.univ-tlse2.fr\/bimo2017\/wp-json\/wp\/v2\/pages"}],"about":[{"href":"https:\/\/blogs.univ-tlse2.fr\/bimo2017\/wp-json\/wp\/v2\/types\/page"}],"author":[{"embeddable":true,"href":"https:\/\/blogs.univ-tlse2.fr\/bimo2017\/wp-json\/wp\/v2\/users\/311"}],"replies":[{"embeddable":true,"href":"https:\/\/blogs.univ-tlse2.fr\/bimo2017\/wp-json\/wp\/v2\/comments?post=239"}],"version-history":[{"count":3,"href":"https:\/\/blogs.univ-tlse2.fr\/bimo2017\/wp-json\/wp\/v2\/pages\/239\/revisions"}],"predecessor-version":[{"id":242,"href":"https:\/\/blogs.univ-tlse2.fr\/bimo2017\/wp-json\/wp\/v2\/pages\/239\/revisions\/242"}],"wp:attachment":[{"href":"https:\/\/blogs.univ-tlse2.fr\/bimo2017\/wp-json\/wp\/v2\/media?parent=239"}],"curies":[{"name":"wp","href":"https:\/\/api.w.org\/{rel}","templated":true}]}}