 {"id":45,"date":"2016-09-26T15:28:42","date_gmt":"2016-09-26T13:28:42","guid":{"rendered":"https:\/\/blogs.univ-tlse2.fr\/bimo2017\/?page_id=45"},"modified":"2017-02-06T12:03:18","modified_gmt":"2017-02-06T11:03:18","slug":"programme","status":"publish","type":"page","link":"https:\/\/blogs.univ-tlse2.fr\/bimo2017\/programme\/","title":{"rendered":"Programme"},"content":{"rendered":"<p>Nous avons le plaisir de vous annoncer que le colloque sera suivi d&rsquo;une <strong>table ronde<\/strong> avec \u00a0: \u00a0Annick de Houwer (Universit\u00e4t Erfurt), Ayse G\u00fcrel (Bogazi\u00e7i University), Arturo Hernandez (University of Houston), Barbara K\u00f6pke (Universit\u00e9 de Toulouse 2) Tanja Kupisch (Universit\u00e4t Konstanz), J\u00fcrgen Meisel (Universit\u00e4t Hamburg\/Calgary University), Monika Schmid (Essex University), Mike Sharwood Smith (University of Edinburgh).<\/p>\n<p>&nbsp;<\/p>\n<p><strong><span style=\"color: #800000\">Le programme scientifique du colloque sera annonc\u00e9 en mars 2017.<\/span><\/strong><\/p>\n<p>&nbsp;<\/p>\n<p>Quelques informations pratiques sur le programme :<\/p>\n<p>Le colloque aura lieu le 19 et le 20 juin 2017 (de 9 h \u00e0 18 h).<\/p>\n<p>Les s\u00e9ances du 19 juin seront suivies d&rsquo;une r\u00e9ception et le d\u00eener de cl\u00f4ture aura lieu dans la soir\u00e9e du 20 juin.<\/p>\n<p>Nous avons pr\u00e9vu une seule session pour les pr\u00e9sentations orales et assez de temps, d&rsquo;espace et d&rsquo;attention pour les posters.<\/p>\n<p>&nbsp;<\/p>\n<p>&nbsp;<\/p>\n<p>&nbsp;<\/p>\n<p style=\"text-align: center\">\n<p><\/p>","protected":false},"excerpt":{"rendered":"<p>Nous avons le plaisir de vous annoncer que le colloque sera suivi d&rsquo;une table ronde avec \u00a0: \u00a0Annick de Houwer (Universit\u00e4t Erfurt), Ayse G\u00fcrel (Bogazi\u00e7i University), Arturo Hernandez (University of Houston), Barbara K\u00f6pke (Universit\u00e9 de Toulouse 2) Tanja Kupisch (Universit\u00e4t Konstanz), J\u00fcrgen Meisel (Universit\u00e4t Hamburg\/Calgary University), Monika Schmid (Essex University), Mike Sharwood Smith (University of [&hellip;]<\/p>\n","protected":false},"author":311,"featured_media":0,"parent":0,"menu_order":0,"comment_status":"closed","ping_status":"closed","template":"","meta":{"footnotes":""},"class_list":["post-45","page","type-page","status-publish","hentry","post-preview"],"_links":{"self":[{"href":"https:\/\/blogs.univ-tlse2.fr\/bimo2017\/wp-json\/wp\/v2\/pages\/45","targetHints":{"allow":["GET"]}}],"collection":[{"href":"https:\/\/blogs.univ-tlse2.fr\/bimo2017\/wp-json\/wp\/v2\/pages"}],"about":[{"href":"https:\/\/blogs.univ-tlse2.fr\/bimo2017\/wp-json\/wp\/v2\/types\/page"}],"author":[{"embeddable":true,"href":"https:\/\/blogs.univ-tlse2.fr\/bimo2017\/wp-json\/wp\/v2\/users\/311"}],"replies":[{"embeddable":true,"href":"https:\/\/blogs.univ-tlse2.fr\/bimo2017\/wp-json\/wp\/v2\/comments?post=45"}],"version-history":[{"count":14,"href":"https:\/\/blogs.univ-tlse2.fr\/bimo2017\/wp-json\/wp\/v2\/pages\/45\/revisions"}],"predecessor-version":[{"id":214,"href":"https:\/\/blogs.univ-tlse2.fr\/bimo2017\/wp-json\/wp\/v2\/pages\/45\/revisions\/214"}],"wp:attachment":[{"href":"https:\/\/blogs.univ-tlse2.fr\/bimo2017\/wp-json\/wp\/v2\/media?parent=45"}],"curies":[{"name":"wp","href":"https:\/\/api.w.org\/{rel}","templated":true}]}}