 {"id":49,"date":"2016-09-26T15:30:01","date_gmt":"2016-09-26T13:30:01","guid":{"rendered":"https:\/\/blogs.univ-tlse2.fr\/bimo2017\/?page_id=49"},"modified":"2017-06-01T08:00:44","modified_gmt":"2017-06-01T06:00:44","slug":"abstract-submission","status":"publish","type":"page","link":"https:\/\/blogs.univ-tlse2.fr\/bimo2017\/abstract-submission\/","title":{"rendered":"Soumission"},"content":{"rendered":"<p><\/p>\n<p style=\"text-align: left\">Nous avons re\u00e7u plus de 70 r\u00e9sum\u00e9s. La soumission (sur\u00a0<a href=\"https:\/\/easychair.org\/conferences\/?conf=bimo2017\">easychair) <\/a>est maintenant close.<\/p>\n<p>Nous remercions tous les membres du comit\u00e9 scientifique (voir <a href=\"https:\/\/blogs.univ-tlse2.fr\/bimo2017\/comites\/\">https:\/\/blogs.univ-tlse2.fr\/bimo2017\/comites\/<\/a>\u00a0) qui nous ont aid\u00e9s \u00e0 \u00e9valuer les r\u00e9sum\u00e9s. Veuillez noter que les pr\u00e9sentations orales se feront au cours d&rsquo;une seule session. Assez d&rsquo;espace, de temps et d&rsquo;attention seront consacr\u00e9s aux posters.<\/p>\n<p>Les auteurs des r\u00e9sum\u00e9s accept\u00e9s pour une pr\u00e9sentation orale ou pour un poster doivent soumettre une version corrig\u00e9e de leur r\u00e9sum\u00e9 (en tenant compte des commentaires des \u00e9valuateurs) sur easychair <strong>avant le 31 mars 2017<\/strong> pour l&rsquo;\u00e9dition des r\u00e9sum\u00e9s des communications.<\/p>\n<p>&nbsp;<\/p>\n<p>Pour la pr\u00e9sentation des posters, nous fournissons des grilles permettant d&rsquo;accrocher des poster soit en format A0 portrait, soit en A1 paysage.<\/p>","protected":false},"excerpt":{"rendered":"<p>Nous avons re\u00e7u plus de 70 r\u00e9sum\u00e9s. La soumission (sur\u00a0easychair) est maintenant close. Nous remercions tous les membres du comit\u00e9 scientifique (voir https:\/\/blogs.univ-tlse2.fr\/bimo2017\/comites\/\u00a0) qui nous ont aid\u00e9s \u00e0 \u00e9valuer les r\u00e9sum\u00e9s. Veuillez noter que les pr\u00e9sentations orales se feront au cours d&rsquo;une seule session. Assez d&rsquo;espace, de temps et d&rsquo;attention seront consacr\u00e9s aux posters. Les [&hellip;]<\/p>\n","protected":false},"author":311,"featured_media":0,"parent":0,"menu_order":0,"comment_status":"closed","ping_status":"closed","template":"","meta":{"footnotes":""},"class_list":["post-49","page","type-page","status-publish","hentry","post-preview"],"_links":{"self":[{"href":"https:\/\/blogs.univ-tlse2.fr\/bimo2017\/wp-json\/wp\/v2\/pages\/49","targetHints":{"allow":["GET"]}}],"collection":[{"href":"https:\/\/blogs.univ-tlse2.fr\/bimo2017\/wp-json\/wp\/v2\/pages"}],"about":[{"href":"https:\/\/blogs.univ-tlse2.fr\/bimo2017\/wp-json\/wp\/v2\/types\/page"}],"author":[{"embeddable":true,"href":"https:\/\/blogs.univ-tlse2.fr\/bimo2017\/wp-json\/wp\/v2\/users\/311"}],"replies":[{"embeddable":true,"href":"https:\/\/blogs.univ-tlse2.fr\/bimo2017\/wp-json\/wp\/v2\/comments?post=49"}],"version-history":[{"count":22,"href":"https:\/\/blogs.univ-tlse2.fr\/bimo2017\/wp-json\/wp\/v2\/pages\/49\/revisions"}],"predecessor-version":[{"id":348,"href":"https:\/\/blogs.univ-tlse2.fr\/bimo2017\/wp-json\/wp\/v2\/pages\/49\/revisions\/348"}],"wp:attachment":[{"href":"https:\/\/blogs.univ-tlse2.fr\/bimo2017\/wp-json\/wp\/v2\/media?parent=49"}],"curies":[{"name":"wp","href":"https:\/\/api.w.org\/{rel}","templated":true}]}}