 {"id":51,"date":"2016-09-26T15:30:34","date_gmt":"2016-09-26T13:30:34","guid":{"rendered":"https:\/\/blogs.univ-tlse2.fr\/bimo2017\/?page_id=51"},"modified":"2017-06-01T08:08:09","modified_gmt":"2017-06-01T06:08:09","slug":"registration","status":"publish","type":"page","link":"https:\/\/blogs.univ-tlse2.fr\/bimo2017\/registration\/","title":{"rendered":"Inscription"},"content":{"rendered":"<p>Les frais d&rsquo;inscription incluent le volume des abstracts, les pauses caf\u00e9s, les d\u00e9jeuners pour les deux jours du workshop ainsi qu&rsquo;une r\u00e9ception le lundi 19 juin. Le d\u00eener de gala (lors d&rsquo;une croisi\u00e8re en p\u00e9niche, le mardi 20 juin) doit \u00eatre r\u00e9serv\u00e9 et r\u00e9gl\u00e9 en plus.<\/p>\n<p>&nbsp;<\/p>\n<h3><strong>Frais d&rsquo;inscription :<\/strong><\/h3>\n<p><strong>Inscription anticip\u00e9e (01\/03\/2017 &#8211; 30\/04\/2017)<\/strong><\/p>\n<p>Plein tarif : 125 \u20ac<\/p>\n<p>Tarif r\u00e9duit : 65 \u20ac (joindre la copie de la carte d&rsquo;\u00e9tudiant SVP)<\/p>\n<p>&nbsp;<\/p>\n<p><strong>Inscription r\u00e9guli\u00e8re (\u00e0 partir du 01\/05\/2017)<\/strong><\/p>\n<p>Plein tarif : 150 \u20ac<\/p>\n<p>Tarif r\u00e9duit : 75 \u20ac (joindre la copie de la carte d&rsquo;\u00e9tudiant SVP)<\/p>\n<p>&nbsp;<\/p>\n<p><strong>D\u00eener de gala<\/strong> (croisi\u00e8re en p\u00e9niche) 20\/06\/2017 : 50 \u20ac<\/p>\n<h4><\/h4>\n<h4><strong>Vous pouvez t\u00e9l\u00e9charger le bulletin d&rsquo;inscription<\/strong> <a href=\"http:\/\/octogone.univ-tlse2.fr\/accueil\/manifestations-scientifiques\/registration-inscription-bimo2017-495299.kjsp\">ici<\/a>.<\/h4>\n<h4>Attention, les communiquants doivent s&rsquo;inscrire <span style=\"color: #ff0000\">avant le 31\/03\/2017<\/span> pour confirmer leur pr\u00e9sence !<\/h4>\n<p>&nbsp;<\/p>","protected":false},"excerpt":{"rendered":"<p>Les frais d&rsquo;inscription incluent le volume des abstracts, les pauses caf\u00e9s, les d\u00e9jeuners pour les deux jours du workshop ainsi qu&rsquo;une r\u00e9ception le lundi 19 juin. Le d\u00eener de gala (lors d&rsquo;une croisi\u00e8re en p\u00e9niche, le mardi 20 juin) doit \u00eatre r\u00e9serv\u00e9 et r\u00e9gl\u00e9 en plus. &nbsp; Frais d&rsquo;inscription : Inscription anticip\u00e9e (01\/03\/2017 &#8211; 30\/04\/2017) [&hellip;]<\/p>\n","protected":false},"author":311,"featured_media":0,"parent":0,"menu_order":0,"comment_status":"closed","ping_status":"closed","template":"","meta":{"footnotes":""},"class_list":["post-51","page","type-page","status-publish","hentry","post-preview"],"_links":{"self":[{"href":"https:\/\/blogs.univ-tlse2.fr\/bimo2017\/wp-json\/wp\/v2\/pages\/51","targetHints":{"allow":["GET"]}}],"collection":[{"href":"https:\/\/blogs.univ-tlse2.fr\/bimo2017\/wp-json\/wp\/v2\/pages"}],"about":[{"href":"https:\/\/blogs.univ-tlse2.fr\/bimo2017\/wp-json\/wp\/v2\/types\/page"}],"author":[{"embeddable":true,"href":"https:\/\/blogs.univ-tlse2.fr\/bimo2017\/wp-json\/wp\/v2\/users\/311"}],"replies":[{"embeddable":true,"href":"https:\/\/blogs.univ-tlse2.fr\/bimo2017\/wp-json\/wp\/v2\/comments?post=51"}],"version-history":[{"count":21,"href":"https:\/\/blogs.univ-tlse2.fr\/bimo2017\/wp-json\/wp\/v2\/pages\/51\/revisions"}],"predecessor-version":[{"id":351,"href":"https:\/\/blogs.univ-tlse2.fr\/bimo2017\/wp-json\/wp\/v2\/pages\/51\/revisions\/351"}],"wp:attachment":[{"href":"https:\/\/blogs.univ-tlse2.fr\/bimo2017\/wp-json\/wp\/v2\/media?parent=51"}],"curies":[{"name":"wp","href":"https:\/\/api.w.org\/{rel}","templated":true}]}}