 {"id":55,"date":"2016-09-26T15:31:24","date_gmt":"2016-09-26T13:31:24","guid":{"rendered":"https:\/\/blogs.univ-tlse2.fr\/bimo2017\/?page_id=55"},"modified":"2017-02-03T14:21:37","modified_gmt":"2017-02-03T13:21:37","slug":"venue","status":"publish","type":"page","link":"https:\/\/blogs.univ-tlse2.fr\/bimo2017\/venue\/","title":{"rendered":"Lieu du colloque"},"content":{"rendered":"<p>Le colloque aura lieu \u00e0 l&rsquo;Universit\u00e9 de Toulouse II &#8211; Jean Jaur\u00e8s, Campus Le Mirail, Maison de la Recherche, Amphi F417 (4\u00e8me \u00e9tage).<\/p>\n<p><strong>Adresse:<\/strong><br \/>\nMaison de la Recherche &#8211; F417<br \/>\nUniversit\u00e9 de Toulouse \u00a0II -Jean Jaur\u00e8s<br \/>\n5, all\u00e9es Antonio Machado<br \/>\n31058 &#8211; Toulouse Cedex 9<\/p>\n<p>L&rsquo;Universit\u00e9 de Toulouse II &#8211; Jean Jaur\u00e8s est \u00e0 environ 15 minutes du centre-ville en m\u00e9tro (ligne A, destination Basso Cambo). Si vous utilisez la ligne B du m\u00e9tro, vous devez changer \u00e0 la station \u00ab\u00a0Jean Jaur\u00e8s\u00a0\u00bb, puis prendre la ligne A pour acc\u00e9der au Campus du Mirail. Vous descendez \u00e0 la station \u00ab\u00a0Mirail Universit\u00e9\u00a0\u00bb et la \u00ab\u00a0Maison de la Recherche\u00a0\u00bb \u00a0est \u00e0 \u00a03-5 minutes \u00e0 pied.<\/p>\n<ul>\n<li>Plan du campus :\u00a0<a href=\"https:\/\/blogs.univ-tlse2.fr\/bimo2017\/files\/2016\/09\/plan-campus-septembre-2016.pdf\">https:\/\/blogs.univ-tlse2.fr\/bimo2017\/files\/2016\/09\/plan-campus-septembre-2016.pdf<\/a><\/li>\n<li>Moyens d&rsquo;acc\u00e8s au Campus du Mirail :\u00a0<a href=\"http:\/\/www.univ-tlse2.fr\/accueil\/infos\/pratique\/adresses-et-acces\/moyens-d-acces-au-campus-du-mirail-256988.kjsp?RH=adrloc\">http:\/\/www.univ-tlse2.fr\/accueil\/infos\/pratique\/adresses-et-acces\/moyens-d-acces-au-campus-du-mirail-256988.kjsp?RH=adrloc<\/a><\/li>\n<\/ul>\n<p><strong>Transports en commun :<\/strong><\/p>\n<ul>\n<li>Tiss\u00e9o (bus, m\u00e9tro, tram) :\u00a0<a href=\"https:\/\/www.tisseo.fr\/\">https:\/\/www.tisseo.fr\/<\/a><\/li>\n<li>Tiss\u00e9o &#8211; Horaires :\u00a0<a href=\"https:\/\/www.tisseo.fr\/se-deplacer\/horaires\">https:\/\/www.tisseo.fr\/se-deplacer\/horaires<\/a><\/li>\n<li>Tiss\u00e9o &#8211; Tarifs :\u00a0<a href=\"https:\/\/www.tisseo.fr\/les-tarifs\/la-gamme\">https:\/\/www.tisseo.fr\/les-tarifs\/la-gamme<\/a><\/li>\n<\/ul>\n<p><img decoding=\"async\" src=\"http:\/\/toulouse.festivaldujeu.fr\/images\/infospratiques\/plan_arrets_metro.jpg\" \/><\/p>\n<p>&nbsp;<\/p>","protected":false},"excerpt":{"rendered":"<p>Le colloque aura lieu \u00e0 l&rsquo;Universit\u00e9 de Toulouse II &#8211; Jean Jaur\u00e8s, Campus Le Mirail, Maison de la Recherche, Amphi F417 (4\u00e8me \u00e9tage). Adresse: Maison de la Recherche &#8211; F417 Universit\u00e9 de Toulouse \u00a0II -Jean Jaur\u00e8s 5, all\u00e9es Antonio Machado 31058 &#8211; Toulouse Cedex 9 L&rsquo;Universit\u00e9 de Toulouse II &#8211; Jean Jaur\u00e8s est \u00e0 environ [&hellip;]<\/p>\n","protected":false},"author":311,"featured_media":0,"parent":0,"menu_order":0,"comment_status":"closed","ping_status":"closed","template":"","meta":{"footnotes":""},"class_list":["post-55","page","type-page","status-publish","hentry","post-preview"],"_links":{"self":[{"href":"https:\/\/blogs.univ-tlse2.fr\/bimo2017\/wp-json\/wp\/v2\/pages\/55","targetHints":{"allow":["GET"]}}],"collection":[{"href":"https:\/\/blogs.univ-tlse2.fr\/bimo2017\/wp-json\/wp\/v2\/pages"}],"about":[{"href":"https:\/\/blogs.univ-tlse2.fr\/bimo2017\/wp-json\/wp\/v2\/types\/page"}],"author":[{"embeddable":true,"href":"https:\/\/blogs.univ-tlse2.fr\/bimo2017\/wp-json\/wp\/v2\/users\/311"}],"replies":[{"embeddable":true,"href":"https:\/\/blogs.univ-tlse2.fr\/bimo2017\/wp-json\/wp\/v2\/comments?post=55"}],"version-history":[{"count":15,"href":"https:\/\/blogs.univ-tlse2.fr\/bimo2017\/wp-json\/wp\/v2\/pages\/55\/revisions"}],"predecessor-version":[{"id":183,"href":"https:\/\/blogs.univ-tlse2.fr\/bimo2017\/wp-json\/wp\/v2\/pages\/55\/revisions\/183"}],"wp:attachment":[{"href":"https:\/\/blogs.univ-tlse2.fr\/bimo2017\/wp-json\/wp\/v2\/media?parent=55"}],"curies":[{"name":"wp","href":"https:\/\/api.w.org\/{rel}","templated":true}]}}