 {"id":59,"date":"2016-09-26T15:32:08","date_gmt":"2016-09-26T13:32:08","guid":{"rendered":"https:\/\/blogs.univ-tlse2.fr\/bimo2017\/?page_id=59"},"modified":"2017-02-09T10:53:36","modified_gmt":"2017-02-09T09:53:36","slug":"english-accomodation","status":"publish","type":"page","link":"https:\/\/blogs.univ-tlse2.fr\/bimo2017\/english-accomodation\/","title":{"rendered":"H\u00e9bergement"},"content":{"rendered":"<p><strong>Quelques informations sur Toulouse et la r\u00e9gion Occitanie:<\/strong><\/p>\n<p>Le centre-ville de Toulouse est en partie pi\u00e9ton et offre une grande vari\u00e9t\u00e9 d&rsquo;h\u00f4tels, de restaurants et de bars (comme la saison touristique \u00e0 Toulouse commence en d\u00e9but juin, nous vous conseillons de r\u00e9server votre h\u00e9bergement d\u00e8s que possible). La \u00ab\u00a0F\u00eate de la Musique\u00a0\u00bb ( 21 juin) est un \u00e9v\u00e9nement tr\u00e8s festif et populaire, donc, tr\u00e8s, tr\u00e8s, tr\u00e8s fr\u00e9quent\u00e9.<br \/>\nCapitole, Jean Jaur\u00e8s, Jeanne d&rsquo;Arc, Esquirol et Carmes sont quelques stations de m\u00e9tro qui desservent le centre-ville.<\/p>\n<p>Malheureusement, il n&rsquo;y a pas d&rsquo;h\u00e9bergement ni de restaurant de qualit\u00e9 sur ou pr\u00e8s du campus.<br \/>\n<strong>Nous vous recommandons vivement de loger dans le centre-ville de Toulouse et de vous rendre au campus en m\u00e9tro.<\/strong><\/p>\n<p>Pour l&rsquo;h\u00e9bergement en ville: veuillez utiliser les sites habituels de r\u00e9servation d&rsquo;h\u00f4tels.<\/p>\n<p>Vous pouvez \u00e9galement trouver quelques options <a href=\"http:\/\/www.univ-toulouse.fr\/vie-etudiante\/vie-pratique\/logement#recherche\">ici<\/a>\u00a0et <a href=\"https:\/\/blogs.univ-tlse2.fr\/bimo2017\/english-quelques-hotels-au-centre-ville-de-toulouse\/\">ici<\/a>.<\/p>","protected":false},"excerpt":{"rendered":"<p>Quelques informations sur Toulouse et la r\u00e9gion Occitanie: Le centre-ville de Toulouse est en partie pi\u00e9ton et offre une grande vari\u00e9t\u00e9 d&rsquo;h\u00f4tels, de restaurants et de bars (comme la saison touristique \u00e0 Toulouse commence en d\u00e9but juin, nous vous conseillons de r\u00e9server votre h\u00e9bergement d\u00e8s que possible). La \u00ab\u00a0F\u00eate de la Musique\u00a0\u00bb ( 21 juin) [&hellip;]<\/p>\n","protected":false},"author":311,"featured_media":0,"parent":0,"menu_order":0,"comment_status":"closed","ping_status":"closed","template":"","meta":{"footnotes":""},"class_list":["post-59","page","type-page","status-publish","hentry","post-preview"],"_links":{"self":[{"href":"https:\/\/blogs.univ-tlse2.fr\/bimo2017\/wp-json\/wp\/v2\/pages\/59","targetHints":{"allow":["GET"]}}],"collection":[{"href":"https:\/\/blogs.univ-tlse2.fr\/bimo2017\/wp-json\/wp\/v2\/pages"}],"about":[{"href":"https:\/\/blogs.univ-tlse2.fr\/bimo2017\/wp-json\/wp\/v2\/types\/page"}],"author":[{"embeddable":true,"href":"https:\/\/blogs.univ-tlse2.fr\/bimo2017\/wp-json\/wp\/v2\/users\/311"}],"replies":[{"embeddable":true,"href":"https:\/\/blogs.univ-tlse2.fr\/bimo2017\/wp-json\/wp\/v2\/comments?post=59"}],"version-history":[{"count":12,"href":"https:\/\/blogs.univ-tlse2.fr\/bimo2017\/wp-json\/wp\/v2\/pages\/59\/revisions"}],"predecessor-version":[{"id":245,"href":"https:\/\/blogs.univ-tlse2.fr\/bimo2017\/wp-json\/wp\/v2\/pages\/59\/revisions\/245"}],"wp:attachment":[{"href":"https:\/\/blogs.univ-tlse2.fr\/bimo2017\/wp-json\/wp\/v2\/media?parent=59"}],"curies":[{"name":"wp","href":"https:\/\/api.w.org\/{rel}","templated":true}]}}