 {"id":2,"date":"2011-12-06T13:42:02","date_gmt":"2011-12-06T12:42:02","guid":{"rendered":"https:\/\/blogs.univ-tlse2.fr\/blangues\/?page_id=2"},"modified":"2012-12-19T17:58:55","modified_gmt":"2012-12-19T16:58:55","slug":"page-d-exemple","status":"publish","type":"page","link":"https:\/\/blogs.univ-tlse2.fr\/blangues\/page-d-exemple\/","title":{"rendered":"A propos"},"content":{"rendered":"<div>\n<p>Le Centre de Ressources de Langues, Litt\u00e9ratures et Civilisations a ouvert \u00e0 la rentr\u00e9e universitaire 2012. Apr\u00e8s avoir suivi l&rsquo;avanc\u00e9e du projet (travail effectu\u00e9 en amont pour r\u00e9unir les quatre biblioth\u00e8ques et le centre multim\u00e9dia de l\u2019UFR de langues en un centre de ressources unique) ce blog s&rsquo;attache maintenant \u00e0 vous conter la mise en route du CRL du quotidien aux \u00e9v\u00e9nements marquants, sans oublier les \u00e0 c\u00f4t\u00e9s.\n<\/p><\/div>\n","protected":false},"excerpt":{"rendered":"<p>Le Centre de Ressources de Langues, Litt\u00e9ratures et Civilisations a ouvert \u00e0 la rentr\u00e9e universitaire 2012. Apr\u00e8s avoir suivi l&rsquo;avanc\u00e9e du projet (travail effectu\u00e9 en amont pour r\u00e9unir les quatre biblioth\u00e8ques et le centre multim\u00e9dia de l\u2019UFR de langues en un centre de ressources unique) ce blog s&rsquo;attache maintenant \u00e0 vous conter la mise en &hellip; <a href=\"https:\/\/blogs.univ-tlse2.fr\/blangues\/page-d-exemple\/\" class=\"more-link\">Continuer la lecture de <span class=\"screen-reader-text\">A propos<\/span>  <span class=\"meta-nav\">&rarr;<\/span><\/a><\/p>\n","protected":false},"author":92,"featured_media":0,"parent":0,"menu_order":0,"comment_status":"closed","ping_status":"open","template":"","meta":{"footnotes":""},"class_list":["post-2","page","type-page","status-publish","hentry"],"_links":{"self":[{"href":"https:\/\/blogs.univ-tlse2.fr\/blangues\/wp-json\/wp\/v2\/pages\/2","targetHints":{"allow":["GET"]}}],"collection":[{"href":"https:\/\/blogs.univ-tlse2.fr\/blangues\/wp-json\/wp\/v2\/pages"}],"about":[{"href":"https:\/\/blogs.univ-tlse2.fr\/blangues\/wp-json\/wp\/v2\/types\/page"}],"author":[{"embeddable":true,"href":"https:\/\/blogs.univ-tlse2.fr\/blangues\/wp-json\/wp\/v2\/users\/92"}],"replies":[{"embeddable":true,"href":"https:\/\/blogs.univ-tlse2.fr\/blangues\/wp-json\/wp\/v2\/comments?post=2"}],"version-history":[{"count":9,"href":"https:\/\/blogs.univ-tlse2.fr\/blangues\/wp-json\/wp\/v2\/pages\/2\/revisions"}],"predecessor-version":[{"id":1087,"href":"https:\/\/blogs.univ-tlse2.fr\/blangues\/wp-json\/wp\/v2\/pages\/2\/revisions\/1087"}],"wp:attachment":[{"href":"https:\/\/blogs.univ-tlse2.fr\/blangues\/wp-json\/wp\/v2\/media?parent=2"}],"curies":[{"name":"wp","href":"https:\/\/api.w.org\/{rel}","templated":true}]}}