 {"id":14,"date":"2015-10-07T11:56:11","date_gmt":"2015-10-07T09:56:11","guid":{"rendered":"https:\/\/blogs.univ-tlse2.fr\/buchs\/?page_id=14"},"modified":"2019-03-26T16:10:19","modified_gmt":"2019-03-26T15:10:19","slug":"enseignements","status":"publish","type":"page","link":"https:\/\/blogs.univ-tlse2.fr\/buchs\/enseignements\/","title":{"rendered":"Enseignements"},"content":{"rendered":"<p style=\"text-align: justify\"><strong><em>2015-&#8230; \u00a0 \u00a0\u00a0<\/em>Universit\u00e9 Toulouse Jean Jaur\u00e8s<\/strong><\/p>\n<p style=\"text-align: justify\">Analyse \u00e9conomique (CM, L1)<br \/>\nTh\u00e9ories \u00e9conomiques (CM, L2)<br \/>\nEconomie-\u00e9cologie et n\u00e9gociations climatiques internationales (CM, L3)<br \/>\nAnthropologie \u00e9conomique\u00a0(CM, L3)<br \/>\nAnthropologie du d\u00e9veloppement (CM, 4e ann\u00e9e, Sciences Po Toulouse)<br \/>\nPolitiques publiques du d\u00e9veloppement international (CM, M1)<br \/>\nEnjeux contemporains du d\u00e9veloppement: les communs (CM, M2)<\/p>\n<p style=\"text-align: justify\"><strong><em>2015 \u00a0 \u00a0\u00a0<\/em>AgroParisTech (Clermont Ferrand)<\/strong><\/p>\n<p style=\"text-align: justify\">Responsable du module : Gestion de l\u2019espace (Mast\u00e8re sp\u00e9cialis\u00e9, post master)<br \/>\nResponsable du module : Conservation et valorisation des patrimoines (Mast\u00e8re sp\u00e9cialis\u00e9, post master)<\/p>\n<p style=\"text-align: justify\"><strong><em>2013-2014 \u00a0 \u00a0\u00a0<\/em>Universit\u00e9 de Lausanne et Universit\u00e9 de Gen\u00e8ve<\/strong><\/p>\n<p style=\"text-align: justify\">Natural complex systems &amp; resilience (CM, Formation continue)<br \/>\nGestion int\u00e9gr\u00e9e par bassin en Suisse (CM, Formation continue)<\/p>\n<p style=\"text-align: justify\"><strong><em>2007-2013 \u00a0 \u00a0\u00a0<\/em>Universit\u00e9 Pierre Mend\u00e8s France (Grenoble)<\/strong><\/p>\n<p style=\"text-align: justify\">Economie de l\u2019environnement et du d\u00e9veloppement durable\u00a0(CM, M2)<br \/>\nIntroduction \u00e0 l\u2019\u00e9conomie de l\u2019environnement\u00a0(CM, L3 pro.)<br \/>\nLa normalisation de l\u2019eau\u00a0(CM, L3 pro.)<br \/>\nAnalyse \u00e9conomique\u00a0(TD, L1)<br \/>\nQuestions \u00e9conomiques contemporaines\u00a0(TD, L1)<br \/>\nM\u00e9thodologie du travail universitaire\u00a0(TD, L1)<\/p>\n<h3><\/h3>\n","protected":false},"excerpt":{"rendered":"<p>2015-&#8230; \u00a0 \u00a0\u00a0Universit\u00e9 Toulouse Jean Jaur\u00e8s Analyse \u00e9conomique (CM, L1) Th\u00e9ories \u00e9conomiques (CM, L2) Economie-\u00e9cologie et n\u00e9gociations climatiques internationales (CM, L3) Anthropologie \u00e9conomique\u00a0(CM, L3) Anthropologie du d\u00e9veloppement (CM, 4e ann\u00e9e, Sciences Po Toulouse) Politiques publiques du d\u00e9veloppement international (CM, M1) Enjeux contemporains du d\u00e9veloppement: les communs (CM, M2) 2015 \u00a0 \u00a0\u00a0AgroParisTech (Clermont Ferrand) Responsable du [&hellip;]<\/p>\n","protected":false},"author":288,"featured_media":0,"parent":0,"menu_order":5,"comment_status":"closed","ping_status":"closed","template":"","meta":{"footnotes":""},"class_list":["post-14","page","type-page","status-publish","hentry","post-preview"],"_links":{"self":[{"href":"https:\/\/blogs.univ-tlse2.fr\/buchs\/wp-json\/wp\/v2\/pages\/14","targetHints":{"allow":["GET"]}}],"collection":[{"href":"https:\/\/blogs.univ-tlse2.fr\/buchs\/wp-json\/wp\/v2\/pages"}],"about":[{"href":"https:\/\/blogs.univ-tlse2.fr\/buchs\/wp-json\/wp\/v2\/types\/page"}],"author":[{"embeddable":true,"href":"https:\/\/blogs.univ-tlse2.fr\/buchs\/wp-json\/wp\/v2\/users\/288"}],"replies":[{"embeddable":true,"href":"https:\/\/blogs.univ-tlse2.fr\/buchs\/wp-json\/wp\/v2\/comments?post=14"}],"version-history":[{"count":31,"href":"https:\/\/blogs.univ-tlse2.fr\/buchs\/wp-json\/wp\/v2\/pages\/14\/revisions"}],"predecessor-version":[{"id":516,"href":"https:\/\/blogs.univ-tlse2.fr\/buchs\/wp-json\/wp\/v2\/pages\/14\/revisions\/516"}],"wp:attachment":[{"href":"https:\/\/blogs.univ-tlse2.fr\/buchs\/wp-json\/wp\/v2\/media?parent=14"}],"curies":[{"name":"wp","href":"https:\/\/api.w.org\/{rel}","templated":true}]}}