 {"id":152,"date":"2016-01-15T13:50:16","date_gmt":"2016-01-15T12:50:16","guid":{"rendered":"https:\/\/blogs.univ-tlse2.fr\/buchs\/?page_id=152"},"modified":"2017-02-15T23:38:43","modified_gmt":"2017-02-15T22:38:43","slug":"contact","status":"publish","type":"page","link":"https:\/\/blogs.univ-tlse2.fr\/buchs\/contact\/","title":{"rendered":"Contact"},"content":{"rendered":"<p><strong>Vous pouvez me contacter \u00e0 cette adresse :<\/strong> <a href=\"&#x6d;a&#x69;l&#x74;&#111;:&#x61;r&#x6e;&#97;u&#x64;&#46;&#x62;&#117;c&#x68;s&#x40;u&#x6e;&#x69;v&#x2d;t&#x6c;&#115;e&#x32;&#46;&#x66;&#114;\">&#x61;&#x72;&#x6e;&#97;&#117;d&#46;b&#x75;&#x63;&#x68;&#x73;&#64;uni&#x76;&#x2d;&#x74;&#x6c;&#115;e2&#46;&#x66;&#x72;<\/a><\/p>\n<p><strong>Adresse physique<\/strong><br \/>\nMaison de la recherche<br \/>\nUniversit\u00e9 Toulouse Jean Jaur\u00e8s<br \/>\n5 all\u00e9es A. Machado<br \/>\n31058 Toulouse Cedex 1<\/p>\n<p><strong>Institutions<\/strong><\/p>\n<ul>\n<li style=\"text-align: left\"><a href=\"http:\/\/www.univ-tlse2.fr\/#m20789634090494474\" target=\"_blank\">Universit\u00e9 Toulouse Jean Jaur\u00e8s<\/a>\u00a0(UT2J) ,\u00a0<a href=\"http:\/\/www.univ-tlse2.fr\/accueil\/infos\/pratique\/adresses-et-acces\/moyens-d-acces-au-campus-du-mirail-256988.kjsp?RH=adrloc\" target=\"_blank\">Moyens et plan d&rsquo;acc\u00e8s<\/a><\/li>\n<li><a href=\"http:\/\/w3.lisst.univ-tlse2.fr\">Laboratoire Interdisciplinaire\u00a0Solidarit\u00e9s, Soci\u00e9t\u00e9s, Territoires<\/a>\u00a0\u00e9quipe\u00a0<a href=\"http:\/\/dynamiques-rurales.univ-tlse2.fr\" target=\"_blank\">Dynamiques Rurales<\/a>\u00a0(LISST-DR)\u00a0(UMR CNRS-EHESS-ENFA-UT2J)<\/li>\n<li><a href=\"http:\/\/ecogestion.univ-tlse2.fr\" target=\"_blank\">D\u00e9partement Sciences \u00e9conomiques &amp; gestion<\/a>,\u00a0UFR Sciences, espaces, soci\u00e9t\u00e9s (SES)<\/li>\n<\/ul>\n","protected":false},"excerpt":{"rendered":"<p>Vous pouvez me contacter \u00e0 cette adresse : &#x61;&#114;na&#x75;&#x64;&#46;b&#x75;&#x63;&#104;s&#64;&#x75;&#110;iv&#x2d;&#x74;&#108;s&#x65;&#x32;&#46;fr Adresse physique Maison de la recherche Universit\u00e9 Toulouse Jean Jaur\u00e8s 5 all\u00e9es A. Machado 31058 Toulouse Cedex 1 Institutions Universit\u00e9 Toulouse Jean Jaur\u00e8s\u00a0(UT2J) ,\u00a0Moyens et plan d&rsquo;acc\u00e8s Laboratoire Interdisciplinaire\u00a0Solidarit\u00e9s, Soci\u00e9t\u00e9s, Territoires\u00a0\u00e9quipe\u00a0Dynamiques Rurales\u00a0(LISST-DR)\u00a0(UMR CNRS-EHESS-ENFA-UT2J) D\u00e9partement Sciences \u00e9conomiques &amp; gestion,\u00a0UFR Sciences, espaces, soci\u00e9t\u00e9s (SES)<\/p>\n","protected":false},"author":288,"featured_media":0,"parent":0,"menu_order":6,"comment_status":"closed","ping_status":"closed","template":"","meta":{"footnotes":""},"class_list":["post-152","page","type-page","status-publish","hentry","post-preview"],"_links":{"self":[{"href":"https:\/\/blogs.univ-tlse2.fr\/buchs\/wp-json\/wp\/v2\/pages\/152","targetHints":{"allow":["GET"]}}],"collection":[{"href":"https:\/\/blogs.univ-tlse2.fr\/buchs\/wp-json\/wp\/v2\/pages"}],"about":[{"href":"https:\/\/blogs.univ-tlse2.fr\/buchs\/wp-json\/wp\/v2\/types\/page"}],"author":[{"embeddable":true,"href":"https:\/\/blogs.univ-tlse2.fr\/buchs\/wp-json\/wp\/v2\/users\/288"}],"replies":[{"embeddable":true,"href":"https:\/\/blogs.univ-tlse2.fr\/buchs\/wp-json\/wp\/v2\/comments?post=152"}],"version-history":[{"count":53,"href":"https:\/\/blogs.univ-tlse2.fr\/buchs\/wp-json\/wp\/v2\/pages\/152\/revisions"}],"predecessor-version":[{"id":459,"href":"https:\/\/blogs.univ-tlse2.fr\/buchs\/wp-json\/wp\/v2\/pages\/152\/revisions\/459"}],"wp:attachment":[{"href":"https:\/\/blogs.univ-tlse2.fr\/buchs\/wp-json\/wp\/v2\/media?parent=152"}],"curies":[{"name":"wp","href":"https:\/\/api.w.org\/{rel}","templated":true}]}}