 {"id":2,"date":"2015-10-07T11:23:11","date_gmt":"2015-10-07T09:23:11","guid":{"rendered":"https:\/\/blogs.univ-tlse2.fr\/buchs\/?page_id=2"},"modified":"2019-03-16T10:32:32","modified_gmt":"2019-03-16T09:32:32","slug":"publications","status":"publish","type":"page","link":"https:\/\/blogs.univ-tlse2.fr\/buchs\/publications\/","title":{"rendered":"Publications"},"content":{"rendered":"<h4 style=\"text-align: justify\"><strong>Ouvrage scientifique<\/strong><\/h4>\n<p style=\"text-align: justify\">Buchs A., 2016.\u00a0<em>La p\u00e9nurie en eau est-elle in\u00e9luctable\u00a0? Une approche institutionnaliste de l\u2019\u00e9volution du mode d\u2019usage de l\u2019eau en Espagne et au Maroc<\/em>. Editions Peter Lang, coll. EcoPolis, Bruxelles [<a href=\"https:\/\/blogs.univ-tlse2.fr\/buchs\/files\/2015\/10\/Descriptif.pdf\" target=\"_blank\" rel=\"noopener noreferrer\">Descriptif<\/a>, <a href=\"https:\/\/blogs.univ-tlse2.fr\/buchs\/files\/2015\/10\/Pr\u00e9face.pdf\" target=\"_blank\" rel=\"noopener noreferrer\">Pr\u00e9face \u00a0de Bernard Barraqu\u00e9<\/a>]<\/p>\n<h4 style=\"text-align: justify\"><strong>Direction d&rsquo;ouvrage ou de revue<\/strong><\/h4>\n<p style=\"text-align: justify\">Buchs A., Baron C., Froger G., Penerenda A. (dir.), 2019. Dossier th\u00e9matique : Communs (im)mat\u00e9riels. Conjuguer les dimensions mat\u00e9rielles et immat\u00e9rielles des communs. <em>D\u00e9veloppement durable &amp; territoires<\/em>, 10(1) [CNRS-37, HCERES].<\/p>\n<h4 style=\"text-align: justify\"><strong>Articles dans des revues \u00e0 comit\u00e9 de lecture r\u00e9f\u00e9renc\u00e9es<\/strong><\/h4>\n<p style=\"text-align: justify\">Buchs A., Baron C., Froger G., Penerenda A., 2019. Communs (im)mat\u00e9riels : enjeux \u00e9pist\u00e9mologiques, institutionnels et politiques. <em>D\u00e9veloppement durable &amp; territoires<\/em>, 10(1) [CNRS-37, HCERES].<\/p>\n<p style=\"text-align: justify\"><span class=\"familyName\">Calianno M.<\/span>,\u00a0<span class=\"familyName\">Reynard E.<\/span>,\u00a0<span class=\"familyName\">Milano<\/span>\u00a0M.,\u00a0<span class=\"familyName\">Buchs A.<\/span>, 2017.\u00a0<span lang=\"fr\" xml:lang=\"fr\"><a href=\"https:\/\/vertigo.revues.org\/18442\" target=\"_blank\" rel=\"noopener noreferrer\">Quantifier les usages de l\u2019eau\u00a0: une clarification terminologique et conceptuelle pour lever les confusions<\/a>.<\/span>\u00a0<em>VertigO &#8211; la revue \u00e9lectronique en sciences de l&rsquo;environnement, <\/em>17(1) [AERES-SHS].<\/p>\n<p style=\"text-align: justify\">Buchs A., 2016. <a href=\"http:\/\/developpementdurable.revues.org\/11423\" target=\"_blank\" rel=\"noopener noreferrer\">Processus de qualification et construction d\u2019un compromis institutionnel territorialis\u00e9. La gestion int\u00e9gr\u00e9e de l\u2019eau par bassin dans le canton de Fribourg (Suisse)<\/a>. <em>D\u00e9veloppement durable &amp; territoires<\/em>, 7(3)\u00a0[CNRS-37, HCERES].<\/p>\n<p style=\"text-align: justify\">Borderon M., Buchs A., Leblan V., Vecchione E., 2015. <a href=\"http:\/\/www.nss-journal.org\/articles\/nss\/abs\/2015\/05\/nss150060\/nss150060.html\" target=\"_blank\" rel=\"noopener noreferrer\">R\u00e9flexivit\u00e9 et registres d\u2019interdisciplinarit\u00e9. Une boussole pour la recherche entre natures et soci\u00e9t\u00e9s<\/a>. <em>Natures, Sciences, Soci\u00e9t\u00e9s, <\/em>23(4)<em>\u00a0<\/em>[CNRS-37, HCERES].<\/p>\n<p style=\"text-align: justify\">Blanchard O. et Buchs A., 2015. Clarifying sustainable development concepts through role-play. <em>Simulation &amp; Gaming,\u00a0<\/em>46(6) [AERES-SHS].<\/p>\n<p style=\"text-align: justify\">Buchs A., 2014. <a href=\"https:\/\/regulation.revues.org\/10925\" target=\"_blank\" rel=\"noopener noreferrer\">Comprendre le changement institutionnel. R\u00e9gimes et crises du mode d\u2019usage de l\u2019eau en Espagne (XIX<sup>e<\/sup>-XX<sup>e<\/sup> si\u00e8cle)<\/a>. <em>Revue de la r\u00e9gulation, <\/em>16 (automne) [CNRS-37, HCERES].<\/p>\n<p style=\"text-align: justify\">Wozniak S. et Buchs A., 2013. <a href=\"https:\/\/rga.revues.org\/2084?lang=fr\" target=\"_blank\" rel=\"noopener noreferrer\">U.S. National parks and \u201cthe tragedy of the commons\u201d. A theoretical approach to U.S. mountain guides professional practice<\/a>. <em>Journal of Alpine Research<\/em>, 101(4) [AERES-SHS].<\/p>\n<p style=\"text-align: justify\">Buchs A. et Blanchard O., 2011. Exploring the concept of sustainable development through a role-play. <em>Journal of Economic Education<\/em>, 42(4) [CNRS-37, HCERES].<\/p>\n<p style=\"text-align: justify\">Buchs A., 2010. La construction sociale de la p\u00e9nurie en eau \u00e0 Almeria (Andalousie) ou l\u2019\u00e9chec de la normalisation \u201chydrauliciste\u201d. <em>Economie appliqu\u00e9e<\/em>, LXIII(3) [CNRS-37, HCERES].<\/p>\n<h4 style=\"text-align: justify\"><strong>Articles dans des\u00a0revues avec comit\u00e9 de lecture non r\u00e9pertori\u00e9es<\/strong><\/h4>\n<p style=\"text-align: justify\">Buchs A., 2012. Comprendre la p\u00e9nurie en eau comme un ph\u00e9nom\u00e8ne social. Un panorama des approches. <em>Informations et commentaires<\/em>, n\u00b0159 : Questions d\u2019eau en 2012, avril-juin.<\/p>\n<p style=\"text-align: justify\">Buchs A., 2010. Water crisis and water scarcity as social constructions. The case of water use in Almeria (Andalusia, Spain). <em>Options m\u00e9diterran\u00e9ennes<\/em>, 95.<\/p>\n<h4 style=\"text-align: justify\"><strong>Articles dans des revues sans comit\u00e9 de lecture<\/strong><\/h4>\n<p style=\"text-align: justify\">Buchs A. et Milano M., 2014. Regards crois\u00e9s sur la notion de p\u00e9nurie d&rsquo;eau en Espagne\u00a0: vers un rapprochement interdisciplinaire. <em>Lettre d\u2019Aqueduc.info<\/em>, n\u00b0100, septembre.<\/p>\n<p style=\"text-align: justify\">Calianno M., Buchs A., Milano M. et Reynard E., 2014. R\u00e9flexions sur la notion d&rsquo;usage de l&rsquo;eau, <em>Lettre d\u2019Aqueduc.info<\/em>. n\u00b0100, septembre.<\/p>\n<h4 style=\"text-align: justify\"><strong>Chapitres d&rsquo;ouvrages<\/strong><\/h4>\n<p>Buchs A., 2018.\u00a0Integrated water resources management as a compromise: renewing the Water Act in the Canton of Fribourg, Switzerland. <em>In<\/em> Br\u00e9thaut C. &amp; Schweizer R. (dir.), <em>A Critical approach to international water management trends. Policy and practice.<\/em>\u00a0Palgrave Macmillan, Londres.<\/p>\n<p style=\"text-align: justify\">Buchs A. et Boisvert V.,\u00a02017. Co\u00e9volution des pratiques agricoles et du mode d\u2019usage de l\u2019eau \u00e0 Almeria (Andalousie). La dimension sociale de la technique. <em>In<\/em> Allaire G. et Daviron B. (dir.). <em>Transformations agricoles et agroalimentaires. Entre \u00e9cologie et capitalisme<\/em>. Editions QUAE, Paris.<\/p>\n<p style=\"text-align: justify\">Buchs A. et Petit O., 2015. L\u2019eau\u00a0: un objet \u00e9conomique complexe. <em>In <\/em>Euzen A., Jeandel C. et Mosseri R. (dir.). <em>L\u2019eau \u00e0 d\u00e9couvert. <\/em>CNRS Editions, Paris.<\/p>\n<h4 style=\"text-align: justify\"><strong>Recensions<\/strong><\/h4>\n<p>Buchs A., 2017. Recension d&rsquo;ouvrage : Hans Bressers, Nanny Bressers, Corinne Larrue (dir.) <em>Governance for drought resilience. Land and water drought management in Europe,\u00a0<\/em>Springer, 2016, 256 p. <a href=\"https:\/\/www.nss-journal.org\/fr\/articles\/nss\/full_html\/first\/nss170049\/nss170049.html\" target=\"_blank\" rel=\"noopener\"><i>Natures Sciences Soci\u00e9t\u00e9s <\/i><\/a>[pr\u00e9 publication en ligne].<\/p>\n<p style=\"text-align: justify\">Buchs A., 2016.\u00a0Recension d\u2019ouvrage :\u00a0Gis\u00e8le Vianey, M\u00e9lanie Requier-Desjardins, et Jean-Christophe Paoli J (dir.), 2015, <a href=\"https:\/\/developpementdurable.revues.org\/11316\" target=\"_blank\" rel=\"noopener noreferrer\">Accaparement, action publique, strat\u00e9gies individuelles et ressources naturelles : regards crois\u00e9s sur la course aux terres et \u00e0 l\u2019eau en contextes m\u00e9diterran\u00e9ens<\/a>, Options m\u00e9diterran\u00e9ennes, s\u00e9rie B, n\u00b072. <em>D\u00e9veloppement durable &amp; territoires<\/em>, 7(2) [CNRS-37, HCERES].<\/p>\n<p style=\"text-align: justify\">Buchs A., 2013. Recension d\u2019ouvrage : Jeremy Rifkin, (2011), <a href=\"http:\/\/www.nss-journal.org\/articles\/nss\/pdf\/2013\/01\/nss130049.pdf\" target=\"_blank\" rel=\"noopener noreferrer\">The Third Industrial Revolution. How lateral power is transforming energy, the economy and the world<\/a>. <em>Natures, Sciences, Soci\u00e9t\u00e9s<\/em>, 21(1) [CNRS-37, HCERES].<\/p>\n","protected":false},"excerpt":{"rendered":"<p>Ouvrage scientifique Buchs A., 2016.\u00a0La p\u00e9nurie en eau est-elle in\u00e9luctable\u00a0? Une approche institutionnaliste de l\u2019\u00e9volution du mode d\u2019usage de l\u2019eau en Espagne et au Maroc. Editions Peter Lang, coll. EcoPolis, Bruxelles [Descriptif, Pr\u00e9face \u00a0de Bernard Barraqu\u00e9] Direction d&rsquo;ouvrage ou de revue Buchs A., Baron C., Froger G., Penerenda A. (dir.), 2019. Dossier th\u00e9matique : Communs [&hellip;]<\/p>\n","protected":false},"author":288,"featured_media":0,"parent":0,"menu_order":2,"comment_status":"closed","ping_status":"closed","template":"","meta":{"footnotes":""},"class_list":["post-2","page","type-page","status-publish","hentry","post-preview"],"_links":{"self":[{"href":"https:\/\/blogs.univ-tlse2.fr\/buchs\/wp-json\/wp\/v2\/pages\/2","targetHints":{"allow":["GET"]}}],"collection":[{"href":"https:\/\/blogs.univ-tlse2.fr\/buchs\/wp-json\/wp\/v2\/pages"}],"about":[{"href":"https:\/\/blogs.univ-tlse2.fr\/buchs\/wp-json\/wp\/v2\/types\/page"}],"author":[{"embeddable":true,"href":"https:\/\/blogs.univ-tlse2.fr\/buchs\/wp-json\/wp\/v2\/users\/288"}],"replies":[{"embeddable":true,"href":"https:\/\/blogs.univ-tlse2.fr\/buchs\/wp-json\/wp\/v2\/comments?post=2"}],"version-history":[{"count":46,"href":"https:\/\/blogs.univ-tlse2.fr\/buchs\/wp-json\/wp\/v2\/pages\/2\/revisions"}],"predecessor-version":[{"id":520,"href":"https:\/\/blogs.univ-tlse2.fr\/buchs\/wp-json\/wp\/v2\/pages\/2\/revisions\/520"}],"wp:attachment":[{"href":"https:\/\/blogs.univ-tlse2.fr\/buchs\/wp-json\/wp\/v2\/media?parent=2"}],"curies":[{"name":"wp","href":"https:\/\/api.w.org\/{rel}","templated":true}]}}