 {"id":77,"date":"2016-01-12T15:13:49","date_gmt":"2016-01-12T14:13:49","guid":{"rendered":"https:\/\/blogs.univ-tlse2.fr\/buchs\/?page_id=77"},"modified":"2018-10-26T17:11:42","modified_gmt":"2018-10-26T15:11:42","slug":"projets","status":"publish","type":"page","link":"https:\/\/blogs.univ-tlse2.fr\/buchs\/projets\/","title":{"rendered":"Projets"},"content":{"rendered":"<h4 style=\"text-align: justify\">Projets et financements<\/h4>\n<p><strong>2018-2020. S\u00e9curit\u00e9 Hydrique en Australie et March\u00e9s de l&rsquo;EAU (SHAMEAU)\u00a0<\/strong><\/p>\n<p><span style=\"text-decoration: underline\">Programme :<\/span>\u00a0LABEX SMS (Toulouse)<br \/>\n<span style=\"text-decoration: underline\">Requ\u00e9rant et coordination :<\/span>\u00a0Arnaud Buchs<\/p>\n<p><strong>2018-2019. Economie Politique de l&rsquo;EAU et Services \u00e9cosyst\u00e9miques (ECOPEAUS)<\/strong><\/p>\n<p><span style=\"text-decoration: underline\">Programme :<\/span>\u00a0MSH-Toulouse<span style=\"text-decoration: underline\"><br \/>\nRequ\u00e9rant :<\/span> G\u00e9raldine Froger<span style=\"text-decoration: underline\"><br \/>\nActivit\u00e9 :\u00a0<\/span>coordinateur d\u2019un volet de recherche<\/p>\n<p style=\"text-align: justify\"><strong>2015. Laur\u00e9at du programme IDEX-nouveaux entrants 2015 <\/strong><\/p>\n<p style=\"text-align: justify\"><span style=\"text-decoration: underline\">Programme :<\/span>\u00a0IDEX Universit\u00e9 F\u00e9d\u00e9rale Toulouse Midi-Pyr\u00e9n\u00e9es<\/p>\n<p style=\"text-align: justify\"><strong>2014-2016. Towards a collective interdisciplinary background: theories, instruments and methods for sustainability studies (TlM)<\/strong><\/p>\n<p style=\"text-align: justify\">[<a href=\"http:\/\/www.unil.ch\/tim\" target=\"_blank\" rel=\"noopener\">http:\/\/www.unil.ch\/tim<\/a>]<br \/>\n<span style=\"text-decoration: underline\">Programme :<\/span> Sustainable Development at Universities (td-net)<br \/>\n<span style=\"text-decoration: underline\">Tutelles :<\/span> Acad\u00e9mies suisses des sciences<br \/>\n<span style=\"text-decoration: underline\">Requ\u00e9rants et coordination :<\/span> Val\u00e9rie Boisvert ; <span style=\"text-decoration: underline\">Arnaud Buchs<\/span> et Monica Castro<\/p>\n<p style=\"text-align: justify\"><a href=\"https:\/\/blogs.univ-tlse2.fr\/buchs\/files\/2016\/01\/Capture-d\u2019\u00e9cran-2016-01-15-\u00e0-14.41.08.png\" target=\"_blank\" rel=\"attachment noopener wp-att-174\"><img loading=\"lazy\" decoding=\"async\" class=\"alignnone wp-image-174\" src=\"https:\/\/blogs.univ-tlse2.fr\/buchs\/files\/2016\/01\/Capture-d\u2019\u00e9cran-2016-01-15-\u00e0-14.41.08-300x216.png\" alt=\"Capture d\u2019\u00e9cran 2016-01-15 \u00e0 14.41.08\" width=\"332\" height=\"239\" srcset=\"https:\/\/blogs.univ-tlse2.fr\/buchs\/files\/2016\/01\/Capture-d\u2019\u00e9cran-2016-01-15-\u00e0-14.41.08-300x216.png 300w, https:\/\/blogs.univ-tlse2.fr\/buchs\/files\/2016\/01\/Capture-d\u2019\u00e9cran-2016-01-15-\u00e0-14.41.08.png 716w\" sizes=\"auto, (max-width: 332px) 100vw, 332px\" \/><\/a><\/p>\n<p style=\"text-align: justify\"><strong>2015. INVENTER. Inventons nos territoires de demain<\/strong><\/p>\n<p style=\"text-align: justify\"><span style=\"text-decoration: underline\">Programme :<\/span> PSDR4-Auvergne : Pour et sur le d\u00e9veloppement r\u00e9gional<br \/>\n<span style=\"text-decoration: underline\">Portage :<\/span> Sylvie Lardon\u00a0(Inra, AgroParisTech &#8211; UMR M\u00e9tafort) et Dominique Vergnaud\u00a0(PNR Livradois-Forez)<br \/>\n<span style=\"text-decoration: underline\">Activit\u00e9 :<\/span> coordinateur avec Mehdi Arrignon d\u2019un volet de recherche transversal<br \/>\n<a href=\"https:\/\/blogs.univ-tlse2.fr\/buchs\/files\/2016\/01\/Capture-d\u2019\u00e9cran-2016-01-15-\u00e0-14.32.48.png\" target=\"_blank\" rel=\"attachment noopener wp-att-170\"><img loading=\"lazy\" decoding=\"async\" class=\"alignnone wp-image-170\" src=\"https:\/\/blogs.univ-tlse2.fr\/buchs\/files\/2016\/01\/Capture-d\u2019\u00e9cran-2016-01-15-\u00e0-14.32.48-300x37.png\" alt=\"INVENTER_logo\" width=\"478\" height=\"59\" srcset=\"https:\/\/blogs.univ-tlse2.fr\/buchs\/files\/2016\/01\/Capture-d\u2019\u00e9cran-2016-01-15-\u00e0-14.32.48-300x37.png 300w, https:\/\/blogs.univ-tlse2.fr\/buchs\/files\/2016\/01\/Capture-d\u2019\u00e9cran-2016-01-15-\u00e0-14.32.48-768x95.png 768w, https:\/\/blogs.univ-tlse2.fr\/buchs\/files\/2016\/01\/Capture-d\u2019\u00e9cran-2016-01-15-\u00e0-14.32.48.png 905w\" sizes=\"auto, (max-width: 478px) 100vw, 478px\" \/><\/a><\/p>\n","protected":false},"excerpt":{"rendered":"<p>Projets et financements 2018-2020. S\u00e9curit\u00e9 Hydrique en Australie et March\u00e9s de l&rsquo;EAU (SHAMEAU)\u00a0 Programme :\u00a0LABEX SMS (Toulouse) Requ\u00e9rant et coordination :\u00a0Arnaud Buchs 2018-2019. Economie Politique de l&rsquo;EAU et Services \u00e9cosyst\u00e9miques (ECOPEAUS) Programme :\u00a0MSH-Toulouse Requ\u00e9rant : G\u00e9raldine Froger Activit\u00e9 :\u00a0coordinateur d\u2019un volet de recherche 2015. Laur\u00e9at du programme IDEX-nouveaux entrants 2015 Programme :\u00a0IDEX Universit\u00e9 F\u00e9d\u00e9rale Toulouse [&hellip;]<\/p>\n","protected":false},"author":288,"featured_media":0,"parent":0,"menu_order":4,"comment_status":"closed","ping_status":"closed","template":"","meta":{"footnotes":""},"class_list":["post-77","page","type-page","status-publish","hentry","post-preview"],"_links":{"self":[{"href":"https:\/\/blogs.univ-tlse2.fr\/buchs\/wp-json\/wp\/v2\/pages\/77","targetHints":{"allow":["GET"]}}],"collection":[{"href":"https:\/\/blogs.univ-tlse2.fr\/buchs\/wp-json\/wp\/v2\/pages"}],"about":[{"href":"https:\/\/blogs.univ-tlse2.fr\/buchs\/wp-json\/wp\/v2\/types\/page"}],"author":[{"embeddable":true,"href":"https:\/\/blogs.univ-tlse2.fr\/buchs\/wp-json\/wp\/v2\/users\/288"}],"replies":[{"embeddable":true,"href":"https:\/\/blogs.univ-tlse2.fr\/buchs\/wp-json\/wp\/v2\/comments?post=77"}],"version-history":[{"count":47,"href":"https:\/\/blogs.univ-tlse2.fr\/buchs\/wp-json\/wp\/v2\/pages\/77\/revisions"}],"predecessor-version":[{"id":522,"href":"https:\/\/blogs.univ-tlse2.fr\/buchs\/wp-json\/wp\/v2\/pages\/77\/revisions\/522"}],"wp:attachment":[{"href":"https:\/\/blogs.univ-tlse2.fr\/buchs\/wp-json\/wp\/v2\/media?parent=77"}],"curies":[{"name":"wp","href":"https:\/\/api.w.org\/{rel}","templated":true}]}}