 {"id":79,"date":"2016-01-12T15:16:07","date_gmt":"2016-01-12T14:16:07","guid":{"rendered":"https:\/\/blogs.univ-tlse2.fr\/buchs\/?page_id=79"},"modified":"2018-10-26T17:16:28","modified_gmt":"2018-10-26T15:16:28","slug":"collectif","status":"publish","type":"page","link":"https:\/\/blogs.univ-tlse2.fr\/buchs\/collectif\/","title":{"rendered":"Admin. &amp; collectif"},"content":{"rendered":"<h4 style=\"text-align: justify\">Activit\u00e9s administratives<\/h4>\n<p><em><strong>2017-&#8230;<\/strong><\/em>\u00a0Co-animation avec Julien Rebotier de l&rsquo;axe de recherche du LISST <em>ENVIronnements Et Soci\u00e9t\u00e9s<\/em> (ENVIES)<\/p>\n<p style=\"text-align: justify\"><em><strong>2016-&#8230;<\/strong><\/em> Membre \u00e9lu du conseil de laboratoire LISST<\/p>\n<p style=\"text-align: justify\"><em><strong>2016-&#8230;<\/strong><\/em> Co-animation scientifique de l&rsquo;\u00e9quipe LISST-Dynamiques rurales avec Adriana Blache, H\u00e9l\u00e8ne Gu\u00e9tat et \u00a0Emmanuel Chauvin<\/p>\n<h4 style=\"text-align: justify\">Activit\u00e9s \u00e9ditoriales<\/h4>\n<p style=\"text-align: justify\"><strong><em>Membre d&rsquo;un comit\u00e9 de r\u00e9daction<\/em><\/strong><\/p>\n<p style=\"text-align: justify\"><em>D\u00e9veloppement durable et territoires\u00a0<\/em>(co-responsable de la rubrique Varia)<\/p>\n<p style=\"text-align: justify\"><strong><em>Rapporteur pour des revues \u00e0 comit\u00e9 de lecture<\/em><\/strong><\/p>\n<p style=\"text-align: justify\"><em>D\u00e9veloppement durable et territoires<\/em><br \/>\n<em>Economie appliqu\u00e9e<\/em><br \/>\n<em>Economie rurale<\/em><br \/>\n<em>Natures, Sciences, Soci\u00e9t\u00e9s <\/em><br \/>\n<em>\u0152conomia. History, methodology, philosophy<\/em><br \/>\n<em>Revue d\u2019\u00e9conomie industrielle<\/em><br \/>\n<em>VertigO<\/em><br \/>\n<em>Water alternatives<\/em><\/p>\n<h4 style=\"text-align: justify\">Organisation et animation de s\u00e9minaires et de colloques<\/h4>\n<p style=\"text-align: justify\"><em><strong>2017.\u00a0<\/strong><\/em>Co-organisation avec Iratxe Calvo-Mendieta\u00a0(ULCO, France), Olivier Petit\u00a0(Univ. Artois, France), Philippe Roman\u00a0(IHEAL-CREDA, Paris, France) d&rsquo;une session sp\u00e9ciale \u00ab\u00a0Towards an Ecological Economics of Water\u00a0\u00bb [8 pr\u00e9sentations], <em>12th Conference of the European Society for Ecological Economics<\/em>, Budapest (Hongrie), 21 juin.<\/p>\n<p style=\"text-align: justify\"><em><strong>2016-&#8230;\u00a0<\/strong><\/em>Co-organisation avec Catherine Baron (LEREPS, Sciences Po), Thomas Debril (Agir\/INRA) et Alexandre Gaudin (Agir\/INRA) d&rsquo;un cycle d&rsquo;ateliers\u00a0<em>Eaux et soci\u00e9t\u00e9s. <\/em>1er atelier: <em>Gouverner la p\u00e9nurie en eau<\/em> (11 juillet 2016); 2e atelier: <em>Gestion int\u00e9gr\u00e9e de l&rsquo;eau: une perspective critique<\/em> (24 novembre 2016).<\/p>\n<p style=\"text-align: justify\"><em><strong>2016.\u00a0<\/strong><\/em>Co-organisation avec Catherine Baron (LEREPS, Sciences Po), G\u00e9raldine Froger (LEREPS, UT2J) et Adrien Peneranda (LEREPS, Sciences Po) d\u2019une journ\u00e9e d&rsquo;\u00e9tude\u00a0<em>Action collective et communs <\/em>[1 pl\u00e9ni\u00e8re, 5 interventions, 1 table ronde], 1er avril, Manufacture des Tabacs, Toulouse\u00a0[<a href=\"https:\/\/blogs.univ-tlse2.fr\/buchs\/files\/2016\/01\/JE_Action_coll_Communs_1er_avril.pdf\" target=\"_blank\" rel=\"noopener noreferrer\">Programme_JE_action_coll_communs<\/a>]<\/p>\n<p style=\"text-align: justify\"><em><strong>2015.<\/strong> <\/em>Co-organisation et animation d&rsquo;une \u00e9cole chercheur internationale\u00a0<em>L&rsquo;interdisciplinarit\u00e9 en action: une mise en pratique autour des bisses en Valais<\/em>, projet\u00a0<em>TIM : Th\u00e9ories, Instruments et M\u00e9thodes pour des recherches interdisciplinaires en durabilit\u00e9 <\/em>[21 chercheurs et chercheuses invit\u00e9.e.s, 6 pl\u00e9ni\u00e8res, 2 sorties terrain, 4 ateliers et une s\u00e9ance de restitution collective], du 7 au 11 septembre, Sion (Suisse) [<a href=\"https:\/\/blogs.univ-tlse2.fr\/buchs\/files\/2016\/01\/FLYERS_TIM_18_light.pdf\" target=\"_blank\" rel=\"noopener noreferrer\">flyer_ecole_TIM<\/a>].<\/p>\n<p style=\"text-align: justify\"><em><strong>2014.\u00a0<\/strong><\/em>Organisation d\u2019un s\u00e9minaire <em>Gestion int\u00e9gr\u00e9e de l\u2019eau, une perspective critique,<\/em>\u00a0interventions de St\u00e9phane Ghiotti (Art-Dev, UMR 5281, Montpellier) et Arnaud Buchs (IGD, UNIL), UNIL (Suisse), 14 octobre [<a href=\"http:\/\/www.unil.ch\/getactu\/wwwigul\/1412593566500\/\" target=\"_blank\" rel=\"noopener noreferrer\">http:\/\/www.unil.ch\/getactu\/wwwigul\/1412593566500\/<\/a>]<\/p>\n<p style=\"text-align: justify\"><em><strong>2014.\u00a0<\/strong><\/em>Co-organisation avec Marianne Milano (IGD) et Emmanuel Reynard (IGD) d\u2019une journ\u00e9e d\u2019\u00e9tude <em>Gestion int\u00e9gr\u00e9e de l\u2019eau par bassin et fragmentation institutionnelle : retour sur exp\u00e9riences et perspectives pour la Suisse<\/em> [7 interventions + table ronde], IGD-UNIL (Suisse), 21 mars<br \/>\n[<a href=\"https:\/\/blogs.univ-tlse2.fr\/buchs\/files\/2016\/01\/Journ\u00e9e_GIB_21mars_light.pdf\" target=\"_blank\" rel=\"noopener noreferrer\">Programme_Journ\u00e9e_GIB_21mars<\/a>]<\/p>\n<p style=\"text-align: justify\"><em><strong>2013-2014.<\/strong> <\/em>Co-organisation avec Monica Castro et Val\u00e9rie Boisvert d\u2019un cycle de s\u00e9minaires <em>Approches et m\u00e9thodologies interdisciplinaires (AMI)<\/em>, IGD-UNIL \u00a0(Suisse) [7 s\u00e9minaires] [<a href=\"http:\/\/www.unil.ch\/ami\" target=\"_blank\" rel=\"noopener noreferrer\">www.unil.ch\/ami<\/a>]<\/p>\n<p style=\"text-align: justify\"><em><strong>2013.\u00a0<\/strong><\/em>Co-organisation et animation avec Jean-Pierre Chanteau, Louis Job et Yvan Renou d\u2019une session th\u00e9matique <em>Gestion de l\u2019eau et valeurs publiques<\/em>, Congr\u00e8s du RIODD 2013 : <em>Approches pluridisciplinaires des pratiques et enjeux des d\u00e9marches organisationnelles socialement et environnementalement responsables<\/em>, Lille (France), 18-21 juin<\/p>\n<p style=\"text-align: justify\"><em><strong>2012.\u00a0<\/strong><\/em>Membre du comit\u00e9 scientifique et pr\u00e9sident d\u2019un atelier, Colloque <em>Le service public d\u2019eau potable et ses territoires \u00e0 l\u2019\u00e9preuve du d\u00e9veloppement durable : \u00e9tat des lieux et perspectives<\/em>, PACTE (UMR CNRS 5194), Grenoble (France), 14-15 novembre [<a href=\"http:\/\/sp-eau.sciencesconf.org\" target=\"_blank\" rel=\"noopener noreferrer\">http:\/\/sp-eau.sciencesconf.org<\/a>]<\/p>\n<p style=\"text-align: justify\"><em><strong>2009-2012.\u00a0<\/strong><\/em>Cr\u00e9ation et co-animation avec Paolo Avner des Sessions de discussion <em>Energie-Ressources-Environnement<\/em> du laboratoire LEPII puis EDDEN, Grenoble, UPMF (France) [11 sessions]<\/p>\n<p style=\"text-align: justify\">\n","protected":false},"excerpt":{"rendered":"<p>Activit\u00e9s administratives 2017-&#8230;\u00a0Co-animation avec Julien Rebotier de l&rsquo;axe de recherche du LISST ENVIronnements Et Soci\u00e9t\u00e9s (ENVIES) 2016-&#8230; Membre \u00e9lu du conseil de laboratoire LISST 2016-&#8230; Co-animation scientifique de l&rsquo;\u00e9quipe LISST-Dynamiques rurales avec Adriana Blache, H\u00e9l\u00e8ne Gu\u00e9tat et \u00a0Emmanuel Chauvin Activit\u00e9s \u00e9ditoriales Membre d&rsquo;un comit\u00e9 de r\u00e9daction D\u00e9veloppement durable et territoires\u00a0(co-responsable de la rubrique Varia) Rapporteur [&hellip;]<\/p>\n","protected":false},"author":288,"featured_media":0,"parent":0,"menu_order":6,"comment_status":"closed","ping_status":"closed","template":"","meta":{"footnotes":""},"class_list":["post-79","page","type-page","status-publish","hentry","post-preview"],"_links":{"self":[{"href":"https:\/\/blogs.univ-tlse2.fr\/buchs\/wp-json\/wp\/v2\/pages\/79","targetHints":{"allow":["GET"]}}],"collection":[{"href":"https:\/\/blogs.univ-tlse2.fr\/buchs\/wp-json\/wp\/v2\/pages"}],"about":[{"href":"https:\/\/blogs.univ-tlse2.fr\/buchs\/wp-json\/wp\/v2\/types\/page"}],"author":[{"embeddable":true,"href":"https:\/\/blogs.univ-tlse2.fr\/buchs\/wp-json\/wp\/v2\/users\/288"}],"replies":[{"embeddable":true,"href":"https:\/\/blogs.univ-tlse2.fr\/buchs\/wp-json\/wp\/v2\/comments?post=79"}],"version-history":[{"count":77,"href":"https:\/\/blogs.univ-tlse2.fr\/buchs\/wp-json\/wp\/v2\/pages\/79\/revisions"}],"predecessor-version":[{"id":524,"href":"https:\/\/blogs.univ-tlse2.fr\/buchs\/wp-json\/wp\/v2\/pages\/79\/revisions\/524"}],"wp:attachment":[{"href":"https:\/\/blogs.univ-tlse2.fr\/buchs\/wp-json\/wp\/v2\/media?parent=79"}],"curies":[{"name":"wp","href":"https:\/\/api.w.org\/{rel}","templated":true}]}}