 {"id":9,"date":"2015-10-07T11:54:23","date_gmt":"2015-10-07T09:54:23","guid":{"rendered":"https:\/\/blogs.univ-tlse2.fr\/buchs\/?page_id=9"},"modified":"2018-10-29T16:43:16","modified_gmt":"2018-10-29T15:43:16","slug":"communications","status":"publish","type":"page","link":"https:\/\/blogs.univ-tlse2.fr\/buchs\/communications\/","title":{"rendered":"Communications"},"content":{"rendered":"<h4 style=\"text-align: justify\"><strong>Communications dans des colloques nationaux et internationaux\u00a0<\/strong><\/h4>\n<p style=\"text-align: justify\"><u>Buchs A.<\/u> et\u00a0Meinard Y., 2018. The deliberation-concession spectrum in environmental policy. <em>13<sup>e<\/sup> Congr\u00e8s du RIODD (RIODD 2018)<\/em>, Grenoble, 16-18 octobre.<\/p>\n<p style=\"text-align: justify\"><u>Buchs A.<\/u>, Calvo-Mendieta I., Petit O., Roman P., 2018. Construire une socio-\u00e9conomie \u00e9cologique des ressources en eau. Enjeux ontologiques, th\u00e9oriques et m\u00e9thodologiques.\u00a0<em>8<sup>e<\/sup> Congr\u00e8s de l\u2019AFEP: Crises et transitions (AFEP 2018)<\/em>, Reims (France), 3-6 juillet.<\/p>\n<p style=\"text-align: justify\"><u>Buchs A.<\/u>, Calvo-Mendieta I., Petit O., Roman P., 2017. Shaping a social-ecological economics of water: ontological, theoretical and methodological issues<i>. 12<em><sup>th<\/sup><\/em> Conference of the European Society for Ecological Economics (ESEE 2017),\u00a0<\/i>Budapest (Hongrie), 20-23 juin.<\/p>\n<p style=\"text-align: justify\"><u>Buchs A.<\/u>, 2016.\u00a0Un commun en tension(s).\u00a0L\u2019exemple des communaut\u00e9s d\u2019irrigants \u00e0 Almeria (Andalousie). Colloque international\u00a0<i>Ressources <\/i><i>en eau, <\/i><i>soci\u00e9t\u00e9s <\/i><i>et territoires <\/i><i>m\u00e9diterran\u00e9ens. <\/i><i>L\u2019interdisciplinarit\u00e9 pour r\u00e9pondre aux d\u00e9fis <\/i><i>du changement<\/i> climatique (pr\u00e9 COP-22),<i>\u00a0<\/i>Marrakech (Maroc), 25-27 octobre.<\/p>\n<p style=\"text-align: justify\"><u>Buchs A.<\/u>, 2016. Agriculture forc\u00e9e et mode d\u2019usage de l\u2019eau \u00e0 Almeria (Andalousie):\u00a0miracle \u00e9conomique ou d\u00e9sastre \u00e9cologique ?\u00a0Colloque international <em>La renaissance rurale d&rsquo;un si\u00e8cle \u00e0 l&rsquo;autre. 25 ans de Dynamiques Rurales<\/em>, Toulouse\u00a0(France), 23-27 mai.<\/p>\n<p style=\"text-align: justify\"><u>Buchs A.<\/u>, 2015. Le bassin versant comme compromis. La dimension conflictuelle de la mise en \u0153uvre d\u2019une gestion int\u00e9gr\u00e9e de l\u2019eau en Suisse. Colloque international <em>Recherche &amp; R\u00e9gulation 2015\u00a0: La th\u00e9orie de la r\u00e9gulation \u00e0 l\u2019\u00e9preuve des crises<\/em>, Paris (France), 10-12 juin.<\/p>\n<p style=\"text-align: justify\"><u>Buchs A.<\/u>, 2014. \u00ab\u00a0Irriguer c\u2019est gouverner\u00a0\u00bb. Permanence du discours p\u00e9nurique pour l\u2019orientation de la politique hydraulique en Espagne. Conf\u00e9rence internationale <em>Energy, environment and ecology and the intersecting contributions of specialized languages, discourse, cultures and disciplines<\/em>, ILCEA, Universit\u00e9 Stendhal, Grenoble (France), 27-28 novembre.<\/p>\n<p style=\"text-align: justify\"><u>Buchs A<\/u>. et Boisvert V., 2014. Co\u00e9volution des pratiques agricoles et du mode d\u2019usage de l\u2019eau \u00e0 Almeria (Andalousie). La dimension sociale de la technique. <em>Renouveler les approches institutionnalistes sur l&rsquo;agriculture et l&rsquo;alimentation\u00a0: la \u201dgrande transformation\u201d 20 ans apr\u00e8s<\/em>, Montpellier (France), 16-17 juin.<\/p>\n<p style=\"text-align: justify\">Milano M. et <u>Buchs A<\/u>., 2014. Conceptual analysis of water scarcity: towards an integrated approach crossing hydrology and social sciences, <em>6<sup>th<\/sup> IAHS-EGU International symposium on Integrated water resources management<\/em>, Bologne (Italie), 4-6 Juin.<\/p>\n<p style=\"text-align: justify\"><u>Buchs A<\/u>., 2013. Exploring the \u201cinstitutional Bermuda triangle\u201d to understand water scarcity: How can J.R. Commons and the economics of conventions lead the way? <em>25<sup>th<\/sup> Annual Conference of the European association for evolutionary political economy (EAEPE)<\/em>, Universit\u00e9 Paris 13, Paris (France), 7-9 novembre.<\/p>\n<p style=\"text-align: justify\">Bolognesi T., <u>Buchs A.,\u00a0<\/u>Renou Y., 2013. Water no get enemy. How could water security shape sustainable water governance? <em>Ecological economics and institutional dynamics.<\/em> <em>10<sup>th<\/sup> International conference of the European Society for Ecological Economics<\/em>, Lille (France), 18-21 juin.<\/p>\n<p style=\"text-align: justify\"><u>Buchs A<\/u>., 2012. P\u00e9riodiser les phases de r\u00e9gime et de crise des usages de l\u2019eau. L\u2019apport d\u2019une approche en termes de modes d\u2019usage de l\u2019eau. <em>Congr\u00e8s international Political Economy and the Outlook for Capitalism<\/em>, AHE \u2013 IIPPE \u2013 AFEP, Paris (France), 5-7 juillet.<\/p>\n<p style=\"text-align: justify\"><u>Buchs A<\/u>., 2009. Crise de l\u2019eau et construction sociale de la p\u00e9nurie. L\u2019exemple de l\u2019usage de l\u2019eau \u00e0 Almeria (Andalousie). <em>Forum de la r\u00e9gulation 2009<\/em>, Paris (France), 1-2 d\u00e9cembre.<\/p>\n<p style=\"text-align: justify\"><u>Buchs A<\/u>., 2008. Standards applied to water use: An attempt to build up dynamic indicators. <em>13<sup>th<\/sup> World Water Congress<\/em>, Montpellier (France), 1-4 septembre.<\/p>\n<p style=\"text-align: justify\"><u>Buchs A<\/u>., 2007. Les normes de l\u2019eau comme objet d\u2019instrumentalisation des politiques de l\u2019eau. Panorama et perspectives en M\u00e9diterran\u00e9e. <em>Colloque international\u00a0: La gestion durable de l\u2019eau en M\u00e9diterran\u00e9e<\/em>, Constantine (Alg\u00e9rie), 19-20 mars.<\/p>\n<h4 style=\"text-align: justify\"><strong>Communications par poster dans un congr\u00e8s international<\/strong><\/h4>\n<p style=\"text-align: justify\"><u>Buchs A.<\/u>, 2015. Caract\u00e9riser et comprendre la p\u00e9nurie en eau comme un ph\u00e9nom\u00e8ne social. L\u2019apport d\u2019une approche par le \u00ab\u00a0mode d\u2019usage de l\u2019eau\u00a0\u00bb pour articuler normes techniques et normes sociales, Atelier final du projet (ANR), ARENA-Groudwater\u00a0: Gouvernance des eaux souterraines au Maghreb, Montpellier (France), 12-15 octobre.<\/p>\n<p style=\"text-align: justify\">Calianno M., <u>Buchs A<\/u>., Milano M., Reynard E., 2014. Towards a specific definition of Alpine water uses for accurate quantification, <em>6<sup>th<\/sup> IAHS-EGU International symposium on Integrated water resources management<\/em>, Bologne (Italie), 4-6 Juin.<\/p>\n<p style=\"text-align: justify\"><u>Buchs A<\/u>., 2013. The dark side of the blueprint. A reflexive analysis of watershed management in Switzerland. <em>11<sup>th<\/sup> Swiss Geoscience Meeting<\/em>, Universit\u00e9 de Lausanne (Suisse), 15-16 novembre.<em>\u00a0<\/em><\/p>\n<p style=\"text-align: justify\"><u>Buchs A<\/u>., 2010. Water crisis and water scarcity as social constructions. The case of water use in Almeria (Andalusia, Spain). <em>Second International Conference on Drought Management: Economics of Drought and Drought Preparedness in a Climate Change Context<\/em>, FAO, CIHEAM, Istanbul (Turquie), 4-6 mars.<\/p>\n<p style=\"text-align: justify\">Blanchard O. et <u>Buchs A.<\/u>, 2008. Simulations durables ou\u2026 simulacres ? <em>Colloque international Le d\u00e9veloppement durable de l\u2019\u00e9cole au campus : enjeux p\u00e9dagogiques et pratiques sociales<\/em>, Albi (France), 25-27 juin.<\/p>\n<h4 style=\"text-align: justify\"><strong>S\u00e9minaires et conf\u00e9rences invit\u00e9es<\/strong><\/h4>\n<p style=\"text-align: justify\"><span style=\"text-decoration: underline\">Buchs A.<\/span>, 2018. Processus de d\u00e9cision collective en contexte de fragmentation institutionnelle : le cas de la gestion int\u00e9gr\u00e9e de l\u2019eau dans le Canton de Fribourg (Suisse). <em>S\u00e9minaire\u00a0Policy Analytics<\/em>, \u00a0LAMSADE, Paris Dauphine, 25 janvier.<\/p>\n<p style=\"text-align: justify\"><span style=\"text-decoration: underline\">Buchs A.<\/span>, 2017. Is Water Scarcity Inevitable? Persistence of the scarcity discourse to shape the water policy in Spain.\u00a0School of Government &amp; Policy, University of Canberra (Australie), 9 ao\u00fbt.<\/p>\n<p style=\"text-align: justify\"><span style=\"text-decoration: underline\">Buchs A.<\/span>, 2017. Les dimensions sociales de la p\u00e9nurie en eau. Permanence du discours p\u00e9nurique pour l\u2019orientation de la politique hydraulique \u00e0 Alm\u00e9ria (Espagne). <em>Ap\u00e9r-EAU scientifiques<\/em>, R\u00e9seau d&rsquo;\u00e9tudes et d&rsquo;\u00e9changes en sciences sociales sur l&rsquo;Eau (R\u00e9s-EAUx P-10), Paris, 24 septembre.<\/p>\n<p style=\"text-align: justify\"><span style=\"text-decoration: underline\">Buchs A.<\/span>, 2017. Dimensions anthropiques de la p\u00e9nurie en eau. Enjeux analytiques et illustration \u00e0 partir du cas d\u2019Alm\u00e9ria (Andalousie). <em>S\u00e9minaire de recherche<\/em> UMR ART-Dev, Montpellier, 19 janvier.<\/p>\n<p style=\"text-align: justify\"><u>Buchs A.<\/u>, 2016. L&rsquo;eau: un commun en tension(s). Une approche en \u00e9conomie institutionnaliste. Journ\u00e9e d&rsquo;\u00e9tude\u00a0<em>L\u2019eau, les d\u00e9fis d\u2019aujourd\u2019hui et de demain<\/em>, Facult\u00e9 des g\u00e9osciences, Universit\u00e9 de Lausanne (Suisse),\u00a05 octobre.<\/p>\n<p style=\"text-align: justify\"><u>Buchs A.<\/u>, 2016. La dimension sociale de la technique : co\u00e9volution des pratiques agricoles et du mode d&rsquo;usage de l&rsquo;eau \u00e0 Almeria. <em>S\u00e9minaire d\u2019\u00c9conomie Politique Lillois<\/em> (SEPOL),\u00a0UMR Clers\u00e9,\u00a0Lille,\u00a016 juin.<\/p>\n<p style=\"text-align: justify\"><u>Buchs A.<\/u>, 2016. La gestion int\u00e9gr\u00e9e de l\u2019eau par bassin comme compromis institutionnel territorialis\u00e9. Le cas du Canton de Fribourg (Suisse). S\u00e9minaire <em>R\u00e9gulations sectorielles et territoriales<\/em>, MSH-Paris Nord &#8211; LADYSS (P7) &#8211; REGARDS (Univ. Reims), Reims, 14 juin.<\/p>\n<p style=\"text-align: justify\"><u>Buchs A.<\/u>, 2016.\u00a0Un commun en tension.\u00a0L\u2019exemple des communaut\u00e9s d\u2019irrigants\u00a0\u00e0 Almeria (Andalousie). Journ\u00e9e d\u2019\u00e9tude\u00a0<em>Action collective et communs<\/em>, LEREPS-UMR LISST, Toulouse, 1er avril.<\/p>\n<p style=\"text-align: justify\"><u>Buchs A.<\/u>, 2014.\u00a0Mise en \u0153uvre d&rsquo;une gestion int\u00e9gr\u00e9e par bassin en Suisse. <i>Inception<\/i> et variations autour de la norme. S\u00e9minaire <em>Gestion int\u00e9gr\u00e9e de l\u2019eau, une perspective critique<\/em>, \u00a0Institut de g\u00e9ographie et durabilit\u00e9, UNIL (Suisse), 14 octobre<\/p>\n<p style=\"text-align: justify\"><u>Buchs A.<\/u>, 2014. R\u00e9gulation des pratiques agricoles et modes d&rsquo;usage de l&rsquo;eau \u00e0 Almeria (Andalousie). Les dimensions sociales de la technique. S\u00e9minaire <em>Gouverner par les normes<\/em>, Institut des hautes \u00e9tudes en administration publique (IDHEAP), UNIL (Suisse), 15-16 septembre.<\/p>\n<p style=\"text-align: justify\"><u>Buchs A<\/u>., 2013. L\u2019analyse de discours par la m\u00e9thode Alceste. Application au discours \u201cp\u00e9nurique\u201d en Espagne. <em>S\u00e9minaire AMI : approches et m\u00e9thodologies interdisciplinaires (AMI)<\/em>, Institut de g\u00e9ographie et durabilit\u00e9, UNIL (Suisse), 13 d\u00e9cembre.<\/p>\n<p style=\"text-align: justify\"><u>Buchs A<\/u>., 2013. The water use mode in Morocco and in Spain. Characterising and understanding institutional change. S\u00e9minaire<em> Institutional Regimes: Conceptual Aspects<\/em>, Swiss Public Administration Network, Institut des hautes \u00e9tudes en administration publique (IDHEAP), Thonon-les-Bains (France), 4-5 f\u00e9vrier.<\/p>\n<p style=\"text-align: justify\"><u>Buchs A<\/u>., 2010. La gestion des ressources en eau \u00e0 Almeria (Andalousie)\u00a0: une lecture en termes de \u201cTrag\u00e9die des biens communs\u201d. S\u00e9minaire<em> Possession, propri\u00e9t\u00e9 et d\u00e9veloppement soutenable<\/em> (dir. Rolf Steppacher), The Graduate Institute (Institut des hautes \u00e9tudes internationales et du d\u00e9veloppement), Gen\u00e8ve (Suisse), 27 mai.<\/p>\n<p style=\"text-align: justify\"><u>Buchs A<\/u>., 2010. La construction sociale de la p\u00e9nurie en eau \u00e0 Almeria (Andalousie). Une lecture institutionnaliste, historique et pragmatique. Journ\u00e9e d\u2019\u00e9tudes LEPII\u00a0:<em> Action collective et institutions. Quelle(s) cosmopolitique(s) du d\u00e9veloppement\u00a0?<\/em>, Universit\u00e9 Pierre Mend\u00e8s France, Grenoble (France), 22 mars.<\/p>\n<h4 style=\"text-align: justify\"><strong>Valorisation de la recherche<\/strong><\/h4>\n<p style=\"text-align: justify\">Alexandre O., <u>Buchs A.,\u00a0<\/u>Boudis M., 2006. L\u2019acc\u00e8s \u00e0 l\u2019eau potable\u00a0: l\u2019exigence sanitaire \u00e0 l\u2019\u00e9preuve des normes et des politiques de l\u2019eau. <em>15<sup>\u00e8me<\/sup> F\u00eate de la science<\/em>, Grenoble (France), 6 octobre.<\/p>\n","protected":false},"excerpt":{"rendered":"<p>Communications dans des colloques nationaux et internationaux\u00a0 Buchs A. et\u00a0Meinard Y., 2018. The deliberation-concession spectrum in environmental policy. 13e Congr\u00e8s du RIODD (RIODD 2018), Grenoble, 16-18 octobre. Buchs A., Calvo-Mendieta I., Petit O., Roman P., 2018. Construire une socio-\u00e9conomie \u00e9cologique des ressources en eau. Enjeux ontologiques, th\u00e9oriques et m\u00e9thodologiques.\u00a08e Congr\u00e8s de l\u2019AFEP: Crises et transitions [&hellip;]<\/p>\n","protected":false},"author":288,"featured_media":0,"parent":0,"menu_order":3,"comment_status":"closed","ping_status":"closed","template":"","meta":{"footnotes":""},"class_list":["post-9","page","type-page","status-publish","hentry","post-preview"],"_links":{"self":[{"href":"https:\/\/blogs.univ-tlse2.fr\/buchs\/wp-json\/wp\/v2\/pages\/9","targetHints":{"allow":["GET"]}}],"collection":[{"href":"https:\/\/blogs.univ-tlse2.fr\/buchs\/wp-json\/wp\/v2\/pages"}],"about":[{"href":"https:\/\/blogs.univ-tlse2.fr\/buchs\/wp-json\/wp\/v2\/types\/page"}],"author":[{"embeddable":true,"href":"https:\/\/blogs.univ-tlse2.fr\/buchs\/wp-json\/wp\/v2\/users\/288"}],"replies":[{"embeddable":true,"href":"https:\/\/blogs.univ-tlse2.fr\/buchs\/wp-json\/wp\/v2\/comments?post=9"}],"version-history":[{"count":39,"href":"https:\/\/blogs.univ-tlse2.fr\/buchs\/wp-json\/wp\/v2\/pages\/9\/revisions"}],"predecessor-version":[{"id":521,"href":"https:\/\/blogs.univ-tlse2.fr\/buchs\/wp-json\/wp\/v2\/pages\/9\/revisions\/521"}],"wp:attachment":[{"href":"https:\/\/blogs.univ-tlse2.fr\/buchs\/wp-json\/wp\/v2\/media?parent=9"}],"curies":[{"name":"wp","href":"https:\/\/api.w.org\/{rel}","templated":true}]}}