 {"id":15,"date":"2014-03-14T15:14:50","date_gmt":"2014-03-14T14:14:50","guid":{"rendered":"https:\/\/blogs.univ-tlse2.fr\/burgos\/?page_id=15"},"modified":"2015-01-07T09:39:07","modified_gmt":"2015-01-07T08:39:07","slug":"tarifs-et-calendrier","status":"publish","type":"page","link":"https:\/\/blogs.univ-tlse2.fr\/burgos\/es\/tarifs-et-calendrier\/","title":{"rendered":"(Fran\u00e7ais) Tarifs et calendrier"},"content":{"rendered":"<p class=\"qtranxs-available-languages-message qtranxs-available-languages-message-es\">Disculpa, pero esta entrada est\u00e1 disponible s\u00f3lo en <a href=\"https:\/\/blogs.univ-tlse2.fr\/burgos\/fr\/wp-json\/wp\/v2\/pages\/15\" class=\"qtranxs-available-language-link qtranxs-available-language-link-fr\" title=\"Fran\u00e7ais\">Fran\u00e7ais<\/a>.<\/p>","protected":false},"excerpt":{"rendered":"<p>Disculpa, pero esta entrada est\u00e1 disponible s\u00f3lo en Fran\u00e7ais.<\/p>\n","protected":false},"author":1,"featured_media":0,"parent":0,"menu_order":0,"comment_status":"closed","ping_status":"closed","template":"","meta":{"footnotes":""},"class_list":["post-15","page","type-page","status-publish","hentry"],"_links":{"self":[{"href":"https:\/\/blogs.univ-tlse2.fr\/burgos\/es\/wp-json\/wp\/v2\/pages\/15","targetHints":{"allow":["GET"]}}],"collection":[{"href":"https:\/\/blogs.univ-tlse2.fr\/burgos\/es\/wp-json\/wp\/v2\/pages"}],"about":[{"href":"https:\/\/blogs.univ-tlse2.fr\/burgos\/es\/wp-json\/wp\/v2\/types\/page"}],"author":[{"embeddable":true,"href":"https:\/\/blogs.univ-tlse2.fr\/burgos\/es\/wp-json\/wp\/v2\/users\/1"}],"replies":[{"embeddable":true,"href":"https:\/\/blogs.univ-tlse2.fr\/burgos\/es\/wp-json\/wp\/v2\/comments?post=15"}],"version-history":[{"count":3,"href":"https:\/\/blogs.univ-tlse2.fr\/burgos\/es\/wp-json\/wp\/v2\/pages\/15\/revisions"}],"predecessor-version":[{"id":97,"href":"https:\/\/blogs.univ-tlse2.fr\/burgos\/es\/wp-json\/wp\/v2\/pages\/15\/revisions\/97"}],"wp:attachment":[{"href":"https:\/\/blogs.univ-tlse2.fr\/burgos\/es\/wp-json\/wp\/v2\/media?parent=15"}],"curies":[{"name":"wp","href":"https:\/\/api.w.org\/{rel}","templated":true}]}}