 {"id":78,"date":"2014-03-14T16:41:33","date_gmt":"2014-03-14T15:41:33","guid":{"rendered":"https:\/\/blogs.univ-tlse2.fr\/burgos\/?page_id=78"},"modified":"2015-01-07T09:37:34","modified_gmt":"2015-01-07T08:37:34","slug":"les-candidats-aux-concours","status":"publish","type":"page","link":"https:\/\/blogs.univ-tlse2.fr\/burgos\/es\/les-candidats-aux-concours\/","title":{"rendered":"(Fran\u00e7ais) Les candidats aux concours"},"content":{"rendered":"<p class=\"qtranxs-available-languages-message qtranxs-available-languages-message-es\">Disculpa, pero esta entrada est\u00e1 disponible s\u00f3lo en <a href=\"https:\/\/blogs.univ-tlse2.fr\/burgos\/fr\/wp-json\/wp\/v2\/pages\/78\" class=\"qtranxs-available-language-link qtranxs-available-language-link-fr\" title=\"Fran\u00e7ais\">Fran\u00e7ais<\/a>.<\/p>","protected":false},"excerpt":{"rendered":"<p>Disculpa, pero esta entrada est\u00e1 disponible s\u00f3lo en Fran\u00e7ais.<\/p>\n","protected":false},"author":1,"featured_media":0,"parent":0,"menu_order":0,"comment_status":"closed","ping_status":"closed","template":"","meta":{"footnotes":""},"class_list":["post-78","page","type-page","status-publish","hentry"],"_links":{"self":[{"href":"https:\/\/blogs.univ-tlse2.fr\/burgos\/es\/wp-json\/wp\/v2\/pages\/78","targetHints":{"allow":["GET"]}}],"collection":[{"href":"https:\/\/blogs.univ-tlse2.fr\/burgos\/es\/wp-json\/wp\/v2\/pages"}],"about":[{"href":"https:\/\/blogs.univ-tlse2.fr\/burgos\/es\/wp-json\/wp\/v2\/types\/page"}],"author":[{"embeddable":true,"href":"https:\/\/blogs.univ-tlse2.fr\/burgos\/es\/wp-json\/wp\/v2\/users\/1"}],"replies":[{"embeddable":true,"href":"https:\/\/blogs.univ-tlse2.fr\/burgos\/es\/wp-json\/wp\/v2\/comments?post=78"}],"version-history":[{"count":3,"href":"https:\/\/blogs.univ-tlse2.fr\/burgos\/es\/wp-json\/wp\/v2\/pages\/78\/revisions"}],"predecessor-version":[{"id":188,"href":"https:\/\/blogs.univ-tlse2.fr\/burgos\/es\/wp-json\/wp\/v2\/pages\/78\/revisions\/188"}],"wp:attachment":[{"href":"https:\/\/blogs.univ-tlse2.fr\/burgos\/es\/wp-json\/wp\/v2\/media?parent=78"}],"curies":[{"name":"wp","href":"https:\/\/api.w.org\/{rel}","templated":true}]}}