 {"id":80,"date":"2014-03-14T16:44:12","date_gmt":"2014-03-14T15:44:12","guid":{"rendered":"https:\/\/blogs.univ-tlse2.fr\/burgos\/?page_id=80"},"modified":"2015-01-07T09:37:18","modified_gmt":"2015-01-07T08:37:18","slug":"les-amateurs-de-culture","status":"publish","type":"page","link":"https:\/\/blogs.univ-tlse2.fr\/burgos\/es\/les-amateurs-de-culture\/","title":{"rendered":"(Fran\u00e7ais) Les amateurs de culture"},"content":{"rendered":"<p class=\"qtranxs-available-languages-message qtranxs-available-languages-message-es\">Disculpa, pero esta entrada est\u00e1 disponible s\u00f3lo en <a href=\"https:\/\/blogs.univ-tlse2.fr\/burgos\/fr\/wp-json\/wp\/v2\/pages\/80\" class=\"qtranxs-available-language-link qtranxs-available-language-link-fr\" title=\"Fran\u00e7ais\">Fran\u00e7ais<\/a>.<\/p>","protected":false},"excerpt":{"rendered":"<p>Disculpa, pero esta entrada est\u00e1 disponible s\u00f3lo en Fran\u00e7ais.<\/p>\n","protected":false},"author":1,"featured_media":0,"parent":0,"menu_order":0,"comment_status":"closed","ping_status":"closed","template":"","meta":{"footnotes":""},"class_list":["post-80","page","type-page","status-publish","hentry"],"_links":{"self":[{"href":"https:\/\/blogs.univ-tlse2.fr\/burgos\/es\/wp-json\/wp\/v2\/pages\/80","targetHints":{"allow":["GET"]}}],"collection":[{"href":"https:\/\/blogs.univ-tlse2.fr\/burgos\/es\/wp-json\/wp\/v2\/pages"}],"about":[{"href":"https:\/\/blogs.univ-tlse2.fr\/burgos\/es\/wp-json\/wp\/v2\/types\/page"}],"author":[{"embeddable":true,"href":"https:\/\/blogs.univ-tlse2.fr\/burgos\/es\/wp-json\/wp\/v2\/users\/1"}],"replies":[{"embeddable":true,"href":"https:\/\/blogs.univ-tlse2.fr\/burgos\/es\/wp-json\/wp\/v2\/comments?post=80"}],"version-history":[{"count":5,"href":"https:\/\/blogs.univ-tlse2.fr\/burgos\/es\/wp-json\/wp\/v2\/pages\/80\/revisions"}],"predecessor-version":[{"id":189,"href":"https:\/\/blogs.univ-tlse2.fr\/burgos\/es\/wp-json\/wp\/v2\/pages\/80\/revisions\/189"}],"wp:attachment":[{"href":"https:\/\/blogs.univ-tlse2.fr\/burgos\/es\/wp-json\/wp\/v2\/media?parent=80"}],"curies":[{"name":"wp","href":"https:\/\/api.w.org\/{rel}","templated":true}]}}