 {"id":104,"date":"2014-03-18T14:36:05","date_gmt":"2014-03-18T13:36:05","guid":{"rendered":"https:\/\/blogs.univ-tlse2.fr\/burgos\/?page_id=104"},"modified":"2015-01-07T09:36:10","modified_gmt":"2015-01-07T08:36:10","slug":"hebergement","status":"publish","type":"page","link":"https:\/\/blogs.univ-tlse2.fr\/burgos\/hebergement\/","title":{"rendered":"H\u00e9bergement"},"content":{"rendered":"<p><a href=\"https:\/\/blogs.univ-tlse2.fr\/burgos\/files\/2014\/03\/2011_groupe-EOI_DSC01239.jpg\"><img loading=\"lazy\" decoding=\"async\" src=\"https:\/\/blogs.univ-tlse2.fr\/burgos\/files\/2014\/03\/2011_groupe-EOI_DSC01239-1024x768.jpg\" alt=\"2011_groupe EOI_DSC01239\" width=\"474\" height=\"355\" class=\"alignnone size-large wp-image-219\" srcset=\"https:\/\/blogs.univ-tlse2.fr\/burgos\/files\/2014\/03\/2011_groupe-EOI_DSC01239-1024x768.jpg 1024w, https:\/\/blogs.univ-tlse2.fr\/burgos\/files\/2014\/03\/2011_groupe-EOI_DSC01239-300x225.jpg 300w\" sizes=\"auto, (max-width: 474px) 100vw, 474px\" \/><\/a><\/p>\n<p>L&rsquo;inscription aux cours ne comprend pas l&rsquo;h\u00e9bergement qui reste \u00e0 la charge de l&rsquo;\u00e9tudiant. N\u00e9anmoins, nous pouvons vous aider dans la recherche d&rsquo;un logement. Si vous souhaitez que nous nous occupions d&rsquo;effectuer votre r\u00e9servation, veuillez nous contacter le plus t\u00f4t possible.<\/p>\n<p><strong>Deux formules vous sont propos\u00e9es :<\/strong><\/p>\n<table border=\"1\" cellspacing=\"2\" cellpadding=\"2\">\n<tbody>\n<tr>\n<td><big><big>H\u00e9bergement en famille (mis \u00e0 jour 17 jan. 2014)<\/big><\/big><\/td>\n<td><big><big>Pension compl\u00e8te<\/big><\/big><\/td>\n<\/tr>\n<tr>\n<td><big><big>Chambre individuelle<\/big><\/big><\/td>\n<td><big><big>28 \u20ac\/jour<\/big><\/big><\/td>\n<\/tr>\n<tr>\n<td><big><big>Chambre double<\/big><\/big><\/td>\n<td><big><big>26 \u20ac\/jour<\/big><\/big><\/p>\n<p>&nbsp;<\/td>\n<\/tr>\n<\/tbody>\n<\/table>\n<p>&nbsp;<\/p>\n<p>L&rsquo;h\u00e9bergement comprend le petit d\u00e9jeuner, le d\u00e9jeuner et le repas du soir, y compris les jours d&rsquo;excursions. Ces familles sont choisies selon des crit\u00e8res de s\u00e9lection tr\u00e8s stricts : qualit\u00e9 des repas et des lieux, disponibilit\u00e9, convivialit\u00e9 &#8230;<br \/>\nAfin de ne pas perturber h\u00f4tes et r\u00e9sidents par des changements intempestifs, l&rsquo;affectation de chaque \u00e9tudiant dans une famille commence lorsque les groupes sont arr\u00eat\u00e9s. Ne soyez donc pas impatients vous ne feriez que ralentir et retarder le processus. Consultez le \u00ab\u00a0Journal de bord\u00a0\u00bb qui vous tiendra r\u00e9guli\u00e8rement inform\u00e9s. La derni\u00e8re semaine ce Journal peut comporter plusieurs messages par jour. Pensez \u00e0 trouver un moyen de le consulter \u00e0 tout moment et surtout en cas de probl\u00e8me. Pour d\u00e9terminer les dates d&rsquo;arriv\u00e9e et de d\u00e9part, privil\u00e9giez les dates de votre moyen de transport sur celles de votre logement qui sont plus flexibles. Quelle que soit l&rsquo;heure \u00e0 laquelle vous arriverez vous serez pris en charge directement par les familles. La gare routi\u00e8re est au centre de Burgos, \u00e0 100m de la cath\u00e9drale et du Colegio Mayor San Jeronimo. La gare ferroviaire est \u00e0 l&rsquo;ext\u00e9rieur de la ville et elle est desservie par un bus de ville. L&rsquo;a\u00e9roport est \u00e0 quelques kilom\u00e8tres. En cas de probl\u00e8me, pr\u00e9sentez vous au Colegio Mayor qui vous h\u00e9bergera quoi qu&rsquo;il arrive.<\/p>\n<p>&nbsp;<\/p>\n<table border=\"1\" cellspacing=\"2\" cellpadding=\"2\">\n<tbody>\n<tr>\n<td rowspan=\"2\" colspan=\"1\"><big><big>H\u00e9bergement en r\u00e9sidence<br \/>\n<small>Colegio Mayor San Jeronimo<br \/>\n( en attente de confirmation par le CM. Se espera confirmacion del CM)<\/small><\/big><\/big><\/td>\n<td rowspan=\"1\" colspan=\"4\"><big><big>Pension compl\u00e8te (\u20ac\/jour)<br \/>\n<\/big><\/big><big><big>Nombre de semaines (<small>en attente de confirmation par le CM.<\/small>\u00a0<\/big><\/big><big><big><small>Se espera confirmacion del CM<\/small><\/big><\/big><big><big>)<\/big><\/big><\/td>\n<\/tr>\n<tr>\n<td><big><big>1<\/big><\/big><\/td>\n<td><big><big>2<\/big><\/big><\/td>\n<td><big><big>3<\/big><\/big><\/td>\n<td><big><big>4<br \/>\n<\/big><\/big><\/td>\n<\/tr>\n<tr>\n<td><big><big>Chambre individuelle<\/big><\/big><\/td>\n<td><big><big>36<\/big><\/big><\/td>\n<td><big><big>30<\/big><\/big><\/td>\n<td><big><big>27<\/big><\/big><\/td>\n<td><big><big>25<\/big><\/big><\/td>\n<\/tr>\n<tr>\n<td><big><big>Chambre double<\/big><\/big><\/td>\n<td><big><big>31<\/big><\/big><\/td>\n<td><big><big>28<\/big><\/big><\/td>\n<td><big><big>25<\/big><\/big><\/td>\n<td><big><big>23<\/big><\/big><\/p>\n<p>&nbsp;<\/td>\n<\/tr>\n<\/tbody>\n<\/table>\n<p>&nbsp;<\/p>\n<p>Le Colegio Mayor San Jeronimo est une r\u00e9sidence au coeur m\u00eame de la ville, tout pr\u00e8s de la cath\u00e9drale, \u00e0 20 minutes \u00e0 pied de la Escuela Oficial de Idiomas. L&rsquo;entr\u00e9e principale se trouve calle Martinez del Campo au num\u00e9ro 10 (voir page \u00ab\u00a0Comment venir\u00a0\u00bb). A l&rsquo;arri\u00e8re, calle Nu\u00f1o Rasura, se trouve l&rsquo;entr\u00e9e la plus ancienne qui dispose d&rsquo;une sonnette d&rsquo;urgence. En juillet, du lundi au vendredi la conciergerie (entr\u00e9e principale) est ouverte de 8h \u00e0 21h. Une fois install\u00e9 vous disposerez d&rsquo;une cl\u00e9. Lorsque les cours commencent le lundi, la plupart d&rsquo;entre vous arrive le samedi et surtout le dimanche. La conciergerie est alors ferm\u00e9e. Mi-juin 2014 vous trouverez sur le journal de bord un num\u00e9ro d&rsquo;appel et une adresse \u00e9lectronique. D\u00e9but juillet, nous y mentionnerons des indications concernant votre accueil au Colegio Mayor. Les chambres n&rsquo;ont pas de salle de bains individuelle mais il y a un ascenseur, des salles de r\u00e9union, une salle de cafeteria autog\u00e9r\u00e9e, un r\u00e9fectoire, un ordinateur avec connexion internet, une couverture wifi, un local \u00e0 v\u00e9lo, un clo\u00eetre. Si vous venez avec votre famille, ils pourront trouver \u00e0 se loger une ou deux nuits au Colegio Mayor. Voyez avec eux. Si vous souhaitez que nous nous occupions de votre r\u00e9servation veuillez prendre contact tr\u00e8s rapidement, le nombre de places \u00e9tant limit\u00e9 au Colegio Mayor San Jeronimo les r\u00e9servations doivent \u00eatre arr\u00eat\u00e9es avant le 20 juin 2014. D\u00e8s le d\u00e9but juin nous leur transmettons la liste des \u00e9tudiants interess\u00e9s. Nous tenons \u00e0 pr\u00e9ciser que nous ne percevons aucune commission pour ces services.<br \/>\nEn raison m\u00eame de la gestion complexe des chambres consultez le journal de bord pour avoir les informations les plus r\u00e9centes notamment en ce qui concerne les disponibilit\u00e9s et le paiement.<\/p>\n<p style=\"text-align: center\"><strong>R\u00e9f\u00e9rence du compte du Colegio Mayor San Jeronimo :<\/strong><\/p>\n<p style=\"text-align: center\"><strong><\/strong><br \/>\nCode confirm\u00e9 par le Colegio Mayor<br \/>\nVous aurez besoin du code IBAN et du code SWIFF<br \/>\nBanco Santander<br \/>\nCCC: 0049 6738 56 2016023156<br \/>\nIBAN ES46 0049 6738 5620 1602 3156<br \/>\nSWIFF BSCHESMM<\/p>\n<p style=\"text-align: left\">\nVous pr\u00e9ciserez sur votre versement que le virement est au titre des Cursos M\u00e9rim\u00e9e ainsi que la dur\u00e9e du s\u00e9jour en semaines (ex. : 2 sem.), en semaines et jours (ex.: 2 sem+2dias), en jours (ex.: 2 dias)<\/p>\n<p><\/p>","protected":false},"excerpt":{"rendered":"<p>L&rsquo;inscription aux cours ne comprend pas l&rsquo;h\u00e9bergement qui reste \u00e0 la charge de l&rsquo;\u00e9tudiant. N\u00e9anmoins, nous pouvons vous aider dans la recherche d&rsquo;un logement. Si vous souhaitez que nous nous occupions d&rsquo;effectuer votre r\u00e9servation, veuillez nous contacter le plus t\u00f4t possible. Deux formules vous sont propos\u00e9es : H\u00e9bergement en famille (mis \u00e0 jour 17 jan. &hellip; <a href=\"https:\/\/blogs.univ-tlse2.fr\/burgos\/hebergement\/\" class=\"more-link\">Continuer la lecture de <span class=\"screen-reader-text\">H\u00e9bergement<\/span>  <span class=\"meta-nav\">&rarr;<\/span><\/a><\/p>\n","protected":false},"author":233,"featured_media":0,"parent":0,"menu_order":0,"comment_status":"closed","ping_status":"closed","template":"","meta":{"footnotes":""},"class_list":["post-104","page","type-page","status-publish","hentry"],"_links":{"self":[{"href":"https:\/\/blogs.univ-tlse2.fr\/burgos\/wp-json\/wp\/v2\/pages\/104","targetHints":{"allow":["GET"]}}],"collection":[{"href":"https:\/\/blogs.univ-tlse2.fr\/burgos\/wp-json\/wp\/v2\/pages"}],"about":[{"href":"https:\/\/blogs.univ-tlse2.fr\/burgos\/wp-json\/wp\/v2\/types\/page"}],"author":[{"embeddable":true,"href":"https:\/\/blogs.univ-tlse2.fr\/burgos\/wp-json\/wp\/v2\/users\/233"}],"replies":[{"embeddable":true,"href":"https:\/\/blogs.univ-tlse2.fr\/burgos\/wp-json\/wp\/v2\/comments?post=104"}],"version-history":[{"count":3,"href":"https:\/\/blogs.univ-tlse2.fr\/burgos\/wp-json\/wp\/v2\/pages\/104\/revisions"}],"predecessor-version":[{"id":106,"href":"https:\/\/blogs.univ-tlse2.fr\/burgos\/wp-json\/wp\/v2\/pages\/104\/revisions\/106"}],"wp:attachment":[{"href":"https:\/\/blogs.univ-tlse2.fr\/burgos\/wp-json\/wp\/v2\/media?parent=104"}],"curies":[{"name":"wp","href":"https:\/\/api.w.org\/{rel}","templated":true}]}}