 {"id":107,"date":"2014-03-18T14:49:46","date_gmt":"2014-03-18T13:49:46","guid":{"rendered":"https:\/\/blogs.univ-tlse2.fr\/burgos\/?page_id=107"},"modified":"2015-01-07T09:36:59","modified_gmt":"2015-01-07T08:36:59","slug":"inscriptions","status":"publish","type":"page","link":"https:\/\/blogs.univ-tlse2.fr\/burgos\/inscriptions\/","title":{"rendered":"Inscriptions"},"content":{"rendered":"<p>Vous devez remplir la fiche d&rsquo;inscription qui se trouve sur la page correspondante du site et l&rsquo;adresser avant le 25 juin \u00e0 :<\/p>\n<p style=\"text-align: center\"><strong>Universit\u00e9 de Toulouse-Le Mirail<\/strong><br \/>\nCours d&rsquo;\u00e9t\u00e9 de Burgos<br \/>\nSecr\u00e9tariat du d\u00e9partement d&rsquo;\u00e9tudes hispaniques<br \/>\n5, all\u00e9es Antonio Machado<br \/>\n31058 Toulouse cedex 9<\/p>\n<p>Si le secr\u00e9tariat est indisponible apr\u00e8s cette date en raison des vacances d&rsquo;\u00e9t\u00e9 contactez par t\u00e9l\u00e9phone le<\/p>\n<p style=\"text-align: center\"><strong>Secr\u00e9tariat des Cours M\u00e9rim\u00e9e-De Sebasti\u00e1n<\/strong><br \/>\nEscuela Oficial de Idiomas<br \/>\nc\/ Batalla de Villalar s\/n<br \/>\n09006 Burgos Espagne<br \/>\ndepuis la France : 00 34 947 22 00 98<\/p>\n<p><strong>Quelques points \u00e0 consid\u00e9rer lorsque vous remplissez la fiche :<\/strong><\/p>\n<ul>\n<li>n&rsquo;oubliez pas d&rsquo;indiquer <strong>vos num\u00e9ros de t\u00e9l\u00e9phone et votre e-mail<\/strong>. Pensez comment consulter votre messagerie lorsque vous serez \u00e0 Burgos.<\/li>\n<li>Indiquez-nous <strong>le type d&rsquo;\u00e9tudes que vous menez<\/strong> afin de vous pr\u00e9-orienter au mieux le plus rapidement possible.<\/li>\n<li><strong>Si vous pr\u00e9parez des concours<\/strong> indiquez lesquels et votre exp\u00e9rience en la mati\u00e8re (1\u00e8re fois, 2\u00e8me, autre concours), la nature du concours pr\u00e9par\u00e9.<\/li>\n<li>Indiquez si vous n&rsquo;\u00eates pas concern\u00e9s par une \u00e9valuation universitaire et <strong>si vous venez pour d\u00e9couvrir ou re-d\u00e9couvrir l&rsquo;Espagne<\/strong>.<\/li>\n<li>Si vous \u00eates int\u00e9ress\u00e9 par <strong>une formation renforc\u00e9e (Renforcement Excellence ou renforcement concours)<\/strong> vous pouvez le d\u00e9cider d\u00e8s maintenant et adresser le ch\u00e8que du montant correspondant \u00e0 l&rsquo;Agent comptable de l&rsquo;Universit\u00e9. <strong>C&rsquo;est la solution la plus simple et la plus efficace qui permet une organisation pr\u00e9alable.<\/strong> Vous pourrez \u00e9galement choisir une session de renforcement (10h) sur place ou m\u00eame en choisir plusieurs. Mais attention, vous devez pr\u00e9voir que vous aurez \u00e0 r\u00e9gler sur place \u00e0 Burgos en versant les sommes correspondantes sur un compte que l&rsquo;Universit\u00e9 de Toulouse2-Le Mirail poss\u00e8de aupr\u00e8s d&rsquo;une banque espagnole qui n&rsquo;accepte pas les ch\u00e8ques fran\u00e7ais. Bien entendu, il vous sera remis une pi\u00e8ce comptable attestant de vos versements<\/li>\n<\/ul>\n<p><strong>Quelques recommandations :<\/strong><\/p>\n<ul>\n<li>V\u00e9rifiez que vous \u00eates couvert par <strong>une assurance lors de vos d\u00e9placements<\/strong> et notamment \u00e0 l&rsquo;\u00e9tranger.<\/li>\n<li>V\u00e9rifiez <strong>la validit\u00e9 des diff\u00e9rents documents<\/strong> (pi\u00e8ces d&rsquo;identit\u00e9, permis de conduire, carte europ\u00e9enne d&rsquo;assurance sociale).<\/li>\n<li><span style=\"line-height: 1.5\">V\u00e9rifiez que vous pourrez <strong>joindre ais\u00e9ment vos familles<\/strong> durant la dur\u00e9e de votre s\u00e9jour (t\u00e9l\u00e9phonie mobile, messagerie depuis l&rsquo;\u00e9tranger, personnes r\u00e9f\u00e9rentes).<\/span><\/li>\n<li><strong><span style=\"line-height: 1.5\">Prenez les pr\u00e9cautions d&rsquo;usage quelques jours avant le d\u00e9part et durant votre voyage.<\/span><\/strong><\/li>\n<\/ul>\n<p><em>L\u00e9gende photos : (gauche) inauguration 2009 Instituto Cardenal Mendoza, (centre) un groupe en 2011, (droite) inauguration 2011, Salon de Actos, Casa del Cordon, Caja Burgos. En pr\u00e9sence des repr\u00e9sentants des personnalit\u00e9s locales repr\u00e9sentant les Institutions qui soutiennent les Cours : Junta de Castilla y Leon, Diputacion Provincial, Ayuntamiento, Universidad de Burgos, Instituto de la lengua, Caja Burgos, Caja Circulo.<\/em><\/p>","protected":false},"excerpt":{"rendered":"<p>Vous devez remplir la fiche d&rsquo;inscription qui se trouve sur la page correspondante du site et l&rsquo;adresser avant le 25 juin \u00e0 : Universit\u00e9 de Toulouse-Le Mirail Cours d&rsquo;\u00e9t\u00e9 de Burgos Secr\u00e9tariat du d\u00e9partement d&rsquo;\u00e9tudes hispaniques 5, all\u00e9es Antonio Machado 31058 Toulouse cedex 9 Si le secr\u00e9tariat est indisponible apr\u00e8s cette date en raison des &hellip; <a href=\"https:\/\/blogs.univ-tlse2.fr\/burgos\/inscriptions\/\" class=\"more-link\">Continuer la lecture de <span class=\"screen-reader-text\">Inscriptions<\/span>  <span class=\"meta-nav\">&rarr;<\/span><\/a><\/p>\n","protected":false},"author":233,"featured_media":0,"parent":0,"menu_order":0,"comment_status":"closed","ping_status":"closed","template":"","meta":{"footnotes":""},"class_list":["post-107","page","type-page","status-publish","hentry"],"_links":{"self":[{"href":"https:\/\/blogs.univ-tlse2.fr\/burgos\/wp-json\/wp\/v2\/pages\/107","targetHints":{"allow":["GET"]}}],"collection":[{"href":"https:\/\/blogs.univ-tlse2.fr\/burgos\/wp-json\/wp\/v2\/pages"}],"about":[{"href":"https:\/\/blogs.univ-tlse2.fr\/burgos\/wp-json\/wp\/v2\/types\/page"}],"author":[{"embeddable":true,"href":"https:\/\/blogs.univ-tlse2.fr\/burgos\/wp-json\/wp\/v2\/users\/233"}],"replies":[{"embeddable":true,"href":"https:\/\/blogs.univ-tlse2.fr\/burgos\/wp-json\/wp\/v2\/comments?post=107"}],"version-history":[{"count":5,"href":"https:\/\/blogs.univ-tlse2.fr\/burgos\/wp-json\/wp\/v2\/pages\/107\/revisions"}],"predecessor-version":[{"id":151,"href":"https:\/\/blogs.univ-tlse2.fr\/burgos\/wp-json\/wp\/v2\/pages\/107\/revisions\/151"}],"wp:attachment":[{"href":"https:\/\/blogs.univ-tlse2.fr\/burgos\/wp-json\/wp\/v2\/media?parent=107"}],"curies":[{"name":"wp","href":"https:\/\/api.w.org\/{rel}","templated":true}]}}